{"id":28548,"date":"2023-09-11T10:03:40","date_gmt":"2023-09-11T15:03:40","guid":{"rendered":"https:\/\/globaltraining.com\/?post_type=product&#038;p=28548"},"modified":"2024-12-06T09:41:24","modified_gmt":"2024-12-06T15:41:24","slug":"orientacion-para-nuevos-empleados","status":"publish","type":"product","link":"https:\/\/globaltraining.com\/es\/product\/new-hire-orientation\/","title":{"rendered":"Nueva orientaci\u00f3n de alquiler"},"content":{"rendered":"<h2>La gu\u00eda definitiva para la orientaci\u00f3n de nuevos empleados<\/h2>\n<p>Bienvenido a nuestro curso integral sobre orientaci\u00f3n para nuevos empleados. En el competitivo mercado laboral actual, garantizar una transici\u00f3n fluida para los nuevos empleados es vital. Este curso est\u00e1 dise\u00f1ado para brindarle el conocimiento y las herramientas necesarias para crear un programa exitoso de orientaci\u00f3n para nuevos empleados que fomente el compromiso, la productividad y la retenci\u00f3n.<\/p>\n<h2>Orientaci\u00f3n para nuevos empleados: preparando el escenario para el \u00e9xito<\/h2>\n<p>La orientaci\u00f3n para los nuevos empleados es el primer paso fundamental para aclimatar a sus nuevos empleados a la cultura, las pol\u00edticas y las expectativas de su organizaci\u00f3n. Es m\u00e1s que una simple introducci\u00f3n; es la base sobre la que se construye un viaje laboral exitoso.<\/p>\n<p>Nuestros instructores expertos lo guiar\u00e1n a trav\u00e9s del proceso de dise\u00f1o e implementaci\u00f3n de un programa eficaz de orientaci\u00f3n para nuevos empleados. Desde la creaci\u00f3n de materiales de incorporaci\u00f3n atractivos hasta la realizaci\u00f3n de sesiones de orientaci\u00f3n impactantes, aprender\u00e1 las mejores pr\u00e1cticas que preparar\u00e1n el escenario para el \u00e9xito a largo plazo.<\/p>\n<h2>Los beneficios de la orientaci\u00f3n para nuevos empleados<\/h2>\n<p>Invertir en la orientaci\u00f3n de los empleados ofrece numerosos beneficios tanto para la organizaci\u00f3n como para los nuevos empleados. Estas son algunas de las ventajas clave:<\/p>\n<ul>\n<li>**Productividad acelerada**: los programas de orientaci\u00f3n bien estructurados ayudan a los nuevos empleados a convertirse en miembros productivos del equipo m\u00e1s r\u00e1pidamente.<\/li>\n<li>**Retenci\u00f3n mejorada**: los empleados que reciben una introducci\u00f3n adecuada a la empresa tienen m\u00e1s probabilidades de permanecer en sus funciones a largo plazo.<\/li>\n<li>**Asimilaci\u00f3n cultural**: Los programas de orientaci\u00f3n ayudan a los nuevos empleados a comprender y adoptar la cultura y los valores de la empresa.<\/li>\n<li>**Reducci\u00f3n de la rotaci\u00f3n**: al abordar las preguntas e inquietudes con anticipaci\u00f3n, puede reducir la probabilidad de que los nuevos empleados se vayan debido a la incertidumbre o la insatisfacci\u00f3n.<\/li>\n<\/ul>\n<h2>Dise\u00f1o de su programa de orientaci\u00f3n para empleados<\/h2>\n<p>La creaci\u00f3n de un programa de orientaci\u00f3n para empleados exitoso requiere una planificaci\u00f3n y ejecuci\u00f3n cuidadosas. En esta secci\u00f3n, cubriremos los pasos esenciales para dise\u00f1ar un programa adaptado a las necesidades de su organizaci\u00f3n:<\/p>\n<ol>\n<li>**Eval\u00fae sus necesidades**: identifique qu\u00e9 informaci\u00f3n y habilidades necesitan los nuevos empleados para sobresalir en sus funciones.<\/li>\n<li>**Desarrollar materiales**: cree materiales atractivos, desde kits de bienvenida hasta manuales de capacitaci\u00f3n.<\/li>\n<li>**Planifique el cronograma**: determine el cronograma para la orientaci\u00f3n, incluida la agenda de los primeros d\u00edas o semanas.<\/li>\n<li>**Involucrar a los capacitadores**: seleccione y capacite a empleados con experiencia para que realicen sesiones de orientaci\u00f3n.<\/li>\n<li>**Comentarios y mejoras**: recopile continuamente comentarios de nuevos empleados para perfeccionar y mejorar su programa.<\/li>\n<\/ol>\n<h2>Su camino hacia una incorporaci\u00f3n exitosa<\/h2>\n<p>Al final de este curso, tendr\u00e1 todas las herramientas y el conocimiento necesarios para crear un programa de orientaci\u00f3n para nuevos empleados que se destaque. No pierda esta oportunidad de mejorar el proceso de incorporaci\u00f3n de su organizaci\u00f3n y preparar a sus nuevos empleados para el \u00e9xito.<\/p>\n<p>Invierta en el futuro de su empresa inscribi\u00e9ndose hoy en este curso. \u00danase a innumerables organizaciones que se han beneficiado de nuestra experiencia y garantice un proceso de incorporaci\u00f3n fluido que aumente la productividad y la satisfacci\u00f3n de los empleados.<\/p>","protected":false},"excerpt":{"rendered":"<p>Dote a su organizaci\u00f3n de las habilidades para dise\u00f1ar e implementar programas eficaces de orientaci\u00f3n para nuevos empleados. Aumente la productividad y la retenci\u00f3n con una incorporaci\u00f3n perfecta.<\/p>","protected":false},"featured_media":27131,"template":"","meta":{"_et_pb_use_builder":"","_et_pb_old_content":"","_et_gb_content_width":""},"product_brand":[],"product_cat":[148,152,158],"product_tag":[],"class_list":{"0":"post-28548","1":"product","2":"type-product","3":"status-publish","4":"has-post-thumbnail","6":"product_cat-hr","7":"product_cat-management-training","8":"product_cat-onboarding","10":"first","11":"instock","12":"virtual","13":"sold-individually","14":"purchasable","15":"product-type-simple"},"yoast_head":"<!-- This site is optimized with the Yoast SEO plugin v27.4 - https:\/\/yoast.com\/product\/yoast-seo-wordpress\/ -->\n<title>New Hire Orientation - Global Safety &amp; Environmental<\/title>\n<meta name=\"description\" content=\"Transform your organization with our comprehensive new hire orientation course. Create engaging employee orientation programs for long-term benefits.\" \/>\n<meta name=\"robots\" content=\"index, follow, max-snippet:-1, max-image-preview:large, max-video-preview:-1\" \/>\n<link rel=\"canonical\" href=\"https:\/\/globaltraining.com\/es\/producto\/orientacion-para-nuevos-empleados\/\" \/>\n<meta property=\"og:locale\" content=\"es_MX\" \/>\n<meta property=\"og:type\" content=\"article\" \/>\n<meta property=\"og:title\" content=\"New Hire Orientation - Global Safety &amp; Environmental\" \/>\n<meta property=\"og:description\" content=\"Transform your organization with our comprehensive new hire orientation course. Create engaging employee orientation programs for long-term benefits.\" \/>\n<meta property=\"og:url\" content=\"https:\/\/globaltraining.com\/es\/producto\/orientacion-para-nuevos-empleados\/\" \/>\n<meta property=\"og:site_name\" content=\"Global Safety &amp; Environmental\" \/>\n<meta property=\"article:modified_time\" content=\"2024-12-06T15:41:24+00:00\" \/>\n<meta property=\"og:image\" content=\"https:\/\/globaltraining.com\/wp-content\/uploads\/2021\/09\/new-hire.jpg\" \/>\n\t<meta property=\"og:image:width\" content=\"1200\" \/>\n\t<meta property=\"og:image:height\" content=\"800\" \/>\n\t<meta property=\"og:image:type\" content=\"image\/jpeg\" \/>\n<meta name=\"twitter:card\" content=\"summary_large_image\" \/>\n<meta name=\"twitter:label1\" content=\"Est. reading time\" \/>\n\t<meta name=\"twitter:data1\" content=\"3 minutes\" \/>\n<script type=\"application\/ld+json\" class=\"yoast-schema-graph\">{\"@context\":\"https:\\\/\\\/schema.org\",\"@graph\":[{\"@type\":\"WebPage\",\"@id\":\"https:\\\/\\\/globaltraining.com\\\/product\\\/new-hire-orientation\\\/\",\"url\":\"https:\\\/\\\/globaltraining.com\\\/product\\\/new-hire-orientation\\\/\",\"name\":\"New Hire Orientation - Global Safety &amp; Environmental\",\"isPartOf\":{\"@id\":\"https:\\\/\\\/globaltraining.com\\\/#website\"},\"primaryImageOfPage\":{\"@id\":\"https:\\\/\\\/globaltraining.com\\\/product\\\/new-hire-orientation\\\/#primaryimage\"},\"image\":{\"@id\":\"https:\\\/\\\/globaltraining.com\\\/product\\\/new-hire-orientation\\\/#primaryimage\"},\"thumbnailUrl\":\"https:\\\/\\\/globaltraining.com\\\/wp-content\\\/uploads\\\/2021\\\/09\\\/new-hire.jpg\",\"datePublished\":\"2023-09-11T15:03:40+00:00\",\"dateModified\":\"2024-12-06T15:41:24+00:00\",\"description\":\"Transform your organization with our comprehensive new hire orientation course. Create engaging employee orientation programs for long-term benefits.\",\"breadcrumb\":{\"@id\":\"https:\\\/\\\/globaltraining.com\\\/product\\\/new-hire-orientation\\\/#breadcrumb\"},\"inLanguage\":\"es-MX\",\"potentialAction\":[{\"@type\":\"ReadAction\",\"target\":[\"https:\\\/\\\/globaltraining.com\\\/product\\\/new-hire-orientation\\\/\"]}]},{\"@type\":\"ImageObject\",\"inLanguage\":\"es-MX\",\"@id\":\"https:\\\/\\\/globaltraining.com\\\/product\\\/new-hire-orientation\\\/#primaryimage\",\"url\":\"https:\\\/\\\/globaltraining.com\\\/wp-content\\\/uploads\\\/2021\\\/09\\\/new-hire.jpg\",\"contentUrl\":\"https:\\\/\\\/globaltraining.com\\\/wp-content\\\/uploads\\\/2021\\\/09\\\/new-hire.jpg\",\"width\":1200,\"height\":800,\"caption\":\"Business people shaking hands after successful meeting\"},{\"@type\":\"BreadcrumbList\",\"@id\":\"https:\\\/\\\/globaltraining.com\\\/product\\\/new-hire-orientation\\\/#breadcrumb\",\"itemListElement\":[{\"@type\":\"ListItem\",\"position\":1,\"name\":\"Home\",\"item\":\"https:\\\/\\\/globaltraining.com\\\/\"},{\"@type\":\"ListItem\",\"position\":2,\"name\":\"Productos\",\"item\":\"https:\\\/\\\/globaltraining.com\\\/es\\\/shop\\\/\"},{\"@type\":\"ListItem\",\"position\":3,\"name\":\"New Hire Orientation\"}]},{\"@type\":\"WebSite\",\"@id\":\"https:\\\/\\\/globaltraining.com\\\/#website\",\"url\":\"https:\\\/\\\/globaltraining.com\\\/\",\"name\":\"Global Safety & Environmental\",\"description\":\"Full Service Health, Safety, and Environmental Courses\",\"publisher\":{\"@id\":\"https:\\\/\\\/globaltraining.com\\\/#organization\"},\"potentialAction\":[{\"@type\":\"SearchAction\",\"target\":{\"@type\":\"EntryPoint\",\"urlTemplate\":\"https:\\\/\\\/globaltraining.com\\\/?s={search_term_string}\"},\"query-input\":{\"@type\":\"PropertyValueSpecification\",\"valueRequired\":true,\"valueName\":\"search_term_string\"}}],\"inLanguage\":\"es-MX\"},{\"@type\":\"Organization\",\"@id\":\"https:\\\/\\\/globaltraining.com\\\/#organization\",\"name\":\"Global Safety & Environmental\",\"url\":\"https:\\\/\\\/globaltraining.com\\\/\",\"logo\":{\"@type\":\"ImageObject\",\"inLanguage\":\"es-MX\",\"@id\":\"https:\\\/\\\/globaltraining.com\\\/#\\\/schema\\\/logo\\\/image\\\/\",\"url\":\"https:\\\/\\\/globaltraining.com\\\/wp-content\\\/uploads\\\/2021\\\/01\\\/GSE-Logo-for-email.png\",\"contentUrl\":\"https:\\\/\\\/globaltraining.com\\\/wp-content\\\/uploads\\\/2021\\\/01\\\/GSE-Logo-for-email.png\",\"width\":400,\"height\":101,\"caption\":\"Global Safety & Environmental\"},\"image\":{\"@id\":\"https:\\\/\\\/globaltraining.com\\\/#\\\/schema\\\/logo\\\/image\\\/\"}}]}<\/script>\n<!-- \/ Yoast SEO plugin. -->","yoast_head_json":{"title":"Orientaci\u00f3n para nuevos empleados: seguridad y medio ambiente global","description":"Transforme su organizaci\u00f3n con nuestro completo curso de orientaci\u00f3n para nuevos empleados. Cree programas de orientaci\u00f3n atractivos para empleados que le proporcionen beneficios a largo plazo.","robots":{"index":"index","follow":"follow","max-snippet":"max-snippet:-1","max-image-preview":"max-image-preview:large","max-video-preview":"max-video-preview:-1"},"canonical":"https:\/\/globaltraining.com\/es\/producto\/orientacion-para-nuevos-empleados\/","og_locale":"es_MX","og_type":"article","og_title":"New Hire Orientation - Global Safety &amp; Environmental","og_description":"Transform your organization with our comprehensive new hire orientation course. Create engaging employee orientation programs for long-term benefits.","og_url":"https:\/\/globaltraining.com\/es\/producto\/orientacion-para-nuevos-empleados\/","og_site_name":"Global Safety &amp; Environmental","article_modified_time":"2024-12-06T15:41:24+00:00","og_image":[{"width":1200,"height":800,"url":"https:\/\/globaltraining.com\/wp-content\/uploads\/2021\/09\/new-hire.jpg","type":"image\/jpeg"}],"twitter_card":"summary_large_image","twitter_misc":{"Est. reading time":"3 minutes"},"schema":{"@context":"https:\/\/schema.org","@graph":[{"@type":"WebPage","@id":"https:\/\/globaltraining.com\/product\/new-hire-orientation\/","url":"https:\/\/globaltraining.com\/product\/new-hire-orientation\/","name":"Orientaci\u00f3n para nuevos empleados: seguridad y medio ambiente global","isPartOf":{"@id":"https:\/\/globaltraining.com\/#website"},"primaryImageOfPage":{"@id":"https:\/\/globaltraining.com\/product\/new-hire-orientation\/#primaryimage"},"image":{"@id":"https:\/\/globaltraining.com\/product\/new-hire-orientation\/#primaryimage"},"thumbnailUrl":"https:\/\/globaltraining.com\/wp-content\/uploads\/2021\/09\/new-hire.jpg","datePublished":"2023-09-11T15:03:40+00:00","dateModified":"2024-12-06T15:41:24+00:00","description":"Transforme su organizaci\u00f3n con nuestro completo curso de orientaci\u00f3n para nuevos empleados. Cree programas de orientaci\u00f3n atractivos para empleados que le proporcionen beneficios a largo plazo.","breadcrumb":{"@id":"https:\/\/globaltraining.com\/product\/new-hire-orientation\/#breadcrumb"},"inLanguage":"es-MX","potentialAction":[{"@type":"ReadAction","target":["https:\/\/globaltraining.com\/product\/new-hire-orientation\/"]}]},{"@type":"ImageObject","inLanguage":"es-MX","@id":"https:\/\/globaltraining.com\/product\/new-hire-orientation\/#primaryimage","url":"https:\/\/globaltraining.com\/wp-content\/uploads\/2021\/09\/new-hire.jpg","contentUrl":"https:\/\/globaltraining.com\/wp-content\/uploads\/2021\/09\/new-hire.jpg","width":1200,"height":800,"caption":"Business people shaking hands after successful meeting"},{"@type":"BreadcrumbList","@id":"https:\/\/globaltraining.com\/product\/new-hire-orientation\/#breadcrumb","itemListElement":[{"@type":"ListItem","position":1,"name":"Home","item":"https:\/\/globaltraining.com\/"},{"@type":"ListItem","position":2,"name":"Productos","item":"https:\/\/globaltraining.com\/es\/shop\/"},{"@type":"ListItem","position":3,"name":"New Hire Orientation"}]},{"@type":"WebSite","@id":"https:\/\/globaltraining.com\/#website","url":"https:\/\/globaltraining.com\/","name":"Seguridad y medio ambiente a nivel mundial","description":"Cursos completos de salud, seguridad y medio ambiente","publisher":{"@id":"https:\/\/globaltraining.com\/#organization"},"potentialAction":[{"@type":"SearchAction","target":{"@type":"EntryPoint","urlTemplate":"https:\/\/globaltraining.com\/?s={search_term_string}"},"query-input":{"@type":"PropertyValueSpecification","valueRequired":true,"valueName":"search_term_string"}}],"inLanguage":"es-MX"},{"@type":"Organization","@id":"https:\/\/globaltraining.com\/#organization","name":"Seguridad y medio ambiente a nivel mundial","url":"https:\/\/globaltraining.com\/","logo":{"@type":"ImageObject","inLanguage":"es-MX","@id":"https:\/\/globaltraining.com\/#\/schema\/logo\/image\/","url":"https:\/\/globaltraining.com\/wp-content\/uploads\/2021\/01\/GSE-Logo-for-email.png","contentUrl":"https:\/\/globaltraining.com\/wp-content\/uploads\/2021\/01\/GSE-Logo-for-email.png","width":400,"height":101,"caption":"Global Safety & Environmental"},"image":{"@id":"https:\/\/globaltraining.com\/#\/schema\/logo\/image\/"}}]}},"_links":{"self":[{"href":"https:\/\/globaltraining.com\/es\/wp-json\/wp\/v2\/product\/28548","targetHints":{"allow":["GET"]}}],"collection":[{"href":"https:\/\/globaltraining.com\/es\/wp-json\/wp\/v2\/product"}],"about":[{"href":"https:\/\/globaltraining.com\/es\/wp-json\/wp\/v2\/types\/product"}],"wp:featuredmedia":[{"embeddable":true,"href":"https:\/\/globaltraining.com\/es\/wp-json\/wp\/v2\/media\/27131"}],"wp:attachment":[{"href":"https:\/\/globaltraining.com\/es\/wp-json\/wp\/v2\/media?parent=28548"}],"wp:term":[{"taxonomy":"product_brand","embeddable":true,"href":"https:\/\/globaltraining.com\/es\/wp-json\/wp\/v2\/product_brand?post=28548"},{"taxonomy":"product_cat","embeddable":true,"href":"https:\/\/globaltraining.com\/es\/wp-json\/wp\/v2\/product_cat?post=28548"},{"taxonomy":"product_tag","embeddable":true,"href":"https:\/\/globaltraining.com\/es\/wp-json\/wp\/v2\/product_tag?post=28548"}],"curies":[{"name":"Gracias","href":"https:\/\/api.w.org\/{rel}","templated":true}]}}