{"id":28539,"date":"2023-09-11T09:14:54","date_gmt":"2023-09-11T14:14:54","guid":{"rendered":"https:\/\/globaltraining.com\/?post_type=product&#038;p=28539"},"modified":"2024-12-06T09:57:37","modified_gmt":"2024-12-06T15:57:37","slug":"capacitacion-en-sujecion-de-carga","status":"publish","type":"product","link":"https:\/\/globaltraining.com\/es\/product\/load-securement-training\/","title":{"rendered":"Capacitaci\u00f3n sobre sujeci\u00f3n de carga"},"content":{"rendered":"<h2>Dominar la formaci\u00f3n sobre sujeci\u00f3n de cargas<\/h2>\n<p>La sujeci\u00f3n de la carga es un aspecto cr\u00edtico de la seguridad del transporte, especialmente para los transportadores de carga y de plataforma. Nuestro programa de capacitaci\u00f3n en aseguramiento de carga est\u00e1 dise\u00f1ado para equipar a los profesionales con el conocimiento y las habilidades necesarios para asegurar adecuadamente varios tipos de carga, garantizando no solo la seguridad sino tambi\u00e9n el cumplimiento de las regulaciones de la industria.<\/p>\n<h2>La importancia de asegurar la carga<\/h2>\n<p>La sujeci\u00f3n de la carga juega un papel vital en la prevenci\u00f3n de accidentes, lesiones y da\u00f1os a la propiedad durante el transporte. Es fundamental que los profesionales involucrados en el transporte de mercanc\u00edas comprendan la importancia de asegurar la carga y los riesgos potenciales asociados con cargas mal aseguradas.<\/p>\n<p>Nuestro programa de capacitaci\u00f3n cubre las mejores pr\u00e1cticas de sujeci\u00f3n de la carga, enfatizando la importancia de seleccionar el equipo adecuado, calcular los requisitos de sujeci\u00f3n de la carga y garantizar que la carga permanezca estable y segura durante todo el viaje.<\/p>\n<h2>Aseguramiento de carga en plataforma: una habilidad especializada<\/h2>\n<p>Para los profesionales que operan camiones de plataforma, asegurar la carga presenta desaf\u00edos \u00fanicos. Asegurar cargas pesadas, de gran tama\u00f1o o de forma irregular en una plataforma abierta requiere conocimientos y t\u00e9cnicas especializados. Nuestro programa incluye capacitaci\u00f3n dedicada a la sujeci\u00f3n de cargas en plataformas, preparando a los profesionales para enfrentar estos desaf\u00edos de manera efectiva.<\/p>\n<p>Cubrimos temas como m\u00e9todos de amarre, protecci\u00f3n de bordes y el uso de sujetadores de carga y cadenas espec\u00edficas para plataformas. Con nuestra capacitaci\u00f3n, los operadores de plataformas tendr\u00e1n la experiencia necesaria para asegurar cargas de forma segura y prevenir accidentes.<\/p>\n<h2>Aseguramiento de la carga: protecci\u00f3n de carga valiosa<\/h2>\n<p>Los transportistas de carga manejan una amplia gama de mercanc\u00edas, cada una de las cuales requiere t\u00e9cnicas espec\u00edficas de sujeci\u00f3n de la carga. Nuestro programa de capacitaci\u00f3n aborda los matices del aseguramiento de la carga, desde asegurar mercanc\u00edas fr\u00e1giles hasta materiales peligrosos. Los profesionales aprender\u00e1n c\u00f3mo aplicar los principios de sujeci\u00f3n de carga a diversos tipos de carga.<\/p>\n<p>Tambi\u00e9n destacamos la importancia de inspeccionar y mantener peri\u00f3dicamente los equipos de sujeci\u00f3n de carga para garantizar que permanezcan en \u00f3ptimas condiciones. Con nuestra capacitaci\u00f3n, los transportistas de carga pueden proteger mercanc\u00edas valiosas y mantener su reputaci\u00f3n de confiabilidad.<\/p>\n<h2>Mejore sus habilidades para asegurar la carga: \u00a1inscr\u00edbase hoy!<\/h2>\n<p>No se arriesgue cuando se trata de asegurar la carga. Inscr\u00edbase hoy en nuestro programa de capacitaci\u00f3n en aseguramiento de carga para obtener el conocimiento y las habilidades necesarias para protegerse a usted mismo, a su carga y a otras personas en la carretera. Al completar nuestro curso, no solo mejorar\u00e1 su seguridad sino que tambi\u00e9n contribuir\u00e1 a una industria del transporte m\u00e1s segura para todos.<\/p>\n<p>\u00danase a las filas de profesionales capacitados que priorizan la seguridad de la carga. \u00a1Inscr\u00edbase ahora y eleve sus habilidades para asegurar la carga a nuevas alturas!<\/p>","protected":false},"excerpt":{"rendered":"<p>Domine el aseguramiento de carga para transporte de carga y plataforma con nuestra capacitaci\u00f3n integral. Garantice la seguridad y proteja la carga valiosa. \u00a1Inscr\u00edbase ahora para una carrera exitosa en transporte!<\/p>","protected":false},"featured_media":15352,"template":"","meta":{"_et_pb_use_builder":"","_et_pb_old_content":"","_et_gb_content_width":""},"product_brand":[],"product_cat":[128,132,145,147,175,168,169],"product_tag":[],"class_list":{"0":"post-28539","1":"product","2":"type-product","3":"status-publish","4":"has-post-thumbnail","6":"product_cat-dot","7":"product_cat-equipment","8":"product_cat-heavy-equipment","9":"product_cat-hoisting-and-rigging","10":"product_cat-material-handling","11":"product_cat-tools","12":"product_cat-transportation","14":"first","15":"instock","16":"virtual","17":"sold-individually","18":"purchasable","19":"product-type-simple"},"yoast_head":"<!-- This site is optimized with the Yoast SEO plugin v27.4 - https:\/\/yoast.com\/product\/yoast-seo-wordpress\/ -->\n<title>Load Securement Training - Global Safety &amp; Environmental<\/title>\n<meta name=\"description\" content=\"Enhance transportation safety with Load Securement Training. Learn flatbed and cargo load securement techniques. Enroll now for safer transport!\" \/>\n<meta name=\"robots\" content=\"index, follow, max-snippet:-1, max-image-preview:large, max-video-preview:-1\" \/>\n<link rel=\"canonical\" href=\"https:\/\/globaltraining.com\/es\/producto\/capacitacion-en-sujecion-de-carga\/\" \/>\n<meta property=\"og:locale\" content=\"es_MX\" \/>\n<meta property=\"og:type\" content=\"article\" \/>\n<meta property=\"og:title\" content=\"Load Securement Training - Global Safety &amp; Environmental\" \/>\n<meta property=\"og:description\" content=\"Enhance transportation safety with Load Securement Training. Learn flatbed and cargo load securement techniques. Enroll now for safer transport!\" \/>\n<meta property=\"og:url\" content=\"https:\/\/globaltraining.com\/es\/producto\/capacitacion-en-sujecion-de-carga\/\" \/>\n<meta property=\"og:site_name\" content=\"Global Safety &amp; Environmental\" \/>\n<meta property=\"article:modified_time\" content=\"2024-12-06T15:57:37+00:00\" \/>\n<meta property=\"og:image\" content=\"https:\/\/globaltraining.com\/wp-content\/uploads\/2023\/06\/Load-Securement-Feature-1.jpg\" \/>\n\t<meta property=\"og:image:width\" content=\"1200\" \/>\n\t<meta property=\"og:image:height\" content=\"800\" \/>\n\t<meta property=\"og:image:type\" content=\"image\/jpeg\" \/>\n<meta name=\"twitter:card\" content=\"summary_large_image\" \/>\n<meta name=\"twitter:label1\" content=\"Est. reading time\" \/>\n\t<meta name=\"twitter:data1\" content=\"2 minutes\" \/>\n<script type=\"application\/ld+json\" class=\"yoast-schema-graph\">{\"@context\":\"https:\\\/\\\/schema.org\",\"@graph\":[{\"@type\":\"WebPage\",\"@id\":\"https:\\\/\\\/globaltraining.com\\\/product\\\/load-securement-training\\\/\",\"url\":\"https:\\\/\\\/globaltraining.com\\\/product\\\/load-securement-training\\\/\",\"name\":\"Load Securement Training - Global Safety &amp; Environmental\",\"isPartOf\":{\"@id\":\"https:\\\/\\\/globaltraining.com\\\/#website\"},\"primaryImageOfPage\":{\"@id\":\"https:\\\/\\\/globaltraining.com\\\/product\\\/load-securement-training\\\/#primaryimage\"},\"image\":{\"@id\":\"https:\\\/\\\/globaltraining.com\\\/product\\\/load-securement-training\\\/#primaryimage\"},\"thumbnailUrl\":\"https:\\\/\\\/globaltraining.com\\\/wp-content\\\/uploads\\\/2023\\\/06\\\/Load-Securement-Feature-1.jpg\",\"datePublished\":\"2023-09-11T14:14:54+00:00\",\"dateModified\":\"2024-12-06T15:57:37+00:00\",\"description\":\"Enhance transportation safety with Load Securement Training. Learn flatbed and cargo load securement techniques. Enroll now for safer transport!\",\"breadcrumb\":{\"@id\":\"https:\\\/\\\/globaltraining.com\\\/product\\\/load-securement-training\\\/#breadcrumb\"},\"inLanguage\":\"es-MX\",\"potentialAction\":[{\"@type\":\"ReadAction\",\"target\":[\"https:\\\/\\\/globaltraining.com\\\/product\\\/load-securement-training\\\/\"]}]},{\"@type\":\"ImageObject\",\"inLanguage\":\"es-MX\",\"@id\":\"https:\\\/\\\/globaltraining.com\\\/product\\\/load-securement-training\\\/#primaryimage\",\"url\":\"https:\\\/\\\/globaltraining.com\\\/wp-content\\\/uploads\\\/2023\\\/06\\\/Load-Securement-Feature-1.jpg\",\"contentUrl\":\"https:\\\/\\\/globaltraining.com\\\/wp-content\\\/uploads\\\/2023\\\/06\\\/Load-Securement-Feature-1.jpg\",\"width\":1200,\"height\":800,\"caption\":\"Load Securement Training\"},{\"@type\":\"BreadcrumbList\",\"@id\":\"https:\\\/\\\/globaltraining.com\\\/product\\\/load-securement-training\\\/#breadcrumb\",\"itemListElement\":[{\"@type\":\"ListItem\",\"position\":1,\"name\":\"Home\",\"item\":\"https:\\\/\\\/globaltraining.com\\\/\"},{\"@type\":\"ListItem\",\"position\":2,\"name\":\"Productos\",\"item\":\"https:\\\/\\\/globaltraining.com\\\/es\\\/shop\\\/\"},{\"@type\":\"ListItem\",\"position\":3,\"name\":\"Load Securement Training\"}]},{\"@type\":\"WebSite\",\"@id\":\"https:\\\/\\\/globaltraining.com\\\/#website\",\"url\":\"https:\\\/\\\/globaltraining.com\\\/\",\"name\":\"Global Safety & Environmental\",\"description\":\"Full Service Health, Safety, and Environmental Courses\",\"publisher\":{\"@id\":\"https:\\\/\\\/globaltraining.com\\\/#organization\"},\"potentialAction\":[{\"@type\":\"SearchAction\",\"target\":{\"@type\":\"EntryPoint\",\"urlTemplate\":\"https:\\\/\\\/globaltraining.com\\\/?s={search_term_string}\"},\"query-input\":{\"@type\":\"PropertyValueSpecification\",\"valueRequired\":true,\"valueName\":\"search_term_string\"}}],\"inLanguage\":\"es-MX\"},{\"@type\":\"Organization\",\"@id\":\"https:\\\/\\\/globaltraining.com\\\/#organization\",\"name\":\"Global Safety & Environmental\",\"url\":\"https:\\\/\\\/globaltraining.com\\\/\",\"logo\":{\"@type\":\"ImageObject\",\"inLanguage\":\"es-MX\",\"@id\":\"https:\\\/\\\/globaltraining.com\\\/#\\\/schema\\\/logo\\\/image\\\/\",\"url\":\"https:\\\/\\\/globaltraining.com\\\/wp-content\\\/uploads\\\/2021\\\/01\\\/GSE-Logo-for-email.png\",\"contentUrl\":\"https:\\\/\\\/globaltraining.com\\\/wp-content\\\/uploads\\\/2021\\\/01\\\/GSE-Logo-for-email.png\",\"width\":400,\"height\":101,\"caption\":\"Global Safety & Environmental\"},\"image\":{\"@id\":\"https:\\\/\\\/globaltraining.com\\\/#\\\/schema\\\/logo\\\/image\\\/\"}}]}<\/script>\n<!-- \/ Yoast SEO plugin. -->","yoast_head_json":{"title":"Capacitaci\u00f3n en sujeci\u00f3n de carga - Seguridad y medio ambiente global","description":"Mejore la seguridad del transporte con la capacitaci\u00f3n sobre sujeci\u00f3n de carga. Aprenda t\u00e9cnicas de sujeci\u00f3n de cargas en plataformas y contenedores. \u00a1Inscr\u00edbase ahora para un transporte m\u00e1s seguro!","robots":{"index":"index","follow":"follow","max-snippet":"max-snippet:-1","max-image-preview":"max-image-preview:large","max-video-preview":"max-video-preview:-1"},"canonical":"https:\/\/globaltraining.com\/es\/producto\/capacitacion-en-sujecion-de-carga\/","og_locale":"es_MX","og_type":"article","og_title":"Load Securement Training - Global Safety &amp; Environmental","og_description":"Enhance transportation safety with Load Securement Training. Learn flatbed and cargo load securement techniques. Enroll now for safer transport!","og_url":"https:\/\/globaltraining.com\/es\/producto\/capacitacion-en-sujecion-de-carga\/","og_site_name":"Global Safety &amp; Environmental","article_modified_time":"2024-12-06T15:57:37+00:00","og_image":[{"width":1200,"height":800,"url":"https:\/\/globaltraining.com\/wp-content\/uploads\/2023\/06\/Load-Securement-Feature-1.jpg","type":"image\/jpeg"}],"twitter_card":"summary_large_image","twitter_misc":{"Est. reading time":"2 minutes"},"schema":{"@context":"https:\/\/schema.org","@graph":[{"@type":"WebPage","@id":"https:\/\/globaltraining.com\/product\/load-securement-training\/","url":"https:\/\/globaltraining.com\/product\/load-securement-training\/","name":"Capacitaci\u00f3n en sujeci\u00f3n de carga - Seguridad y medio ambiente global","isPartOf":{"@id":"https:\/\/globaltraining.com\/#website"},"primaryImageOfPage":{"@id":"https:\/\/globaltraining.com\/product\/load-securement-training\/#primaryimage"},"image":{"@id":"https:\/\/globaltraining.com\/product\/load-securement-training\/#primaryimage"},"thumbnailUrl":"https:\/\/globaltraining.com\/wp-content\/uploads\/2023\/06\/Load-Securement-Feature-1.jpg","datePublished":"2023-09-11T14:14:54+00:00","dateModified":"2024-12-06T15:57:37+00:00","description":"Mejore la seguridad del transporte con la capacitaci\u00f3n sobre sujeci\u00f3n de carga. Aprenda t\u00e9cnicas de sujeci\u00f3n de cargas en plataformas y contenedores. \u00a1Inscr\u00edbase ahora para un transporte m\u00e1s seguro!","breadcrumb":{"@id":"https:\/\/globaltraining.com\/product\/load-securement-training\/#breadcrumb"},"inLanguage":"es-MX","potentialAction":[{"@type":"ReadAction","target":["https:\/\/globaltraining.com\/product\/load-securement-training\/"]}]},{"@type":"ImageObject","inLanguage":"es-MX","@id":"https:\/\/globaltraining.com\/product\/load-securement-training\/#primaryimage","url":"https:\/\/globaltraining.com\/wp-content\/uploads\/2023\/06\/Load-Securement-Feature-1.jpg","contentUrl":"https:\/\/globaltraining.com\/wp-content\/uploads\/2023\/06\/Load-Securement-Feature-1.jpg","width":1200,"height":800,"caption":"Load Securement Training"},{"@type":"BreadcrumbList","@id":"https:\/\/globaltraining.com\/product\/load-securement-training\/#breadcrumb","itemListElement":[{"@type":"ListItem","position":1,"name":"Home","item":"https:\/\/globaltraining.com\/"},{"@type":"ListItem","position":2,"name":"Productos","item":"https:\/\/globaltraining.com\/es\/shop\/"},{"@type":"ListItem","position":3,"name":"Load Securement Training"}]},{"@type":"WebSite","@id":"https:\/\/globaltraining.com\/#website","url":"https:\/\/globaltraining.com\/","name":"Seguridad y medio ambiente a nivel mundial","description":"Cursos completos de salud, seguridad y medio ambiente","publisher":{"@id":"https:\/\/globaltraining.com\/#organization"},"potentialAction":[{"@type":"SearchAction","target":{"@type":"EntryPoint","urlTemplate":"https:\/\/globaltraining.com\/?s={search_term_string}"},"query-input":{"@type":"PropertyValueSpecification","valueRequired":true,"valueName":"search_term_string"}}],"inLanguage":"es-MX"},{"@type":"Organization","@id":"https:\/\/globaltraining.com\/#organization","name":"Seguridad y medio ambiente a nivel mundial","url":"https:\/\/globaltraining.com\/","logo":{"@type":"ImageObject","inLanguage":"es-MX","@id":"https:\/\/globaltraining.com\/#\/schema\/logo\/image\/","url":"https:\/\/globaltraining.com\/wp-content\/uploads\/2021\/01\/GSE-Logo-for-email.png","contentUrl":"https:\/\/globaltraining.com\/wp-content\/uploads\/2021\/01\/GSE-Logo-for-email.png","width":400,"height":101,"caption":"Global Safety & Environmental"},"image":{"@id":"https:\/\/globaltraining.com\/#\/schema\/logo\/image\/"}}]}},"_links":{"self":[{"href":"https:\/\/globaltraining.com\/es\/wp-json\/wp\/v2\/product\/28539","targetHints":{"allow":["GET"]}}],"collection":[{"href":"https:\/\/globaltraining.com\/es\/wp-json\/wp\/v2\/product"}],"about":[{"href":"https:\/\/globaltraining.com\/es\/wp-json\/wp\/v2\/types\/product"}],"wp:featuredmedia":[{"embeddable":true,"href":"https:\/\/globaltraining.com\/es\/wp-json\/wp\/v2\/media\/15352"}],"wp:attachment":[{"href":"https:\/\/globaltraining.com\/es\/wp-json\/wp\/v2\/media?parent=28539"}],"wp:term":[{"taxonomy":"product_brand","embeddable":true,"href":"https:\/\/globaltraining.com\/es\/wp-json\/wp\/v2\/product_brand?post=28539"},{"taxonomy":"product_cat","embeddable":true,"href":"https:\/\/globaltraining.com\/es\/wp-json\/wp\/v2\/product_cat?post=28539"},{"taxonomy":"product_tag","embeddable":true,"href":"https:\/\/globaltraining.com\/es\/wp-json\/wp\/v2\/product_tag?post=28539"}],"curies":[{"name":"Gracias","href":"https:\/\/api.w.org\/{rel}","templated":true}]}}