{"id":28526,"date":"2023-09-08T14:33:11","date_gmt":"2023-09-08T19:33:11","guid":{"rendered":"https:\/\/globaltraining.com\/?post_type=product&#038;p=28526"},"modified":"2024-12-06T15:08:31","modified_gmt":"2024-12-06T21:08:31","slug":"concientizacion-sobre-primeros-auxilios-para-materiales-peligrosos","status":"publish","type":"product","link":"https:\/\/globaltraining.com\/es\/product\/hazmat-first-responder-awareness\/","title":{"rendered":"Concientizaci\u00f3n sobre los socorristas de materiales peligrosos"},"content":{"rendered":"<h2>Bienvenido a la capacitaci\u00f3n sobre concientizaci\u00f3n sobre materiales peligrosos para primeros auxilios<\/h2>\n<p>Prep\u00e1rese para ser la primera l\u00ednea de defensa en incidentes con materiales peligrosos con nuestra Capacitaci\u00f3n de concientizaci\u00f3n para primeros auxilios sobre materiales peligrosos. Este curso le proporciona los conocimientos y habilidades esenciales para reconocer, evaluar y responder a accidentes con materiales peligrosos de forma r\u00e1pida y eficaz.<\/p>\n<h2>La importancia de los socorristas de materiales peligrosos<\/h2>\n<p>Convertirse en un socorrista de materiales peligrosos no es s\u00f3lo una funci\u00f3n; es una responsabilidad crucial. En caso de incidentes con materiales peligrosos, sus acciones r\u00e1pidas e informadas pueden salvar vidas, proteger el medio ambiente y minimizar los da\u00f1os. Esta formaci\u00f3n es vital para:<\/p>\n<p>1. Respuesta r\u00e1pida: Nuestra capacitaci\u00f3n de concientizaci\u00f3n para primeros auxilios sobre materiales peligrosos se centra en los principios de respuesta r\u00e1pida a accidentes con materiales peligrosos. Aprender\u00e1 c\u00f3mo evaluar la situaci\u00f3n, identificar peligros y tomar medidas inmediatas para asegurar el \u00e1rea y proteger a quienes est\u00e1n en peligro.<\/p>\n<p>2. Seguridad y Protecci\u00f3n: Su seguridad y la de los dem\u00e1s son primordiales. Brindamos orientaci\u00f3n integral sobre el uso de equipos de protecci\u00f3n personal (EPP), lo que garantiza que pueda operar con confianza en entornos peligrosos y al mismo tiempo minimizar los riesgos para usted y los dem\u00e1s.<\/p>\n<p>3. Comunicaci\u00f3n de incidentes: la comunicaci\u00f3n eficaz es clave durante los incidentes de materiales peligrosos. Nuestro curso enfatiza protocolos de comunicaci\u00f3n claros y concisos, lo que le permite transmitir informaci\u00f3n cr\u00edtica a los servicios de emergencia y a las autoridades con precisi\u00f3n.<\/p>\n<h2>\u00bfPor qu\u00e9 elegir nuestra formaci\u00f3n?<\/h2>\n<p>Nuestro curso de Formaci\u00f3n en Concienciaci\u00f3n destaca por varios motivos:<\/p>\n<p>Plan de estudios integral: cubrimos todos los aspectos de la concientizaci\u00f3n sobre materiales peligrosos, incluida la identificaci\u00f3n de peligros, la evaluaci\u00f3n de riesgos, el uso de EPP y la comunicaci\u00f3n de incidentes. Nuestro curso garantiza que est\u00e9 bien preparado para una amplia gama de incidentes con materiales peligrosos.<\/p>\n<p>Instructores experimentados: nuestros instructores experimentados tienen un profundo conocimiento de los materiales peligrosos y una amplia experiencia en el mundo real. Aportan conocimientos pr\u00e1cticos a la formaci\u00f3n, lo que le permite aprender de expertos en el campo.<\/p>\n<h2>\u00a1Obtenga la certificaci\u00f3n en concientizaci\u00f3n sobre primeros auxilios en materia de materiales peligrosos hoy mismo!<\/h2>\n<p>No dude cuando se trata de incidentes con materiales peligrosos. Inscr\u00edbase ahora en nuestro curso de capacitaci\u00f3n sobre concientizaci\u00f3n para primeros auxilios sobre materiales peligrosos y convi\u00e9rtase en un socorrista certificado. \u00danase a nosotros hoy y juntos marcaremos la diferencia en la seguridad de materiales peligrosos. Al completar con \u00e9xito el curso, recibir\u00e1 una certificaci\u00f3n que reconoce su experiencia en concientizaci\u00f3n sobre primeros auxilios en materiales peligrosos.<\/p>","protected":false},"excerpt":{"rendered":"<p>Empod\u00e9rate con nuestra Capacitaci\u00f3n de concientizaci\u00f3n para primeros auxilios sobre materiales peligrosos. Adquiera las habilidades para responder eficazmente a accidentes con materiales peligrosos, proteger vidas y salvaguardar el medio ambiente. Convi\u00e9rtase en un socorrista certificado para comunidades m\u00e1s seguras.<\/p>","protected":false},"featured_media":15313,"template":"","meta":{"_et_pb_use_builder":"","_et_pb_old_content":"","_et_gb_content_width":""},"product_brand":[],"product_cat":[125,131,132,141,160],"product_tag":[],"class_list":{"0":"post-28526","1":"product","2":"type-product","3":"status-publish","4":"has-post-thumbnail","6":"product_cat-dangerous-chemicals","7":"product_cat-emergency-preparedness","8":"product_cat-equipment","9":"product_cat-hazardous-materials","10":"product_cat-ppe","12":"first","13":"instock","14":"virtual","15":"sold-individually","16":"purchasable","17":"product-type-simple"},"yoast_head":"<!-- This site is optimized with the Yoast SEO plugin v27.4 - https:\/\/yoast.com\/product\/yoast-seo-wordpress\/ -->\n<title>Hazmat First Responder Awareness - Global Safety &amp; Environmental<\/title>\n<meta name=\"description\" content=\"Be prepared for hazardous materials incidents with our Hazmat First Responder Awareness Training. Learn to respond swiftly and safely. Get certified today!\" \/>\n<meta name=\"robots\" content=\"index, follow, max-snippet:-1, max-image-preview:large, max-video-preview:-1\" \/>\n<link rel=\"canonical\" href=\"https:\/\/globaltraining.com\/es\/producto\/concientizacion-sobre-primeros-auxilios-para-materiales-peligrosos\/\" \/>\n<meta property=\"og:locale\" content=\"es_MX\" \/>\n<meta property=\"og:type\" content=\"article\" \/>\n<meta property=\"og:title\" content=\"Hazmat First Responder Awareness - Global Safety &amp; Environmental\" \/>\n<meta property=\"og:description\" content=\"Be prepared for hazardous materials incidents with our Hazmat First Responder Awareness Training. Learn to respond swiftly and safely. Get certified today!\" \/>\n<meta property=\"og:url\" content=\"https:\/\/globaltraining.com\/es\/producto\/concientizacion-sobre-primeros-auxilios-para-materiales-peligrosos\/\" \/>\n<meta property=\"og:site_name\" content=\"Global Safety &amp; Environmental\" \/>\n<meta property=\"article:modified_time\" content=\"2024-12-06T21:08:31+00:00\" \/>\n<meta property=\"og:image\" content=\"https:\/\/globaltraining.com\/wp-content\/uploads\/2023\/06\/Hazardous-Materials-Incidents-1.jpg\" \/>\n\t<meta property=\"og:image:width\" content=\"1200\" \/>\n\t<meta property=\"og:image:height\" content=\"800\" \/>\n\t<meta property=\"og:image:type\" content=\"image\/jpeg\" \/>\n<meta name=\"twitter:card\" content=\"summary_large_image\" \/>\n<meta name=\"twitter:label1\" content=\"Est. reading time\" \/>\n\t<meta name=\"twitter:data1\" content=\"2 minutes\" \/>\n<script type=\"application\/ld+json\" class=\"yoast-schema-graph\">{\"@context\":\"https:\\\/\\\/schema.org\",\"@graph\":[{\"@type\":\"WebPage\",\"@id\":\"https:\\\/\\\/globaltraining.com\\\/product\\\/hazmat-first-responder-awareness\\\/\",\"url\":\"https:\\\/\\\/globaltraining.com\\\/product\\\/hazmat-first-responder-awareness\\\/\",\"name\":\"Hazmat First Responder Awareness - Global Safety &amp; Environmental\",\"isPartOf\":{\"@id\":\"https:\\\/\\\/globaltraining.com\\\/#website\"},\"primaryImageOfPage\":{\"@id\":\"https:\\\/\\\/globaltraining.com\\\/product\\\/hazmat-first-responder-awareness\\\/#primaryimage\"},\"image\":{\"@id\":\"https:\\\/\\\/globaltraining.com\\\/product\\\/hazmat-first-responder-awareness\\\/#primaryimage\"},\"thumbnailUrl\":\"https:\\\/\\\/globaltraining.com\\\/wp-content\\\/uploads\\\/2023\\\/06\\\/Hazardous-Materials-Incidents-1.jpg\",\"datePublished\":\"2023-09-08T19:33:11+00:00\",\"dateModified\":\"2024-12-06T21:08:31+00:00\",\"description\":\"Be prepared for hazardous materials incidents with our Hazmat First Responder Awareness Training. Learn to respond swiftly and safely. Get certified today!\",\"breadcrumb\":{\"@id\":\"https:\\\/\\\/globaltraining.com\\\/product\\\/hazmat-first-responder-awareness\\\/#breadcrumb\"},\"inLanguage\":\"es-MX\",\"potentialAction\":[{\"@type\":\"ReadAction\",\"target\":[\"https:\\\/\\\/globaltraining.com\\\/product\\\/hazmat-first-responder-awareness\\\/\"]}]},{\"@type\":\"ImageObject\",\"inLanguage\":\"es-MX\",\"@id\":\"https:\\\/\\\/globaltraining.com\\\/product\\\/hazmat-first-responder-awareness\\\/#primaryimage\",\"url\":\"https:\\\/\\\/globaltraining.com\\\/wp-content\\\/uploads\\\/2023\\\/06\\\/Hazardous-Materials-Incidents-1.jpg\",\"contentUrl\":\"https:\\\/\\\/globaltraining.com\\\/wp-content\\\/uploads\\\/2023\\\/06\\\/Hazardous-Materials-Incidents-1.jpg\",\"width\":1200,\"height\":800},{\"@type\":\"BreadcrumbList\",\"@id\":\"https:\\\/\\\/globaltraining.com\\\/product\\\/hazmat-first-responder-awareness\\\/#breadcrumb\",\"itemListElement\":[{\"@type\":\"ListItem\",\"position\":1,\"name\":\"Home\",\"item\":\"https:\\\/\\\/globaltraining.com\\\/\"},{\"@type\":\"ListItem\",\"position\":2,\"name\":\"Productos\",\"item\":\"https:\\\/\\\/globaltraining.com\\\/es\\\/shop\\\/\"},{\"@type\":\"ListItem\",\"position\":3,\"name\":\"Hazmat First Responder Awareness\"}]},{\"@type\":\"WebSite\",\"@id\":\"https:\\\/\\\/globaltraining.com\\\/#website\",\"url\":\"https:\\\/\\\/globaltraining.com\\\/\",\"name\":\"Global Safety & Environmental\",\"description\":\"Full Service Health, Safety, and Environmental Courses\",\"publisher\":{\"@id\":\"https:\\\/\\\/globaltraining.com\\\/#organization\"},\"potentialAction\":[{\"@type\":\"SearchAction\",\"target\":{\"@type\":\"EntryPoint\",\"urlTemplate\":\"https:\\\/\\\/globaltraining.com\\\/?s={search_term_string}\"},\"query-input\":{\"@type\":\"PropertyValueSpecification\",\"valueRequired\":true,\"valueName\":\"search_term_string\"}}],\"inLanguage\":\"es-MX\"},{\"@type\":\"Organization\",\"@id\":\"https:\\\/\\\/globaltraining.com\\\/#organization\",\"name\":\"Global Safety & Environmental\",\"url\":\"https:\\\/\\\/globaltraining.com\\\/\",\"logo\":{\"@type\":\"ImageObject\",\"inLanguage\":\"es-MX\",\"@id\":\"https:\\\/\\\/globaltraining.com\\\/#\\\/schema\\\/logo\\\/image\\\/\",\"url\":\"https:\\\/\\\/globaltraining.com\\\/wp-content\\\/uploads\\\/2021\\\/01\\\/GSE-Logo-for-email.png\",\"contentUrl\":\"https:\\\/\\\/globaltraining.com\\\/wp-content\\\/uploads\\\/2021\\\/01\\\/GSE-Logo-for-email.png\",\"width\":400,\"height\":101,\"caption\":\"Global Safety & Environmental\"},\"image\":{\"@id\":\"https:\\\/\\\/globaltraining.com\\\/#\\\/schema\\\/logo\\\/image\\\/\"}}]}<\/script>\n<!-- \/ Yoast SEO plugin. -->","yoast_head_json":{"title":"Concientizaci\u00f3n sobre materiales peligrosos para los primeros intervinientes - Seguridad y medio ambiente global","description":"Prep\u00e1rese para incidentes con materiales peligrosos con nuestra capacitaci\u00f3n de concientizaci\u00f3n sobre primeros auxilios en casos de materiales peligrosos. Aprenda a responder con rapidez y seguridad. \u00a1Obtenga la certificaci\u00f3n hoy mismo!","robots":{"index":"index","follow":"follow","max-snippet":"max-snippet:-1","max-image-preview":"max-image-preview:large","max-video-preview":"max-video-preview:-1"},"canonical":"https:\/\/globaltraining.com\/es\/producto\/concientizacion-sobre-primeros-auxilios-para-materiales-peligrosos\/","og_locale":"es_MX","og_type":"article","og_title":"Hazmat First Responder Awareness - Global Safety &amp; Environmental","og_description":"Be prepared for hazardous materials incidents with our Hazmat First Responder Awareness Training. Learn to respond swiftly and safely. Get certified today!","og_url":"https:\/\/globaltraining.com\/es\/producto\/concientizacion-sobre-primeros-auxilios-para-materiales-peligrosos\/","og_site_name":"Global Safety &amp; Environmental","article_modified_time":"2024-12-06T21:08:31+00:00","og_image":[{"width":1200,"height":800,"url":"https:\/\/globaltraining.com\/wp-content\/uploads\/2023\/06\/Hazardous-Materials-Incidents-1.jpg","type":"image\/jpeg"}],"twitter_card":"summary_large_image","twitter_misc":{"Est. reading time":"2 minutes"},"schema":{"@context":"https:\/\/schema.org","@graph":[{"@type":"WebPage","@id":"https:\/\/globaltraining.com\/product\/hazmat-first-responder-awareness\/","url":"https:\/\/globaltraining.com\/product\/hazmat-first-responder-awareness\/","name":"Concientizaci\u00f3n sobre materiales peligrosos para los primeros intervinientes - Seguridad y medio ambiente global","isPartOf":{"@id":"https:\/\/globaltraining.com\/#website"},"primaryImageOfPage":{"@id":"https:\/\/globaltraining.com\/product\/hazmat-first-responder-awareness\/#primaryimage"},"image":{"@id":"https:\/\/globaltraining.com\/product\/hazmat-first-responder-awareness\/#primaryimage"},"thumbnailUrl":"https:\/\/globaltraining.com\/wp-content\/uploads\/2023\/06\/Hazardous-Materials-Incidents-1.jpg","datePublished":"2023-09-08T19:33:11+00:00","dateModified":"2024-12-06T21:08:31+00:00","description":"Prep\u00e1rese para incidentes con materiales peligrosos con nuestra capacitaci\u00f3n de concientizaci\u00f3n sobre primeros auxilios en casos de materiales peligrosos. Aprenda a responder con rapidez y seguridad. \u00a1Obtenga la certificaci\u00f3n hoy mismo!","breadcrumb":{"@id":"https:\/\/globaltraining.com\/product\/hazmat-first-responder-awareness\/#breadcrumb"},"inLanguage":"es-MX","potentialAction":[{"@type":"ReadAction","target":["https:\/\/globaltraining.com\/product\/hazmat-first-responder-awareness\/"]}]},{"@type":"ImageObject","inLanguage":"es-MX","@id":"https:\/\/globaltraining.com\/product\/hazmat-first-responder-awareness\/#primaryimage","url":"https:\/\/globaltraining.com\/wp-content\/uploads\/2023\/06\/Hazardous-Materials-Incidents-1.jpg","contentUrl":"https:\/\/globaltraining.com\/wp-content\/uploads\/2023\/06\/Hazardous-Materials-Incidents-1.jpg","width":1200,"height":800},{"@type":"BreadcrumbList","@id":"https:\/\/globaltraining.com\/product\/hazmat-first-responder-awareness\/#breadcrumb","itemListElement":[{"@type":"ListItem","position":1,"name":"Home","item":"https:\/\/globaltraining.com\/"},{"@type":"ListItem","position":2,"name":"Productos","item":"https:\/\/globaltraining.com\/es\/shop\/"},{"@type":"ListItem","position":3,"name":"Hazmat First Responder Awareness"}]},{"@type":"WebSite","@id":"https:\/\/globaltraining.com\/#website","url":"https:\/\/globaltraining.com\/","name":"Seguridad y medio ambiente a nivel mundial","description":"Cursos completos de salud, seguridad y medio ambiente","publisher":{"@id":"https:\/\/globaltraining.com\/#organization"},"potentialAction":[{"@type":"SearchAction","target":{"@type":"EntryPoint","urlTemplate":"https:\/\/globaltraining.com\/?s={search_term_string}"},"query-input":{"@type":"PropertyValueSpecification","valueRequired":true,"valueName":"search_term_string"}}],"inLanguage":"es-MX"},{"@type":"Organization","@id":"https:\/\/globaltraining.com\/#organization","name":"Seguridad y medio ambiente a nivel mundial","url":"https:\/\/globaltraining.com\/","logo":{"@type":"ImageObject","inLanguage":"es-MX","@id":"https:\/\/globaltraining.com\/#\/schema\/logo\/image\/","url":"https:\/\/globaltraining.com\/wp-content\/uploads\/2021\/01\/GSE-Logo-for-email.png","contentUrl":"https:\/\/globaltraining.com\/wp-content\/uploads\/2021\/01\/GSE-Logo-for-email.png","width":400,"height":101,"caption":"Global Safety & Environmental"},"image":{"@id":"https:\/\/globaltraining.com\/#\/schema\/logo\/image\/"}}]}},"_links":{"self":[{"href":"https:\/\/globaltraining.com\/es\/wp-json\/wp\/v2\/product\/28526","targetHints":{"allow":["GET"]}}],"collection":[{"href":"https:\/\/globaltraining.com\/es\/wp-json\/wp\/v2\/product"}],"about":[{"href":"https:\/\/globaltraining.com\/es\/wp-json\/wp\/v2\/types\/product"}],"wp:featuredmedia":[{"embeddable":true,"href":"https:\/\/globaltraining.com\/es\/wp-json\/wp\/v2\/media\/15313"}],"wp:attachment":[{"href":"https:\/\/globaltraining.com\/es\/wp-json\/wp\/v2\/media?parent=28526"}],"wp:term":[{"taxonomy":"product_brand","embeddable":true,"href":"https:\/\/globaltraining.com\/es\/wp-json\/wp\/v2\/product_brand?post=28526"},{"taxonomy":"product_cat","embeddable":true,"href":"https:\/\/globaltraining.com\/es\/wp-json\/wp\/v2\/product_cat?post=28526"},{"taxonomy":"product_tag","embeddable":true,"href":"https:\/\/globaltraining.com\/es\/wp-json\/wp\/v2\/product_tag?post=28526"}],"curies":[{"name":"Gracias","href":"https:\/\/api.w.org\/{rel}","templated":true}]}}