{"id":28506,"date":"2023-09-08T13:08:29","date_gmt":"2023-09-08T18:08:29","guid":{"rendered":"https:\/\/globaltraining.com\/?post_type=product&#038;p=28506"},"modified":"2024-12-06T11:39:49","modified_gmt":"2024-12-06T17:39:49","slug":"entrenamiento-con-extintores","status":"publish","type":"product","link":"https:\/\/globaltraining.com\/es\/product\/fire-extinguisher-training\/","title":{"rendered":"Entrenamiento de extintores de incendios"},"content":{"rendered":"<h2>Capacitaci\u00f3n sobre extintores de incendios: su clave para la seguridad contra incendios<\/h2>\n<p>Bienvenido a nuestro programa integral de capacitaci\u00f3n en extintores de incendios. En una emergencia, saber c\u00f3mo utilizar un extintor de incendios puede marcar la diferencia entre un incidente peque\u00f1o y un desastre mayor. Este curso est\u00e1 dise\u00f1ado para brindarle el conocimiento y las habilidades necesarias para responder de manera efectiva en caso de incendio.<\/p>\n<h2>Por qu\u00e9 es importante la formaci\u00f3n<\/h2>\n<p>Los incendios pueden ocurrir en cualquier momento y en cualquier lugar. Ya sea en casa, en el lugar de trabajo o en espacios p\u00fablicos, la seguridad contra incendios es primordial. Comprender los conceptos b\u00e1sicos de los extintores de incendios y c\u00f3mo utilizarlos es esencial para todos. Nuestra formaci\u00f3n cubre:<\/p>\n<ul>\n<li>Los diferentes tipos de extintores y cu\u00e1ndo utilizarlos.<\/li>\n<li>Manejo y funcionamiento adecuado de los extintores.<\/li>\n<li>Reconocer los riesgos de incendio y evaluar la situaci\u00f3n.<\/li>\n<li>Pasos a seguir en caso de incendio, incluidos los procedimientos de evacuaci\u00f3n.<\/li>\n<\/ul>\n<h2>Tipos de extintores de incendios<\/h2>\n<p>Existen varios tipos de extintores, cada uno dise\u00f1ado para combatir tipos espec\u00edficos de incendios. Comprender estos tipos es crucial para una respuesta eficaz al fuego:<\/p>\n<ul>\n<li>Agua: Apto para incendios de Clase A que involucran combustibles comunes como madera y papel.<\/li>\n<li>CO2 (Di\u00f3xido de carbono): Efectivo para incendios Clase B y Clase C que involucran l\u00edquidos inflamables y equipos el\u00e9ctricos.<\/li>\n<li>Qu\u00edmico seco ABC: extintores vers\u00e1tiles que funcionan en incendios Clase A, Clase B y Clase C.<\/li>\n<li>Extintores de cocina: Dise\u00f1ados espec\u00edficamente para incendios relacionados con aceites y grasas de cocina.<\/li>\n<\/ul>\n<h2>Obtenga la certificaci\u00f3n en el uso de extintores de incendios<\/h2>\n<p>Al completar nuestro curso, recibir\u00e1 un certificado de finalizaci\u00f3n. Esta certificaci\u00f3n es una valiosa adici\u00f3n a su conjunto de habilidades, ya sea propietario de una vivienda, empleado o una persona preocupada por la seguridad.<\/p>\n<h2>\u00danase a nuestro programa de extintores de incendios hoy<\/h2>\n<p>No espere hasta que sea demasiado tarde. Inscr\u00edbase hoy en nuestro programa de capacitaci\u00f3n sobre extintores de incendios y obtenga el conocimiento y las habilidades para proteger vidas y propiedades. La seguridad contra incendios es una responsabilidad que todos compartimos y, con la capacitaci\u00f3n adecuada, usted puede marcar la diferencia cuando m\u00e1s importa.<\/p>","protected":false},"excerpt":{"rendered":"<p>Gana confianza en el manejo de incendios con nuestro <strong>entrenamiento con extintores<\/strong>. Domine el uso de diferentes tipos de extintores y obtenga su certificaci\u00f3n.<\/p>","protected":false},"featured_media":27178,"template":"","meta":{"_et_pb_use_builder":"","_et_pb_old_content":"","_et_gb_content_width":""},"product_brand":[],"product_cat":[131,135,143,156],"product_tag":[],"class_list":{"0":"post-28506","1":"product","2":"type-product","3":"status-publish","4":"has-post-thumbnail","6":"product_cat-emergency-preparedness","7":"product_cat-fire","8":"product_cat-health-and-safety","9":"product_cat-occupational-health-and-safety","11":"first","12":"instock","13":"virtual","14":"sold-individually","15":"purchasable","16":"product-type-simple"},"yoast_head":"<!-- This site is optimized with the Yoast SEO plugin v27.4 - https:\/\/yoast.com\/product\/yoast-seo-wordpress\/ -->\n<title>Fire Extinguisher Training - Global Safety &amp; Environmental<\/title>\n<meta name=\"description\" content=\"Learn how to use fire extinguishers effectively with our comprehensive fire extinguisher training. Get certified and enhance your fire safety skills.\" \/>\n<meta name=\"robots\" content=\"index, follow, max-snippet:-1, max-image-preview:large, max-video-preview:-1\" \/>\n<link rel=\"canonical\" href=\"https:\/\/globaltraining.com\/es\/producto\/entrenamiento-con-extintores\/\" \/>\n<meta property=\"og:locale\" content=\"es_MX\" \/>\n<meta property=\"og:type\" content=\"article\" \/>\n<meta property=\"og:title\" content=\"Fire Extinguisher Training - Global Safety &amp; Environmental\" \/>\n<meta property=\"og:description\" content=\"Learn how to use fire extinguishers effectively with our comprehensive fire extinguisher training. Get certified and enhance your fire safety skills.\" \/>\n<meta property=\"og:url\" content=\"https:\/\/globaltraining.com\/es\/producto\/entrenamiento-con-extintores\/\" \/>\n<meta property=\"og:site_name\" content=\"Global Safety &amp; Environmental\" \/>\n<meta property=\"article:modified_time\" content=\"2024-12-06T17:39:49+00:00\" \/>\n<meta property=\"og:image\" content=\"https:\/\/globaltraining.com\/wp-content\/uploads\/2021\/08\/iStock-1058291060.jpg\" \/>\n\t<meta property=\"og:image:width\" content=\"1200\" \/>\n\t<meta property=\"og:image:height\" content=\"799\" \/>\n\t<meta property=\"og:image:type\" content=\"image\/jpeg\" \/>\n<meta name=\"twitter:card\" content=\"summary_large_image\" \/>\n<meta name=\"twitter:label1\" content=\"Est. reading time\" \/>\n\t<meta name=\"twitter:data1\" content=\"2 minutes\" \/>\n<script type=\"application\/ld+json\" class=\"yoast-schema-graph\">{\"@context\":\"https:\\\/\\\/schema.org\",\"@graph\":[{\"@type\":\"WebPage\",\"@id\":\"https:\\\/\\\/globaltraining.com\\\/product\\\/fire-extinguisher-training\\\/\",\"url\":\"https:\\\/\\\/globaltraining.com\\\/product\\\/fire-extinguisher-training\\\/\",\"name\":\"Fire Extinguisher Training - Global Safety &amp; Environmental\",\"isPartOf\":{\"@id\":\"https:\\\/\\\/globaltraining.com\\\/#website\"},\"primaryImageOfPage\":{\"@id\":\"https:\\\/\\\/globaltraining.com\\\/product\\\/fire-extinguisher-training\\\/#primaryimage\"},\"image\":{\"@id\":\"https:\\\/\\\/globaltraining.com\\\/product\\\/fire-extinguisher-training\\\/#primaryimage\"},\"thumbnailUrl\":\"https:\\\/\\\/globaltraining.com\\\/wp-content\\\/uploads\\\/2021\\\/08\\\/iStock-1058291060.jpg\",\"datePublished\":\"2023-09-08T18:08:29+00:00\",\"dateModified\":\"2024-12-06T17:39:49+00:00\",\"description\":\"Learn how to use fire extinguishers effectively with our comprehensive fire extinguisher training. Get certified and enhance your fire safety skills.\",\"breadcrumb\":{\"@id\":\"https:\\\/\\\/globaltraining.com\\\/product\\\/fire-extinguisher-training\\\/#breadcrumb\"},\"inLanguage\":\"es-MX\",\"potentialAction\":[{\"@type\":\"ReadAction\",\"target\":[\"https:\\\/\\\/globaltraining.com\\\/product\\\/fire-extinguisher-training\\\/\"]}]},{\"@type\":\"ImageObject\",\"inLanguage\":\"es-MX\",\"@id\":\"https:\\\/\\\/globaltraining.com\\\/product\\\/fire-extinguisher-training\\\/#primaryimage\",\"url\":\"https:\\\/\\\/globaltraining.com\\\/wp-content\\\/uploads\\\/2021\\\/08\\\/iStock-1058291060.jpg\",\"contentUrl\":\"https:\\\/\\\/globaltraining.com\\\/wp-content\\\/uploads\\\/2021\\\/08\\\/iStock-1058291060.jpg\",\"width\":1200,\"height\":799,\"caption\":\"Fire Extinguisher Training\"},{\"@type\":\"BreadcrumbList\",\"@id\":\"https:\\\/\\\/globaltraining.com\\\/product\\\/fire-extinguisher-training\\\/#breadcrumb\",\"itemListElement\":[{\"@type\":\"ListItem\",\"position\":1,\"name\":\"Home\",\"item\":\"https:\\\/\\\/globaltraining.com\\\/\"},{\"@type\":\"ListItem\",\"position\":2,\"name\":\"Productos\",\"item\":\"https:\\\/\\\/globaltraining.com\\\/es\\\/shop\\\/\"},{\"@type\":\"ListItem\",\"position\":3,\"name\":\"Fire Extinguisher Training\"}]},{\"@type\":\"WebSite\",\"@id\":\"https:\\\/\\\/globaltraining.com\\\/#website\",\"url\":\"https:\\\/\\\/globaltraining.com\\\/\",\"name\":\"Global Safety & Environmental\",\"description\":\"Full Service Health, Safety, and Environmental Courses\",\"publisher\":{\"@id\":\"https:\\\/\\\/globaltraining.com\\\/#organization\"},\"potentialAction\":[{\"@type\":\"SearchAction\",\"target\":{\"@type\":\"EntryPoint\",\"urlTemplate\":\"https:\\\/\\\/globaltraining.com\\\/?s={search_term_string}\"},\"query-input\":{\"@type\":\"PropertyValueSpecification\",\"valueRequired\":true,\"valueName\":\"search_term_string\"}}],\"inLanguage\":\"es-MX\"},{\"@type\":\"Organization\",\"@id\":\"https:\\\/\\\/globaltraining.com\\\/#organization\",\"name\":\"Global Safety & Environmental\",\"url\":\"https:\\\/\\\/globaltraining.com\\\/\",\"logo\":{\"@type\":\"ImageObject\",\"inLanguage\":\"es-MX\",\"@id\":\"https:\\\/\\\/globaltraining.com\\\/#\\\/schema\\\/logo\\\/image\\\/\",\"url\":\"https:\\\/\\\/globaltraining.com\\\/wp-content\\\/uploads\\\/2021\\\/01\\\/GSE-Logo-for-email.png\",\"contentUrl\":\"https:\\\/\\\/globaltraining.com\\\/wp-content\\\/uploads\\\/2021\\\/01\\\/GSE-Logo-for-email.png\",\"width\":400,\"height\":101,\"caption\":\"Global Safety & Environmental\"},\"image\":{\"@id\":\"https:\\\/\\\/globaltraining.com\\\/#\\\/schema\\\/logo\\\/image\\\/\"}}]}<\/script>\n<!-- \/ Yoast SEO plugin. -->","yoast_head_json":{"title":"Capacitaci\u00f3n en extintores de incendios - Seguridad y medio ambiente global","description":"Aprenda a utilizar extintores de incendios de manera eficaz con nuestra capacitaci\u00f3n integral sobre extintores de incendios. Obtenga la certificaci\u00f3n y mejore sus habilidades de seguridad contra incendios.","robots":{"index":"index","follow":"follow","max-snippet":"max-snippet:-1","max-image-preview":"max-image-preview:large","max-video-preview":"max-video-preview:-1"},"canonical":"https:\/\/globaltraining.com\/es\/producto\/entrenamiento-con-extintores\/","og_locale":"es_MX","og_type":"article","og_title":"Fire Extinguisher Training - Global Safety &amp; Environmental","og_description":"Learn how to use fire extinguishers effectively with our comprehensive fire extinguisher training. Get certified and enhance your fire safety skills.","og_url":"https:\/\/globaltraining.com\/es\/producto\/entrenamiento-con-extintores\/","og_site_name":"Global Safety &amp; Environmental","article_modified_time":"2024-12-06T17:39:49+00:00","og_image":[{"width":1200,"height":799,"url":"https:\/\/globaltraining.com\/wp-content\/uploads\/2021\/08\/iStock-1058291060.jpg","type":"image\/jpeg"}],"twitter_card":"summary_large_image","twitter_misc":{"Est. reading time":"2 minutes"},"schema":{"@context":"https:\/\/schema.org","@graph":[{"@type":"WebPage","@id":"https:\/\/globaltraining.com\/product\/fire-extinguisher-training\/","url":"https:\/\/globaltraining.com\/product\/fire-extinguisher-training\/","name":"Capacitaci\u00f3n en extintores de incendios - Seguridad y medio ambiente global","isPartOf":{"@id":"https:\/\/globaltraining.com\/#website"},"primaryImageOfPage":{"@id":"https:\/\/globaltraining.com\/product\/fire-extinguisher-training\/#primaryimage"},"image":{"@id":"https:\/\/globaltraining.com\/product\/fire-extinguisher-training\/#primaryimage"},"thumbnailUrl":"https:\/\/globaltraining.com\/wp-content\/uploads\/2021\/08\/iStock-1058291060.jpg","datePublished":"2023-09-08T18:08:29+00:00","dateModified":"2024-12-06T17:39:49+00:00","description":"Aprenda a utilizar extintores de incendios de manera eficaz con nuestra capacitaci\u00f3n integral sobre extintores de incendios. Obtenga la certificaci\u00f3n y mejore sus habilidades de seguridad contra incendios.","breadcrumb":{"@id":"https:\/\/globaltraining.com\/product\/fire-extinguisher-training\/#breadcrumb"},"inLanguage":"es-MX","potentialAction":[{"@type":"ReadAction","target":["https:\/\/globaltraining.com\/product\/fire-extinguisher-training\/"]}]},{"@type":"ImageObject","inLanguage":"es-MX","@id":"https:\/\/globaltraining.com\/product\/fire-extinguisher-training\/#primaryimage","url":"https:\/\/globaltraining.com\/wp-content\/uploads\/2021\/08\/iStock-1058291060.jpg","contentUrl":"https:\/\/globaltraining.com\/wp-content\/uploads\/2021\/08\/iStock-1058291060.jpg","width":1200,"height":799,"caption":"Fire Extinguisher Training"},{"@type":"BreadcrumbList","@id":"https:\/\/globaltraining.com\/product\/fire-extinguisher-training\/#breadcrumb","itemListElement":[{"@type":"ListItem","position":1,"name":"Home","item":"https:\/\/globaltraining.com\/"},{"@type":"ListItem","position":2,"name":"Productos","item":"https:\/\/globaltraining.com\/es\/shop\/"},{"@type":"ListItem","position":3,"name":"Fire Extinguisher Training"}]},{"@type":"WebSite","@id":"https:\/\/globaltraining.com\/#website","url":"https:\/\/globaltraining.com\/","name":"Seguridad y medio ambiente a nivel mundial","description":"Cursos completos de salud, seguridad y medio ambiente","publisher":{"@id":"https:\/\/globaltraining.com\/#organization"},"potentialAction":[{"@type":"SearchAction","target":{"@type":"EntryPoint","urlTemplate":"https:\/\/globaltraining.com\/?s={search_term_string}"},"query-input":{"@type":"PropertyValueSpecification","valueRequired":true,"valueName":"search_term_string"}}],"inLanguage":"es-MX"},{"@type":"Organization","@id":"https:\/\/globaltraining.com\/#organization","name":"Seguridad y medio ambiente a nivel mundial","url":"https:\/\/globaltraining.com\/","logo":{"@type":"ImageObject","inLanguage":"es-MX","@id":"https:\/\/globaltraining.com\/#\/schema\/logo\/image\/","url":"https:\/\/globaltraining.com\/wp-content\/uploads\/2021\/01\/GSE-Logo-for-email.png","contentUrl":"https:\/\/globaltraining.com\/wp-content\/uploads\/2021\/01\/GSE-Logo-for-email.png","width":400,"height":101,"caption":"Global Safety & Environmental"},"image":{"@id":"https:\/\/globaltraining.com\/#\/schema\/logo\/image\/"}}]}},"_links":{"self":[{"href":"https:\/\/globaltraining.com\/es\/wp-json\/wp\/v2\/product\/28506","targetHints":{"allow":["GET"]}}],"collection":[{"href":"https:\/\/globaltraining.com\/es\/wp-json\/wp\/v2\/product"}],"about":[{"href":"https:\/\/globaltraining.com\/es\/wp-json\/wp\/v2\/types\/product"}],"wp:featuredmedia":[{"embeddable":true,"href":"https:\/\/globaltraining.com\/es\/wp-json\/wp\/v2\/media\/27178"}],"wp:attachment":[{"href":"https:\/\/globaltraining.com\/es\/wp-json\/wp\/v2\/media?parent=28506"}],"wp:term":[{"taxonomy":"product_brand","embeddable":true,"href":"https:\/\/globaltraining.com\/es\/wp-json\/wp\/v2\/product_brand?post=28506"},{"taxonomy":"product_cat","embeddable":true,"href":"https:\/\/globaltraining.com\/es\/wp-json\/wp\/v2\/product_cat?post=28506"},{"taxonomy":"product_tag","embeddable":true,"href":"https:\/\/globaltraining.com\/es\/wp-json\/wp\/v2\/product_tag?post=28506"}],"curies":[{"name":"Gracias","href":"https:\/\/api.w.org\/{rel}","templated":true}]}}