{"id":28505,"date":"2023-09-08T13:06:41","date_gmt":"2023-09-08T18:06:41","guid":{"rendered":"https:\/\/globaltraining.com\/?post_type=product&#038;p=28505"},"modified":"2024-12-06T11:40:30","modified_gmt":"2024-12-06T17:40:30","slug":"manejo-de-la-fatiga","status":"publish","type":"product","link":"https:\/\/globaltraining.com\/es\/product\/fatigue-management\/","title":{"rendered":"Manejo de la fatiga"},"content":{"rendered":"<h2>La importancia del manejo de la fatiga<\/h2>\n<p>En el acelerado mundo actual, la fatiga es un problema frecuente que afecta a personas de diversas industrias. Ya sea que trabaje muchas horas, turnos irregulares o simplemente lleve una vida ocupada, comprender <strong>manejo de la fatiga<\/strong> Es crucial. La fatiga puede provocar una reducci\u00f3n de la productividad, un mayor riesgo de accidentes y una disminuci\u00f3n del bienestar general. Ah\u00ed es donde entra en juego nuestra formaci\u00f3n integral.<\/p>\n<p>Ofrecemos especializados<strong>\u00a0capacitaci\u00f3n<\/strong> dise\u00f1ado para equiparle con el conocimiento y las habilidades para gestionar y mitigar eficazmente los riesgos relacionados con la fatiga. Desde reconocer los signos de fatiga hasta implementar estrategias pr\u00e1cticas, nuestro curso lo cubre todo.<\/p>\n<h2>Lo que aprender\u00e1s<\/h2>\n<p>Nuestro programa est\u00e1 dise\u00f1ado para satisfacer las necesidades de diversas industrias e individuos. He aqu\u00ed un vistazo de lo que aprender\u00e1:<\/p>\n<ul>\n<li>Comprender la ciencia detr\u00e1s de la fatiga y su impacto en la salud f\u00edsica y mental.<\/li>\n<li>Reconocer los signos y s\u00edntomas de fatiga en uno mismo y en los dem\u00e1s.<\/li>\n<li>Implementar estrategias efectivas de manejo de la fatiga, tanto en el trabajo como en la vida diaria.<\/li>\n<li>Crear un ambiente de trabajo m\u00e1s saludable que promueva el bienestar y reduzca los riesgos relacionados con la fatiga.<\/li>\n<\/ul>\n<h2>Gana tu<strong>\u00a0Certificado<\/strong><\/h2>\n<p>Al completar con \u00e9xito nuestro programa de capacitaci\u00f3n, recibir\u00e1 un <strong>certificado de gesti\u00f3n de la fatiga<\/strong> que demuestre su experiencia en el manejo y mitigaci\u00f3n de la fatiga. Este certificado es un activo valioso, ya sea usted un empleador que busca mejorar la seguridad en el lugar de trabajo o un individuo que busca mejorar sus credenciales y empleabilidad.<\/p>\n<h2>\u00bfPor qu\u00e9 elegir la formaci\u00f3n global para la gesti\u00f3n de la fatiga?<\/h2>\n<p>Hay varias razones para elegir Global Training para su <strong>manejo de la fatiga<\/strong> necesidades:<\/p>\n<ul>\n<li><strong>Instructores expertos:<\/strong> Aprenda de expertos de la industria con a\u00f1os de experiencia en el manejo de la fatiga.<\/li>\n<li><strong>Aprendizaje flexible:<\/strong> Nuestros cursos en l\u00ednea le permiten aprender a su propio ritmo, adapt\u00e1ndose a su apretada agenda.<\/li>\n<li><strong>Estrategias pr\u00e1cticas:<\/strong> Obtenga acceso a estrategias pr\u00e1cticas del mundo real que puede aplicar de inmediato.<\/li>\n<\/ul>\n<h2>\u00a1Tome medidas contra la fatiga hoy!<\/h2>\n<p>No permita que la fatiga comprometa su seguridad, salud o productividad. \u00danete a nuestro<strong>\u00a0capacitaci\u00f3n<\/strong> programa y d\u00e9 el primer paso hacia una vida m\u00e1s saludable, segura y productiva. Con nuestro curso integral, obtendr\u00e1 el conocimiento y la certificaci\u00f3n que necesita para gestionar eficazmente la fatiga y prosperar en su vida personal y profesional.<\/p>","protected":false},"excerpt":{"rendered":"<p>Mejore la seguridad, la productividad y el bienestar con nuestra <strong>entrenamiento en manejo de fatiga<\/strong>. Gana un valioso <strong>certificado de gesti\u00f3n de la fatiga<\/strong> y destaca en tu campo.<\/p>","protected":false},"featured_media":27172,"template":"","meta":{"_et_pb_use_builder":"","_et_pb_old_content":"","_et_gb_content_width":""},"product_brand":[],"product_cat":[143,148,156,172],"product_tag":[],"class_list":{"0":"post-28505","1":"product","2":"type-product","3":"status-publish","4":"has-post-thumbnail","6":"product_cat-health-and-safety","7":"product_cat-hr","8":"product_cat-occupational-health-and-safety","9":"product_cat-workplace-policies-and-procedures","11":"first","12":"instock","13":"virtual","14":"sold-individually","15":"purchasable","16":"product-type-simple"},"yoast_head":"<!-- This site is optimized with the Yoast SEO plugin v27.3 - https:\/\/yoast.com\/product\/yoast-seo-wordpress\/ -->\n<title>Fatigue Management - Global Safety &amp; Environmental<\/title>\n<meta name=\"description\" content=\"Learn effective fatigue management with our comprehensive training program. Earn your fatigue management certificate and take control of your well-being.\" \/>\n<meta name=\"robots\" content=\"index, follow, max-snippet:-1, max-image-preview:large, max-video-preview:-1\" \/>\n<link rel=\"canonical\" href=\"https:\/\/globaltraining.com\/es\/producto\/manejo-de-la-fatiga\/\" \/>\n<meta property=\"og:locale\" content=\"es_MX\" \/>\n<meta property=\"og:type\" content=\"article\" \/>\n<meta property=\"og:title\" content=\"Fatigue Management - Global Safety &amp; Environmental\" \/>\n<meta property=\"og:description\" content=\"Learn effective fatigue management with our comprehensive training program. Earn your fatigue management certificate and take control of your well-being.\" \/>\n<meta property=\"og:url\" content=\"https:\/\/globaltraining.com\/es\/producto\/manejo-de-la-fatiga\/\" \/>\n<meta property=\"og:site_name\" content=\"Global Safety &amp; Environmental\" \/>\n<meta property=\"article:modified_time\" content=\"2024-12-06T17:40:30+00:00\" \/>\n<meta property=\"og:image\" content=\"https:\/\/globaltraining.com\/wp-content\/uploads\/2021\/08\/fatigue4x6.jpg\" \/>\n\t<meta property=\"og:image:width\" content=\"1200\" \/>\n\t<meta property=\"og:image:height\" content=\"800\" \/>\n\t<meta property=\"og:image:type\" content=\"image\/jpeg\" \/>\n<meta name=\"twitter:card\" content=\"summary_large_image\" \/>\n<meta name=\"twitter:label1\" content=\"Est. reading time\" \/>\n\t<meta name=\"twitter:data1\" content=\"2 minutes\" \/>\n<script type=\"application\/ld+json\" class=\"yoast-schema-graph\">{\"@context\":\"https:\\\/\\\/schema.org\",\"@graph\":[{\"@type\":\"WebPage\",\"@id\":\"https:\\\/\\\/globaltraining.com\\\/product\\\/fatigue-management\\\/\",\"url\":\"https:\\\/\\\/globaltraining.com\\\/product\\\/fatigue-management\\\/\",\"name\":\"Fatigue Management - Global Safety &amp; Environmental\",\"isPartOf\":{\"@id\":\"https:\\\/\\\/globaltraining.com\\\/#website\"},\"primaryImageOfPage\":{\"@id\":\"https:\\\/\\\/globaltraining.com\\\/product\\\/fatigue-management\\\/#primaryimage\"},\"image\":{\"@id\":\"https:\\\/\\\/globaltraining.com\\\/product\\\/fatigue-management\\\/#primaryimage\"},\"thumbnailUrl\":\"https:\\\/\\\/globaltraining.com\\\/wp-content\\\/uploads\\\/2021\\\/08\\\/fatigue4x6.jpg\",\"datePublished\":\"2023-09-08T18:06:41+00:00\",\"dateModified\":\"2024-12-06T17:40:30+00:00\",\"description\":\"Learn effective fatigue management with our comprehensive training program. Earn your fatigue management certificate and take control of your well-being.\",\"breadcrumb\":{\"@id\":\"https:\\\/\\\/globaltraining.com\\\/product\\\/fatigue-management\\\/#breadcrumb\"},\"inLanguage\":\"es-MX\",\"potentialAction\":[{\"@type\":\"ReadAction\",\"target\":[\"https:\\\/\\\/globaltraining.com\\\/product\\\/fatigue-management\\\/\"]}]},{\"@type\":\"ImageObject\",\"inLanguage\":\"es-MX\",\"@id\":\"https:\\\/\\\/globaltraining.com\\\/product\\\/fatigue-management\\\/#primaryimage\",\"url\":\"https:\\\/\\\/globaltraining.com\\\/wp-content\\\/uploads\\\/2021\\\/08\\\/fatigue4x6.jpg\",\"contentUrl\":\"https:\\\/\\\/globaltraining.com\\\/wp-content\\\/uploads\\\/2021\\\/08\\\/fatigue4x6.jpg\",\"width\":1200,\"height\":800,\"caption\":\"fatigue management\"},{\"@type\":\"BreadcrumbList\",\"@id\":\"https:\\\/\\\/globaltraining.com\\\/product\\\/fatigue-management\\\/#breadcrumb\",\"itemListElement\":[{\"@type\":\"ListItem\",\"position\":1,\"name\":\"Home\",\"item\":\"https:\\\/\\\/globaltraining.com\\\/\"},{\"@type\":\"ListItem\",\"position\":2,\"name\":\"Productos\",\"item\":\"https:\\\/\\\/globaltraining.com\\\/es\\\/shop\\\/\"},{\"@type\":\"ListItem\",\"position\":3,\"name\":\"Fatigue Management\"}]},{\"@type\":\"WebSite\",\"@id\":\"https:\\\/\\\/globaltraining.com\\\/#website\",\"url\":\"https:\\\/\\\/globaltraining.com\\\/\",\"name\":\"Global Safety & Environmental\",\"description\":\"Full Service Health, Safety, and Environmental Courses\",\"publisher\":{\"@id\":\"https:\\\/\\\/globaltraining.com\\\/#organization\"},\"potentialAction\":[{\"@type\":\"SearchAction\",\"target\":{\"@type\":\"EntryPoint\",\"urlTemplate\":\"https:\\\/\\\/globaltraining.com\\\/?s={search_term_string}\"},\"query-input\":{\"@type\":\"PropertyValueSpecification\",\"valueRequired\":true,\"valueName\":\"search_term_string\"}}],\"inLanguage\":\"es-MX\"},{\"@type\":\"Organization\",\"@id\":\"https:\\\/\\\/globaltraining.com\\\/#organization\",\"name\":\"Global Safety & Environmental\",\"url\":\"https:\\\/\\\/globaltraining.com\\\/\",\"logo\":{\"@type\":\"ImageObject\",\"inLanguage\":\"es-MX\",\"@id\":\"https:\\\/\\\/globaltraining.com\\\/#\\\/schema\\\/logo\\\/image\\\/\",\"url\":\"https:\\\/\\\/globaltraining.com\\\/wp-content\\\/uploads\\\/2021\\\/01\\\/GSE-Logo-for-email.png\",\"contentUrl\":\"https:\\\/\\\/globaltraining.com\\\/wp-content\\\/uploads\\\/2021\\\/01\\\/GSE-Logo-for-email.png\",\"width\":400,\"height\":101,\"caption\":\"Global Safety & Environmental\"},\"image\":{\"@id\":\"https:\\\/\\\/globaltraining.com\\\/#\\\/schema\\\/logo\\\/image\\\/\"}}]}<\/script>\n<!-- \/ Yoast SEO plugin. -->","yoast_head_json":{"title":"Gesti\u00f3n de la fatiga - Seguridad y medio ambiente global","description":"Aprenda a gestionar eficazmente la fatiga con nuestro programa de formaci\u00f3n integral. Obtenga su certificado de gesti\u00f3n de la fatiga y tome el control de su bienestar.","robots":{"index":"index","follow":"follow","max-snippet":"max-snippet:-1","max-image-preview":"max-image-preview:large","max-video-preview":"max-video-preview:-1"},"canonical":"https:\/\/globaltraining.com\/es\/producto\/manejo-de-la-fatiga\/","og_locale":"es_MX","og_type":"article","og_title":"Fatigue Management - Global Safety &amp; Environmental","og_description":"Learn effective fatigue management with our comprehensive training program. Earn your fatigue management certificate and take control of your well-being.","og_url":"https:\/\/globaltraining.com\/es\/producto\/manejo-de-la-fatiga\/","og_site_name":"Global Safety &amp; Environmental","article_modified_time":"2024-12-06T17:40:30+00:00","og_image":[{"width":1200,"height":800,"url":"https:\/\/globaltraining.com\/wp-content\/uploads\/2021\/08\/fatigue4x6.jpg","type":"image\/jpeg"}],"twitter_card":"summary_large_image","twitter_misc":{"Est. reading time":"2 minutes"},"schema":{"@context":"https:\/\/schema.org","@graph":[{"@type":"WebPage","@id":"https:\/\/globaltraining.com\/product\/fatigue-management\/","url":"https:\/\/globaltraining.com\/product\/fatigue-management\/","name":"Gesti\u00f3n de la fatiga - Seguridad y medio ambiente global","isPartOf":{"@id":"https:\/\/globaltraining.com\/#website"},"primaryImageOfPage":{"@id":"https:\/\/globaltraining.com\/product\/fatigue-management\/#primaryimage"},"image":{"@id":"https:\/\/globaltraining.com\/product\/fatigue-management\/#primaryimage"},"thumbnailUrl":"https:\/\/globaltraining.com\/wp-content\/uploads\/2021\/08\/fatigue4x6.jpg","datePublished":"2023-09-08T18:06:41+00:00","dateModified":"2024-12-06T17:40:30+00:00","description":"Aprenda a gestionar eficazmente la fatiga con nuestro programa de formaci\u00f3n integral. Obtenga su certificado de gesti\u00f3n de la fatiga y tome el control de su bienestar.","breadcrumb":{"@id":"https:\/\/globaltraining.com\/product\/fatigue-management\/#breadcrumb"},"inLanguage":"es-MX","potentialAction":[{"@type":"ReadAction","target":["https:\/\/globaltraining.com\/product\/fatigue-management\/"]}]},{"@type":"ImageObject","inLanguage":"es-MX","@id":"https:\/\/globaltraining.com\/product\/fatigue-management\/#primaryimage","url":"https:\/\/globaltraining.com\/wp-content\/uploads\/2021\/08\/fatigue4x6.jpg","contentUrl":"https:\/\/globaltraining.com\/wp-content\/uploads\/2021\/08\/fatigue4x6.jpg","width":1200,"height":800,"caption":"fatigue management"},{"@type":"BreadcrumbList","@id":"https:\/\/globaltraining.com\/product\/fatigue-management\/#breadcrumb","itemListElement":[{"@type":"ListItem","position":1,"name":"Home","item":"https:\/\/globaltraining.com\/"},{"@type":"ListItem","position":2,"name":"Productos","item":"https:\/\/globaltraining.com\/es\/shop\/"},{"@type":"ListItem","position":3,"name":"Fatigue Management"}]},{"@type":"WebSite","@id":"https:\/\/globaltraining.com\/#website","url":"https:\/\/globaltraining.com\/","name":"Seguridad y medio ambiente a nivel mundial","description":"Cursos completos de salud, seguridad y medio ambiente","publisher":{"@id":"https:\/\/globaltraining.com\/#organization"},"potentialAction":[{"@type":"SearchAction","target":{"@type":"EntryPoint","urlTemplate":"https:\/\/globaltraining.com\/?s={search_term_string}"},"query-input":{"@type":"PropertyValueSpecification","valueRequired":true,"valueName":"search_term_string"}}],"inLanguage":"es-MX"},{"@type":"Organization","@id":"https:\/\/globaltraining.com\/#organization","name":"Seguridad y medio ambiente a nivel mundial","url":"https:\/\/globaltraining.com\/","logo":{"@type":"ImageObject","inLanguage":"es-MX","@id":"https:\/\/globaltraining.com\/#\/schema\/logo\/image\/","url":"https:\/\/globaltraining.com\/wp-content\/uploads\/2021\/01\/GSE-Logo-for-email.png","contentUrl":"https:\/\/globaltraining.com\/wp-content\/uploads\/2021\/01\/GSE-Logo-for-email.png","width":400,"height":101,"caption":"Global Safety & Environmental"},"image":{"@id":"https:\/\/globaltraining.com\/#\/schema\/logo\/image\/"}}]}},"_links":{"self":[{"href":"https:\/\/globaltraining.com\/es\/wp-json\/wp\/v2\/product\/28505","targetHints":{"allow":["GET"]}}],"collection":[{"href":"https:\/\/globaltraining.com\/es\/wp-json\/wp\/v2\/product"}],"about":[{"href":"https:\/\/globaltraining.com\/es\/wp-json\/wp\/v2\/types\/product"}],"wp:featuredmedia":[{"embeddable":true,"href":"https:\/\/globaltraining.com\/es\/wp-json\/wp\/v2\/media\/27172"}],"wp:attachment":[{"href":"https:\/\/globaltraining.com\/es\/wp-json\/wp\/v2\/media?parent=28505"}],"wp:term":[{"taxonomy":"product_brand","embeddable":true,"href":"https:\/\/globaltraining.com\/es\/wp-json\/wp\/v2\/product_brand?post=28505"},{"taxonomy":"product_cat","embeddable":true,"href":"https:\/\/globaltraining.com\/es\/wp-json\/wp\/v2\/product_cat?post=28505"},{"taxonomy":"product_tag","embeddable":true,"href":"https:\/\/globaltraining.com\/es\/wp-json\/wp\/v2\/product_tag?post=28505"}],"curies":[{"name":"Gracias","href":"https:\/\/api.w.org\/{rel}","templated":true}]}}