{"id":28503,"date":"2023-09-08T13:03:25","date_gmt":"2023-09-08T18:03:25","guid":{"rendered":"https:\/\/globaltraining.com\/?post_type=product&#038;p=28503"},"modified":"2024-12-06T11:42:03","modified_gmt":"2024-12-06T17:42:03","slug":"capacitacion-para-usuarios-finales-en-proteccion-contra-caidas","status":"publish","type":"product","link":"https:\/\/globaltraining.com\/es\/product\/fall-protection-end-user-training\/","title":{"rendered":"Capacitaci\u00f3n para usuarios finales sobre protecci\u00f3n contra ca\u00eddas"},"content":{"rendered":"<h2>La importancia de la capacitaci\u00f3n del usuario final en protecci\u00f3n contra ca\u00eddas<\/h2>\n<p>Bienvenido a nuestro completo <strong>Capacitaci\u00f3n para usuarios finales sobre protecci\u00f3n contra ca\u00eddas<\/strong>, dise\u00f1ado para brindar a personas como usted el conocimiento y las habilidades necesarias para mantenerse seguros mientras trabajan en alturas. Las ca\u00eddas son una de las principales causas de lesiones en el lugar de trabajo, por lo que es vital que todos los usuarios finales est\u00e9n bien capacitados en protecci\u00f3n contra ca\u00eddas.<\/p>\n<p>Este curso est\u00e1 dise\u00f1ado para brindarle las habilidades esenciales necesarias para usar correctamente el equipo de protecci\u00f3n contra ca\u00eddas, comprender los protocolos de seguridad y reconocer posibles riesgos de ca\u00eddas en su entorno de trabajo.<\/p>\n<h2>Convertirse en un usuario competente de protecci\u00f3n contra ca\u00eddas<\/h2>\n<p>A <strong>Usuario de protecci\u00f3n contra ca\u00eddas<\/strong> es cualquier persona que trabaja en alturas y conf\u00eda en sistemas y equipos de protecci\u00f3n contra ca\u00eddas para prevenir accidentes. Si usted es un trabajador de la construcci\u00f3n, un limpiador de ventanas o cualquier profesional expuesto a riesgos de ca\u00eddas, esta capacitaci\u00f3n es indispensable.<\/p>\n<p>Nuestro completo programa de capacitaci\u00f3n cubre todo lo que necesita saber para convertirse en un usuario final competente de equipos de protecci\u00f3n contra ca\u00eddas. Desde seleccionar el arn\u00e9s de seguridad adecuado hasta comprender los puntos de anclaje e inspeccionar el equipo, obtendr\u00e1 la experiencia necesaria para trabajar con confianza y seguridad en lugares elevados.<\/p>\n<h2>Objetivos clave de aprendizaje<\/h2>\n<p>A lo largo de este curso, lograr\u00e1 los siguientes objetivos de aprendizaje:<\/p>\n<ul>\n<li><strong>Uso seguro del equipo:<\/strong> Aprenda c\u00f3mo usar, ajustar y utilizar correctamente el equipo de protecci\u00f3n contra ca\u00eddas.<\/li>\n<li><strong>Reconocimiento de peligro de ca\u00edda:<\/strong> Desarrollar la capacidad de identificar riesgos de ca\u00eddas en diversos entornos laborales.<\/li>\n<li><strong>Respuesta de emergencia:<\/strong> Est\u00e9 preparado para responder eficazmente en caso de una ca\u00edda o emergencia.<\/li>\n<li><\/li>\n<\/ul>\n<h2>Por qu\u00e9 elegir nuestra capacitaci\u00f3n para usuarios finales sobre protecci\u00f3n contra ca\u00eddas<\/h2>\n<p>Inscribirse en nuestro programa de capacitaci\u00f3n significa elegir seguridad, excelencia y cumplimiento. He aqu\u00ed por qu\u00e9 nuestro curso se destaca:<\/p>\n<ul>\n<li><strong>Instructores expertos:<\/strong> Aprenda de instructores experimentados con conocimientos profundos sobre protecci\u00f3n contra ca\u00eddas.<\/li>\n<li><strong>Aprendizaje pr\u00e1ctico:<\/strong> Participe en ejercicios pr\u00e1cticos para reforzar su comprensi\u00f3n y habilidades.<\/li>\n<li><strong>Formaci\u00f3n personalizada:<\/strong> Ofrecemos opciones de capacitaci\u00f3n flexibles para atender tanto a individuos como a organizaciones.<\/li>\n<\/ul>\n<h2>Comience su viaje hacia alturas m\u00e1s seguras<\/h2>\n<p>No haga concesiones cuando se trata de seguridad. \u00danete a nuestro <strong>Capacitaci\u00f3n para usuarios de protecci\u00f3n contra ca\u00eddas<\/strong> hoy y d\u00e9 el primer paso para convertirse en un usuario competente en protecci\u00f3n contra ca\u00eddas. Su compromiso con la seguridad puede salvar vidas y prevenir accidentes.<\/p>","protected":false},"excerpt":{"rendered":"<p>Equ\u00edpese con el conocimiento y las habilidades para prevenir ca\u00eddas y mantenerse seguro en alturas elevadas con nuestro <strong>Capacitaci\u00f3n para usuarios finales sobre protecci\u00f3n contra ca\u00eddas<\/strong>. Perfecto para todos los profesionales expuestos a riesgos de ca\u00eddas.<\/p>","protected":false},"featured_media":27159,"template":"","meta":{"_et_pb_use_builder":"","_et_pb_old_content":"","_et_gb_content_width":""},"product_brand":[],"product_cat":[131,134,156,171],"product_tag":[],"class_list":{"0":"post-28503","1":"product","2":"type-product","3":"status-publish","4":"has-post-thumbnail","6":"product_cat-emergency-preparedness","7":"product_cat-fall-protection","8":"product_cat-occupational-health-and-safety","9":"product_cat-working-at-heights","11":"first","12":"instock","13":"virtual","14":"sold-individually","15":"purchasable","16":"product-type-simple"},"yoast_head":"<!-- This site is optimized with the Yoast SEO plugin v27.3 - https:\/\/yoast.com\/product\/yoast-seo-wordpress\/ -->\n<title>Fall Protection End User Training - Global Safety &amp; Environmental<\/title>\n<meta name=\"description\" content=\"Empower yourself with our Fall Protection End User Training. Gain essential skills to stay safe while working at heights.\" \/>\n<meta name=\"robots\" content=\"index, follow, max-snippet:-1, max-image-preview:large, max-video-preview:-1\" \/>\n<link rel=\"canonical\" href=\"https:\/\/globaltraining.com\/es\/producto\/capacitacion-para-usuarios-finales-en-proteccion-contra-caidas\/\" \/>\n<meta property=\"og:locale\" content=\"es_MX\" \/>\n<meta property=\"og:type\" content=\"article\" \/>\n<meta property=\"og:title\" content=\"Fall Protection End User Training - Global Safety &amp; Environmental\" \/>\n<meta property=\"og:description\" content=\"Empower yourself with our Fall Protection End User Training. Gain essential skills to stay safe while working at heights.\" \/>\n<meta property=\"og:url\" content=\"https:\/\/globaltraining.com\/es\/producto\/capacitacion-para-usuarios-finales-en-proteccion-contra-caidas\/\" \/>\n<meta property=\"og:site_name\" content=\"Global Safety &amp; Environmental\" \/>\n<meta property=\"article:modified_time\" content=\"2024-12-06T17:42:03+00:00\" \/>\n<meta property=\"og:image\" content=\"https:\/\/globaltraining.com\/wp-content\/uploads\/2021\/09\/worker-on-mega-construction-64AZLMY.jpg\" \/>\n\t<meta property=\"og:image:width\" content=\"1200\" \/>\n\t<meta property=\"og:image:height\" content=\"800\" \/>\n\t<meta property=\"og:image:type\" content=\"image\/jpeg\" \/>\n<meta name=\"twitter:card\" content=\"summary_large_image\" \/>\n<meta name=\"twitter:label1\" content=\"Est. reading time\" \/>\n\t<meta name=\"twitter:data1\" content=\"2 minutes\" \/>\n<script type=\"application\/ld+json\" class=\"yoast-schema-graph\">{\"@context\":\"https:\\\/\\\/schema.org\",\"@graph\":[{\"@type\":\"WebPage\",\"@id\":\"https:\\\/\\\/globaltraining.com\\\/product\\\/fall-protection-end-user-training\\\/\",\"url\":\"https:\\\/\\\/globaltraining.com\\\/product\\\/fall-protection-end-user-training\\\/\",\"name\":\"Fall Protection End User Training - Global Safety &amp; Environmental\",\"isPartOf\":{\"@id\":\"https:\\\/\\\/globaltraining.com\\\/#website\"},\"primaryImageOfPage\":{\"@id\":\"https:\\\/\\\/globaltraining.com\\\/product\\\/fall-protection-end-user-training\\\/#primaryimage\"},\"image\":{\"@id\":\"https:\\\/\\\/globaltraining.com\\\/product\\\/fall-protection-end-user-training\\\/#primaryimage\"},\"thumbnailUrl\":\"https:\\\/\\\/globaltraining.com\\\/wp-content\\\/uploads\\\/2021\\\/09\\\/worker-on-mega-construction-64AZLMY.jpg\",\"datePublished\":\"2023-09-08T18:03:25+00:00\",\"dateModified\":\"2024-12-06T17:42:03+00:00\",\"description\":\"Empower yourself with our Fall Protection End User Training. Gain essential skills to stay safe while working at heights.\",\"breadcrumb\":{\"@id\":\"https:\\\/\\\/globaltraining.com\\\/product\\\/fall-protection-end-user-training\\\/#breadcrumb\"},\"inLanguage\":\"es-MX\",\"potentialAction\":[{\"@type\":\"ReadAction\",\"target\":[\"https:\\\/\\\/globaltraining.com\\\/product\\\/fall-protection-end-user-training\\\/\"]}]},{\"@type\":\"ImageObject\",\"inLanguage\":\"es-MX\",\"@id\":\"https:\\\/\\\/globaltraining.com\\\/product\\\/fall-protection-end-user-training\\\/#primaryimage\",\"url\":\"https:\\\/\\\/globaltraining.com\\\/wp-content\\\/uploads\\\/2021\\\/09\\\/worker-on-mega-construction-64AZLMY.jpg\",\"contentUrl\":\"https:\\\/\\\/globaltraining.com\\\/wp-content\\\/uploads\\\/2021\\\/09\\\/worker-on-mega-construction-64AZLMY.jpg\",\"width\":1200,\"height\":800,\"caption\":\"fall protection end user training\"},{\"@type\":\"BreadcrumbList\",\"@id\":\"https:\\\/\\\/globaltraining.com\\\/product\\\/fall-protection-end-user-training\\\/#breadcrumb\",\"itemListElement\":[{\"@type\":\"ListItem\",\"position\":1,\"name\":\"Home\",\"item\":\"https:\\\/\\\/globaltraining.com\\\/\"},{\"@type\":\"ListItem\",\"position\":2,\"name\":\"Productos\",\"item\":\"https:\\\/\\\/globaltraining.com\\\/es\\\/shop\\\/\"},{\"@type\":\"ListItem\",\"position\":3,\"name\":\"Fall Protection End User Training\"}]},{\"@type\":\"WebSite\",\"@id\":\"https:\\\/\\\/globaltraining.com\\\/#website\",\"url\":\"https:\\\/\\\/globaltraining.com\\\/\",\"name\":\"Global Safety & Environmental\",\"description\":\"Full Service Health, Safety, and Environmental Courses\",\"publisher\":{\"@id\":\"https:\\\/\\\/globaltraining.com\\\/#organization\"},\"potentialAction\":[{\"@type\":\"SearchAction\",\"target\":{\"@type\":\"EntryPoint\",\"urlTemplate\":\"https:\\\/\\\/globaltraining.com\\\/?s={search_term_string}\"},\"query-input\":{\"@type\":\"PropertyValueSpecification\",\"valueRequired\":true,\"valueName\":\"search_term_string\"}}],\"inLanguage\":\"es-MX\"},{\"@type\":\"Organization\",\"@id\":\"https:\\\/\\\/globaltraining.com\\\/#organization\",\"name\":\"Global Safety & Environmental\",\"url\":\"https:\\\/\\\/globaltraining.com\\\/\",\"logo\":{\"@type\":\"ImageObject\",\"inLanguage\":\"es-MX\",\"@id\":\"https:\\\/\\\/globaltraining.com\\\/#\\\/schema\\\/logo\\\/image\\\/\",\"url\":\"https:\\\/\\\/globaltraining.com\\\/wp-content\\\/uploads\\\/2021\\\/01\\\/GSE-Logo-for-email.png\",\"contentUrl\":\"https:\\\/\\\/globaltraining.com\\\/wp-content\\\/uploads\\\/2021\\\/01\\\/GSE-Logo-for-email.png\",\"width\":400,\"height\":101,\"caption\":\"Global Safety & Environmental\"},\"image\":{\"@id\":\"https:\\\/\\\/globaltraining.com\\\/#\\\/schema\\\/logo\\\/image\\\/\"}}]}<\/script>\n<!-- \/ Yoast SEO plugin. -->","yoast_head_json":{"title":"Capacitaci\u00f3n para usuarios finales sobre protecci\u00f3n contra ca\u00eddas - Seguridad y medio ambiente global","description":"Empod\u00e9rese con nuestra capacitaci\u00f3n para usuarios finales sobre protecci\u00f3n contra ca\u00eddas. Adquiera habilidades esenciales para mantenerse seguro mientras trabaja en alturas.","robots":{"index":"index","follow":"follow","max-snippet":"max-snippet:-1","max-image-preview":"max-image-preview:large","max-video-preview":"max-video-preview:-1"},"canonical":"https:\/\/globaltraining.com\/es\/producto\/capacitacion-para-usuarios-finales-en-proteccion-contra-caidas\/","og_locale":"es_MX","og_type":"article","og_title":"Fall Protection End User Training - Global Safety &amp; Environmental","og_description":"Empower yourself with our Fall Protection End User Training. Gain essential skills to stay safe while working at heights.","og_url":"https:\/\/globaltraining.com\/es\/producto\/capacitacion-para-usuarios-finales-en-proteccion-contra-caidas\/","og_site_name":"Global Safety &amp; Environmental","article_modified_time":"2024-12-06T17:42:03+00:00","og_image":[{"width":1200,"height":800,"url":"https:\/\/globaltraining.com\/wp-content\/uploads\/2021\/09\/worker-on-mega-construction-64AZLMY.jpg","type":"image\/jpeg"}],"twitter_card":"summary_large_image","twitter_misc":{"Est. reading time":"2 minutes"},"schema":{"@context":"https:\/\/schema.org","@graph":[{"@type":"WebPage","@id":"https:\/\/globaltraining.com\/product\/fall-protection-end-user-training\/","url":"https:\/\/globaltraining.com\/product\/fall-protection-end-user-training\/","name":"Capacitaci\u00f3n para usuarios finales sobre protecci\u00f3n contra ca\u00eddas - Seguridad y medio ambiente global","isPartOf":{"@id":"https:\/\/globaltraining.com\/#website"},"primaryImageOfPage":{"@id":"https:\/\/globaltraining.com\/product\/fall-protection-end-user-training\/#primaryimage"},"image":{"@id":"https:\/\/globaltraining.com\/product\/fall-protection-end-user-training\/#primaryimage"},"thumbnailUrl":"https:\/\/globaltraining.com\/wp-content\/uploads\/2021\/09\/worker-on-mega-construction-64AZLMY.jpg","datePublished":"2023-09-08T18:03:25+00:00","dateModified":"2024-12-06T17:42:03+00:00","description":"Empod\u00e9rese con nuestra capacitaci\u00f3n para usuarios finales sobre protecci\u00f3n contra ca\u00eddas. Adquiera habilidades esenciales para mantenerse seguro mientras trabaja en alturas.","breadcrumb":{"@id":"https:\/\/globaltraining.com\/product\/fall-protection-end-user-training\/#breadcrumb"},"inLanguage":"es-MX","potentialAction":[{"@type":"ReadAction","target":["https:\/\/globaltraining.com\/product\/fall-protection-end-user-training\/"]}]},{"@type":"ImageObject","inLanguage":"es-MX","@id":"https:\/\/globaltraining.com\/product\/fall-protection-end-user-training\/#primaryimage","url":"https:\/\/globaltraining.com\/wp-content\/uploads\/2021\/09\/worker-on-mega-construction-64AZLMY.jpg","contentUrl":"https:\/\/globaltraining.com\/wp-content\/uploads\/2021\/09\/worker-on-mega-construction-64AZLMY.jpg","width":1200,"height":800,"caption":"fall protection end user training"},{"@type":"BreadcrumbList","@id":"https:\/\/globaltraining.com\/product\/fall-protection-end-user-training\/#breadcrumb","itemListElement":[{"@type":"ListItem","position":1,"name":"Home","item":"https:\/\/globaltraining.com\/"},{"@type":"ListItem","position":2,"name":"Productos","item":"https:\/\/globaltraining.com\/es\/shop\/"},{"@type":"ListItem","position":3,"name":"Fall Protection End User Training"}]},{"@type":"WebSite","@id":"https:\/\/globaltraining.com\/#website","url":"https:\/\/globaltraining.com\/","name":"Seguridad y medio ambiente a nivel mundial","description":"Cursos completos de salud, seguridad y medio ambiente","publisher":{"@id":"https:\/\/globaltraining.com\/#organization"},"potentialAction":[{"@type":"SearchAction","target":{"@type":"EntryPoint","urlTemplate":"https:\/\/globaltraining.com\/?s={search_term_string}"},"query-input":{"@type":"PropertyValueSpecification","valueRequired":true,"valueName":"search_term_string"}}],"inLanguage":"es-MX"},{"@type":"Organization","@id":"https:\/\/globaltraining.com\/#organization","name":"Seguridad y medio ambiente a nivel mundial","url":"https:\/\/globaltraining.com\/","logo":{"@type":"ImageObject","inLanguage":"es-MX","@id":"https:\/\/globaltraining.com\/#\/schema\/logo\/image\/","url":"https:\/\/globaltraining.com\/wp-content\/uploads\/2021\/01\/GSE-Logo-for-email.png","contentUrl":"https:\/\/globaltraining.com\/wp-content\/uploads\/2021\/01\/GSE-Logo-for-email.png","width":400,"height":101,"caption":"Global Safety & Environmental"},"image":{"@id":"https:\/\/globaltraining.com\/#\/schema\/logo\/image\/"}}]}},"_links":{"self":[{"href":"https:\/\/globaltraining.com\/es\/wp-json\/wp\/v2\/product\/28503","targetHints":{"allow":["GET"]}}],"collection":[{"href":"https:\/\/globaltraining.com\/es\/wp-json\/wp\/v2\/product"}],"about":[{"href":"https:\/\/globaltraining.com\/es\/wp-json\/wp\/v2\/types\/product"}],"wp:featuredmedia":[{"embeddable":true,"href":"https:\/\/globaltraining.com\/es\/wp-json\/wp\/v2\/media\/27159"}],"wp:attachment":[{"href":"https:\/\/globaltraining.com\/es\/wp-json\/wp\/v2\/media?parent=28503"}],"wp:term":[{"taxonomy":"product_brand","embeddable":true,"href":"https:\/\/globaltraining.com\/es\/wp-json\/wp\/v2\/product_brand?post=28503"},{"taxonomy":"product_cat","embeddable":true,"href":"https:\/\/globaltraining.com\/es\/wp-json\/wp\/v2\/product_cat?post=28503"},{"taxonomy":"product_tag","embeddable":true,"href":"https:\/\/globaltraining.com\/es\/wp-json\/wp\/v2\/product_tag?post=28503"}],"curies":[{"name":"Gracias","href":"https:\/\/api.w.org\/{rel}","templated":true}]}}