{"id":28502,"date":"2023-09-08T12:56:52","date_gmt":"2023-09-08T17:56:52","guid":{"rendered":"https:\/\/globaltraining.com\/?post_type=product&#038;p=28502"},"modified":"2024-12-06T11:42:51","modified_gmt":"2024-12-06T17:42:51","slug":"formacion-de-personas-competentes-en-proteccion-contra-caidas","status":"publish","type":"product","link":"https:\/\/globaltraining.com\/es\/product\/fall-protection-competent-person-training\/","title":{"rendered":"Capacitaci\u00f3n para personas competentes en protecci\u00f3n contra ca\u00eddas"},"content":{"rendered":"<h2>La importancia de capacitar a personas competentes en protecci\u00f3n contra ca\u00eddas<\/h2>\n<p>Bienvenido a nuestro completo <strong>Capacitaci\u00f3n para personas competentes en protecci\u00f3n contra ca\u00eddas<\/strong>, su puerta de entrada para convertirse en un experto certificado en protecci\u00f3n contra ca\u00eddas. Las ca\u00eddas son una de las principales causas de lesiones y muertes en el lugar de trabajo, por lo que es fundamental contar con personas capacitadas que puedan evaluar, planificar y supervisar las medidas de protecci\u00f3n contra ca\u00eddas de forma eficaz.<\/p>\n<p>Este curso est\u00e1 dise\u00f1ado para brindarle los conocimientos y habilidades necesarios para convertirse en una persona competente en protecci\u00f3n contra ca\u00eddas, garantizando su seguridad y la de sus colegas. Como persona competente certificada, desempe\u00f1ar\u00e1 un papel fundamental en la prevenci\u00f3n de ca\u00eddas y la creaci\u00f3n de entornos de trabajo seguros.<\/p>\n<h2>Convertirse en una persona competente en protecci\u00f3n contra ca\u00eddas<\/h2>\n<p>A <strong>persona competente en protecci\u00f3n contra ca\u00eddas<\/strong> es una persona capacitada para reconocer los peligros de ca\u00eddas, evaluar sus riesgos e implementar las medidas de protecci\u00f3n necesarias. Esta funci\u00f3n es especialmente cr\u00edtica en entornos industriales y de construcci\u00f3n, donde el trabajo en altura es com\u00fan.<\/p>\n<p>Nuestro<strong>\u00a0Entrenamiento de protecci\u00f3n contra ca\u00eddas<\/strong> se basa en los \u00faltimos est\u00e1ndares y regulaciones de la industria, lo que garantiza que no solo est\u00e9 bien preparado sino que tambi\u00e9n cumpla con los requisitos legales. Si usted es un empleador que busca mejorar la seguridad de su equipo o un individuo que busca avanzar en su carrera, esta capacitaci\u00f3n es una inversi\u00f3n valiosa.<\/p>\n<h2>Objetivos clave de aprendizaje<\/h2>\n<p>A lo largo del curso conseguir\u00e1s los siguientes objetivos de aprendizaje:<\/p>\n<ul>\n<li><strong>Identifique los peligros de ca\u00eddas:<\/strong> Desarrollar la capacidad de reconocer posibles riesgos de ca\u00eddas en diversos escenarios laborales.<\/li>\n<li><strong>Evaluar el riesgo:<\/strong> Aprenda a evaluar el nivel de riesgo asociado con cada peligro de ca\u00edda y priorice las medidas de seguridad.<\/li>\n<li><strong>Implementar protecci\u00f3n contra ca\u00eddas:<\/strong> Obtenga conocimientos pr\u00e1cticos sobre la selecci\u00f3n y utilizaci\u00f3n de sistemas y equipos de protecci\u00f3n contra ca\u00eddas adecuados.<\/li>\n<li><strong>C\u00f3mplice legal:<\/strong> Comprenda y cumpla con las leyes y regulaciones pertinentes, incluidas las normas EM385.<\/li>\n<li><strong>Respuesta de emergencia:<\/strong> Est\u00e9 preparado para responder eficazmente en caso de una emergencia relacionada con una ca\u00edda.<\/li>\n<\/ul>\n<h2>\u00bfPor qu\u00e9 elegir nuestra capacitaci\u00f3n para personas competentes en protecci\u00f3n contra ca\u00eddas?<\/h2>\n<p>Cuando te inscribes en nuestro curso, est\u00e1s eligiendo excelencia y seguridad. He aqu\u00ed por qu\u00e9 nuestra formaci\u00f3n es la opci\u00f3n ideal:<\/p>\n<ul>\n<li><strong>Instructores expertos:<\/strong> Aprenda de expertos de la industria con amplia experiencia en protecci\u00f3n contra ca\u00eddas.<\/li>\n<li><strong>Plan de estudios integral:<\/strong> Nuestra capacitaci\u00f3n cubre todos los aspectos de la protecci\u00f3n contra ca\u00eddas, lo que garantiza que est\u00e9 bien preparado para cualquier situaci\u00f3n.<\/li>\n<li><strong>Soluciones personalizadas:<\/strong> Ofrecemos opciones de capacitaci\u00f3n flexibles para satisfacer las necesidades tanto de individuos como de organizaciones.<\/li>\n<\/ul>\n<h2>Comience su viaje hacia la excelencia en la protecci\u00f3n contra ca\u00eddas<\/h2>\n<p>\u00danete a nuestro <strong>Capacitaci\u00f3n para personas competentes en protecci\u00f3n contra ca\u00eddas<\/strong> hoy y d\u00e9 el primer paso para convertirse en un experto certificado en protecci\u00f3n contra ca\u00eddas. Su compromiso con la seguridad puede marcar una diferencia significativa a la hora de reducir los accidentes laborales y salvar vidas.<\/p>","protected":false},"excerpt":{"rendered":"<p>Mejore la seguridad en el lugar de trabajo con nuestro<strong>\u00a0Capacitaci\u00f3n para personas competentes en protecci\u00f3n contra ca\u00eddas<\/strong>. Equ\u00edpese usted o su equipo con el conocimiento para prevenir ca\u00eddas y proteger vidas.<\/p>","protected":false},"featured_media":27065,"template":"","meta":{"_et_pb_use_builder":"","_et_pb_old_content":"","_et_gb_content_width":""},"product_brand":[],"product_cat":[122,132,143,156,159,160],"product_tag":[],"class_list":{"0":"post-28502","1":"product","2":"type-product","3":"status-publish","4":"has-post-thumbnail","6":"product_cat-construction","7":"product_cat-equipment","8":"product_cat-health-and-safety","9":"product_cat-occupational-health-and-safety","10":"product_cat-osha","11":"product_cat-ppe","13":"first","14":"instock","15":"virtual","16":"sold-individually","17":"purchasable","18":"product-type-simple"},"yoast_head":"<!-- This site is optimized with the Yoast SEO plugin v27.4 - https:\/\/yoast.com\/product\/yoast-seo-wordpress\/ -->\n<title>Fall Protection Competent Person Training - Global Safety &amp; Environmental<\/title>\n<meta name=\"description\" content=\"Become a certified expert in fall protection with our Fall Protection Competent Person Training. EM385 compliant and designed for your success.\" \/>\n<meta name=\"robots\" content=\"index, follow, max-snippet:-1, max-image-preview:large, max-video-preview:-1\" \/>\n<link rel=\"canonical\" href=\"https:\/\/globaltraining.com\/es\/producto\/formacion-de-personas-competentes-en-proteccion-contra-caidas\/\" \/>\n<meta property=\"og:locale\" content=\"es_MX\" \/>\n<meta property=\"og:type\" content=\"article\" \/>\n<meta property=\"og:title\" content=\"Fall Protection Competent Person Training - Global Safety &amp; Environmental\" \/>\n<meta property=\"og:description\" content=\"Become a certified expert in fall protection with our Fall Protection Competent Person Training. EM385 compliant and designed for your success.\" \/>\n<meta property=\"og:url\" content=\"https:\/\/globaltraining.com\/es\/producto\/formacion-de-personas-competentes-en-proteccion-contra-caidas\/\" \/>\n<meta property=\"og:site_name\" content=\"Global Safety &amp; Environmental\" \/>\n<meta property=\"article:modified_time\" content=\"2024-12-06T17:42:51+00:00\" \/>\n<meta property=\"og:image\" content=\"https:\/\/globaltraining.com\/wp-content\/uploads\/2022\/05\/Fall-Protection-CP-.jpg\" \/>\n\t<meta property=\"og:image:width\" content=\"1200\" \/>\n\t<meta property=\"og:image:height\" content=\"800\" \/>\n\t<meta property=\"og:image:type\" content=\"image\/jpeg\" \/>\n<meta name=\"twitter:card\" content=\"summary_large_image\" \/>\n<meta name=\"twitter:label1\" content=\"Est. reading time\" \/>\n\t<meta name=\"twitter:data1\" content=\"2 minutes\" \/>\n<script type=\"application\/ld+json\" class=\"yoast-schema-graph\">{\"@context\":\"https:\\\/\\\/schema.org\",\"@graph\":[{\"@type\":\"WebPage\",\"@id\":\"https:\\\/\\\/globaltraining.com\\\/product\\\/fall-protection-competent-person-training\\\/\",\"url\":\"https:\\\/\\\/globaltraining.com\\\/product\\\/fall-protection-competent-person-training\\\/\",\"name\":\"Fall Protection Competent Person Training - Global Safety &amp; Environmental\",\"isPartOf\":{\"@id\":\"https:\\\/\\\/globaltraining.com\\\/#website\"},\"primaryImageOfPage\":{\"@id\":\"https:\\\/\\\/globaltraining.com\\\/product\\\/fall-protection-competent-person-training\\\/#primaryimage\"},\"image\":{\"@id\":\"https:\\\/\\\/globaltraining.com\\\/product\\\/fall-protection-competent-person-training\\\/#primaryimage\"},\"thumbnailUrl\":\"https:\\\/\\\/globaltraining.com\\\/wp-content\\\/uploads\\\/2022\\\/05\\\/Fall-Protection-CP-.jpg\",\"datePublished\":\"2023-09-08T17:56:52+00:00\",\"dateModified\":\"2024-12-06T17:42:51+00:00\",\"description\":\"Become a certified expert in fall protection with our Fall Protection Competent Person Training. EM385 compliant and designed for your success.\",\"breadcrumb\":{\"@id\":\"https:\\\/\\\/globaltraining.com\\\/product\\\/fall-protection-competent-person-training\\\/#breadcrumb\"},\"inLanguage\":\"es-MX\",\"potentialAction\":[{\"@type\":\"ReadAction\",\"target\":[\"https:\\\/\\\/globaltraining.com\\\/product\\\/fall-protection-competent-person-training\\\/\"]}]},{\"@type\":\"ImageObject\",\"inLanguage\":\"es-MX\",\"@id\":\"https:\\\/\\\/globaltraining.com\\\/product\\\/fall-protection-competent-person-training\\\/#primaryimage\",\"url\":\"https:\\\/\\\/globaltraining.com\\\/wp-content\\\/uploads\\\/2022\\\/05\\\/Fall-Protection-CP-.jpg\",\"contentUrl\":\"https:\\\/\\\/globaltraining.com\\\/wp-content\\\/uploads\\\/2022\\\/05\\\/Fall-Protection-CP-.jpg\",\"width\":1200,\"height\":800,\"caption\":\"Fall Protection Competent Person Training\"},{\"@type\":\"BreadcrumbList\",\"@id\":\"https:\\\/\\\/globaltraining.com\\\/product\\\/fall-protection-competent-person-training\\\/#breadcrumb\",\"itemListElement\":[{\"@type\":\"ListItem\",\"position\":1,\"name\":\"Home\",\"item\":\"https:\\\/\\\/globaltraining.com\\\/\"},{\"@type\":\"ListItem\",\"position\":2,\"name\":\"Productos\",\"item\":\"https:\\\/\\\/globaltraining.com\\\/es\\\/shop\\\/\"},{\"@type\":\"ListItem\",\"position\":3,\"name\":\"Fall Protection Competent Person Training\"}]},{\"@type\":\"WebSite\",\"@id\":\"https:\\\/\\\/globaltraining.com\\\/#website\",\"url\":\"https:\\\/\\\/globaltraining.com\\\/\",\"name\":\"Global Safety & Environmental\",\"description\":\"Full Service Health, Safety, and Environmental Courses\",\"publisher\":{\"@id\":\"https:\\\/\\\/globaltraining.com\\\/#organization\"},\"potentialAction\":[{\"@type\":\"SearchAction\",\"target\":{\"@type\":\"EntryPoint\",\"urlTemplate\":\"https:\\\/\\\/globaltraining.com\\\/?s={search_term_string}\"},\"query-input\":{\"@type\":\"PropertyValueSpecification\",\"valueRequired\":true,\"valueName\":\"search_term_string\"}}],\"inLanguage\":\"es-MX\"},{\"@type\":\"Organization\",\"@id\":\"https:\\\/\\\/globaltraining.com\\\/#organization\",\"name\":\"Global Safety & Environmental\",\"url\":\"https:\\\/\\\/globaltraining.com\\\/\",\"logo\":{\"@type\":\"ImageObject\",\"inLanguage\":\"es-MX\",\"@id\":\"https:\\\/\\\/globaltraining.com\\\/#\\\/schema\\\/logo\\\/image\\\/\",\"url\":\"https:\\\/\\\/globaltraining.com\\\/wp-content\\\/uploads\\\/2021\\\/01\\\/GSE-Logo-for-email.png\",\"contentUrl\":\"https:\\\/\\\/globaltraining.com\\\/wp-content\\\/uploads\\\/2021\\\/01\\\/GSE-Logo-for-email.png\",\"width\":400,\"height\":101,\"caption\":\"Global Safety & Environmental\"},\"image\":{\"@id\":\"https:\\\/\\\/globaltraining.com\\\/#\\\/schema\\\/logo\\\/image\\\/\"}}]}<\/script>\n<!-- \/ Yoast SEO plugin. -->","yoast_head_json":{"title":"Capacitaci\u00f3n para personas competentes en protecci\u00f3n contra ca\u00eddas - Seguridad y medio ambiente global","description":"Convi\u00e9rtase en un experto certificado en protecci\u00f3n contra ca\u00eddas con nuestra capacitaci\u00f3n para personas competentes en protecci\u00f3n contra ca\u00eddas. Cumple con la norma EM385 y est\u00e1 dise\u00f1ada para su \u00e9xito.","robots":{"index":"index","follow":"follow","max-snippet":"max-snippet:-1","max-image-preview":"max-image-preview:large","max-video-preview":"max-video-preview:-1"},"canonical":"https:\/\/globaltraining.com\/es\/producto\/formacion-de-personas-competentes-en-proteccion-contra-caidas\/","og_locale":"es_MX","og_type":"article","og_title":"Fall Protection Competent Person Training - Global Safety &amp; Environmental","og_description":"Become a certified expert in fall protection with our Fall Protection Competent Person Training. EM385 compliant and designed for your success.","og_url":"https:\/\/globaltraining.com\/es\/producto\/formacion-de-personas-competentes-en-proteccion-contra-caidas\/","og_site_name":"Global Safety &amp; Environmental","article_modified_time":"2024-12-06T17:42:51+00:00","og_image":[{"width":1200,"height":800,"url":"https:\/\/globaltraining.com\/wp-content\/uploads\/2022\/05\/Fall-Protection-CP-.jpg","type":"image\/jpeg"}],"twitter_card":"summary_large_image","twitter_misc":{"Est. reading time":"2 minutes"},"schema":{"@context":"https:\/\/schema.org","@graph":[{"@type":"WebPage","@id":"https:\/\/globaltraining.com\/product\/fall-protection-competent-person-training\/","url":"https:\/\/globaltraining.com\/product\/fall-protection-competent-person-training\/","name":"Capacitaci\u00f3n para personas competentes en protecci\u00f3n contra ca\u00eddas - Seguridad y medio ambiente global","isPartOf":{"@id":"https:\/\/globaltraining.com\/#website"},"primaryImageOfPage":{"@id":"https:\/\/globaltraining.com\/product\/fall-protection-competent-person-training\/#primaryimage"},"image":{"@id":"https:\/\/globaltraining.com\/product\/fall-protection-competent-person-training\/#primaryimage"},"thumbnailUrl":"https:\/\/globaltraining.com\/wp-content\/uploads\/2022\/05\/Fall-Protection-CP-.jpg","datePublished":"2023-09-08T17:56:52+00:00","dateModified":"2024-12-06T17:42:51+00:00","description":"Convi\u00e9rtase en un experto certificado en protecci\u00f3n contra ca\u00eddas con nuestra capacitaci\u00f3n para personas competentes en protecci\u00f3n contra ca\u00eddas. Cumple con la norma EM385 y est\u00e1 dise\u00f1ada para su \u00e9xito.","breadcrumb":{"@id":"https:\/\/globaltraining.com\/product\/fall-protection-competent-person-training\/#breadcrumb"},"inLanguage":"es-MX","potentialAction":[{"@type":"ReadAction","target":["https:\/\/globaltraining.com\/product\/fall-protection-competent-person-training\/"]}]},{"@type":"ImageObject","inLanguage":"es-MX","@id":"https:\/\/globaltraining.com\/product\/fall-protection-competent-person-training\/#primaryimage","url":"https:\/\/globaltraining.com\/wp-content\/uploads\/2022\/05\/Fall-Protection-CP-.jpg","contentUrl":"https:\/\/globaltraining.com\/wp-content\/uploads\/2022\/05\/Fall-Protection-CP-.jpg","width":1200,"height":800,"caption":"Fall Protection Competent Person Training"},{"@type":"BreadcrumbList","@id":"https:\/\/globaltraining.com\/product\/fall-protection-competent-person-training\/#breadcrumb","itemListElement":[{"@type":"ListItem","position":1,"name":"Home","item":"https:\/\/globaltraining.com\/"},{"@type":"ListItem","position":2,"name":"Productos","item":"https:\/\/globaltraining.com\/es\/shop\/"},{"@type":"ListItem","position":3,"name":"Fall Protection Competent Person Training"}]},{"@type":"WebSite","@id":"https:\/\/globaltraining.com\/#website","url":"https:\/\/globaltraining.com\/","name":"Seguridad y medio ambiente a nivel mundial","description":"Cursos completos de salud, seguridad y medio ambiente","publisher":{"@id":"https:\/\/globaltraining.com\/#organization"},"potentialAction":[{"@type":"SearchAction","target":{"@type":"EntryPoint","urlTemplate":"https:\/\/globaltraining.com\/?s={search_term_string}"},"query-input":{"@type":"PropertyValueSpecification","valueRequired":true,"valueName":"search_term_string"}}],"inLanguage":"es-MX"},{"@type":"Organization","@id":"https:\/\/globaltraining.com\/#organization","name":"Seguridad y medio ambiente a nivel mundial","url":"https:\/\/globaltraining.com\/","logo":{"@type":"ImageObject","inLanguage":"es-MX","@id":"https:\/\/globaltraining.com\/#\/schema\/logo\/image\/","url":"https:\/\/globaltraining.com\/wp-content\/uploads\/2021\/01\/GSE-Logo-for-email.png","contentUrl":"https:\/\/globaltraining.com\/wp-content\/uploads\/2021\/01\/GSE-Logo-for-email.png","width":400,"height":101,"caption":"Global Safety & Environmental"},"image":{"@id":"https:\/\/globaltraining.com\/#\/schema\/logo\/image\/"}}]}},"_links":{"self":[{"href":"https:\/\/globaltraining.com\/es\/wp-json\/wp\/v2\/product\/28502","targetHints":{"allow":["GET"]}}],"collection":[{"href":"https:\/\/globaltraining.com\/es\/wp-json\/wp\/v2\/product"}],"about":[{"href":"https:\/\/globaltraining.com\/es\/wp-json\/wp\/v2\/types\/product"}],"wp:featuredmedia":[{"embeddable":true,"href":"https:\/\/globaltraining.com\/es\/wp-json\/wp\/v2\/media\/27065"}],"wp:attachment":[{"href":"https:\/\/globaltraining.com\/es\/wp-json\/wp\/v2\/media?parent=28502"}],"wp:term":[{"taxonomy":"product_brand","embeddable":true,"href":"https:\/\/globaltraining.com\/es\/wp-json\/wp\/v2\/product_brand?post=28502"},{"taxonomy":"product_cat","embeddable":true,"href":"https:\/\/globaltraining.com\/es\/wp-json\/wp\/v2\/product_cat?post=28502"},{"taxonomy":"product_tag","embeddable":true,"href":"https:\/\/globaltraining.com\/es\/wp-json\/wp\/v2\/product_tag?post=28502"}],"curies":[{"name":"Gracias","href":"https:\/\/api.w.org\/{rel}","templated":true}]}}