{"id":28498,"date":"2023-09-08T12:43:56","date_gmt":"2023-09-08T17:43:56","guid":{"rendered":"https:\/\/globaltraining.com\/?post_type=product&#038;p=28498"},"modified":"2024-12-06T11:51:07","modified_gmt":"2024-12-06T17:51:07","slug":"comunicacion-efectiva","status":"publish","type":"product","link":"https:\/\/globaltraining.com\/es\/product\/effective-communication\/","title":{"rendered":"Comunicaci\u00f3n efectiva"},"content":{"rendered":"<h2>El poder de la comunicaci\u00f3n efectiva<\/h2>\n<p>La comunicaci\u00f3n eficaz es una habilidad vital que desempe\u00f1a un papel fundamental en nuestra vida diaria. Ya sea que est\u00e9 en el trabajo, interactuando con amigos y familiares o dirigi\u00e9ndose a un p\u00fablico m\u00e1s amplio, dominar el arte de <strong>comunicaci\u00f3n efectiva<\/strong> puede afectar significativamente su \u00e9xito y sus relaciones.<\/p>\n<p>Nuestro completo <strong>comunicaci\u00f3n<\/strong> El curso est\u00e1 meticulosamente dise\u00f1ado para ayudarle a desbloquear todo su potencial como comunicador. Al inscribirse en este curso, obtendr\u00e1 una comprensi\u00f3n profunda de varios aspectos de la comunicaci\u00f3n y c\u00f3mo aplicarlos de manera efectiva en diferentes escenarios.<\/p>\n<h2>Aspectos destacados clave del curso<\/h2>\n<p>Este curso cubre una amplia gama de temas relacionados con <strong>comunicaciones efectivas<\/strong>, asegur\u00e1ndose de que desarrolle un conjunto de habilidades completo. Algunos de los aspectos m\u00e1s destacados incluyen:<\/p>\n<ul>\n<li><strong>Comunicaci\u00f3n verbal y no verbal:<\/strong> Aprenda el arte de articular sus pensamientos con claridad e interpretar las se\u00f1ales no verbales con precisi\u00f3n.<\/li>\n<li><strong>Escucha activa:<\/strong> Descubra el poder de la escucha activa, que puede mejorar su capacidad para comprender a los dem\u00e1s y responder con atenci\u00f3n.<\/li>\n<li><strong>Superar las barreras de la comunicaci\u00f3n:<\/strong> Obtenga informaci\u00f3n sobre los obst\u00e1culos comunes para una comunicaci\u00f3n eficaz y las estrategias para superarlos.<\/li>\n<li><strong>Persuasi\u00f3n y Negociaci\u00f3n:<\/strong> Desarrollar habilidades de persuasi\u00f3n y negociaci\u00f3n, de gran valor tanto en el \u00e1mbito personal como profesional.<\/li>\n<\/ul>\n<h2>Aplicaci\u00f3n en el mundo real de la comunicaci\u00f3n eficaz<\/h2>\n<p>\u00bfQu\u00e9 marca nuestra <strong>Comunicaciones efectivas<\/strong>\u00a0Por supuesto, aparte est\u00e1 su enfoque en la aplicaci\u00f3n pr\u00e1ctica. Proporcionamos escenarios y ejercicios del mundo real que le permiten poner en pr\u00e1ctica sus habilidades reci\u00e9n adquiridas. Al final del curso, estar\u00e1 equipado para manejar una variedad de desaf\u00edos de comunicaci\u00f3n con confianza.<\/p>\n<h2>Inscr\u00edbase hoy y transforme su comunicaci\u00f3n<\/h2>\n<p>No pierdas la oportunidad de mejorar tu vida a trav\u00e9s de <strong>comunicaci\u00f3n efectiva<\/strong>. Inscr\u00edbase hoy en nuestro curso y emprenda un viaje para convertirse en un comunicador m\u00e1s persuasivo, emp\u00e1tico e impactante. \u00a1\u00danase a nosotros y exploremos juntos el fascinante mundo de la comunicaci\u00f3n!<\/p>","protected":false},"excerpt":{"rendered":"<p>Desbloquee el poder de la comunicaci\u00f3n efectiva con nuestro curso integral. Mejora tu <strong>comunicaci\u00f3n y comunicaci\u00f3n efectiva<\/strong> habilidades y mejorar tu vida personal y profesional. \u00a1Inscr\u00edbete hoy!<\/p>","protected":false},"featured_media":27120,"template":"","meta":{"_et_pb_use_builder":"","_et_pb_old_content":"","_et_gb_content_width":""},"product_brand":[],"product_cat":[148,163,172],"product_tag":[],"class_list":{"0":"post-28498","1":"product","2":"type-product","3":"status-publish","4":"has-post-thumbnail","6":"product_cat-hr","7":"product_cat-safety-admin","8":"product_cat-workplace-policies-and-procedures","10":"first","11":"instock","12":"virtual","13":"sold-individually","14":"purchasable","15":"product-type-simple"},"yoast_head":"<!-- This site is optimized with the Yoast SEO plugin v27.3 - https:\/\/yoast.com\/product\/yoast-seo-wordpress\/ -->\n<title>Effective Communication - Global Safety &amp; Environmental<\/title>\n<meta name=\"description\" content=\"Master Effective Communication with our comprehensive course. Enhance your communication and effective communication skills. Enroll now!\" \/>\n<meta name=\"robots\" content=\"index, follow, max-snippet:-1, max-image-preview:large, max-video-preview:-1\" \/>\n<link rel=\"canonical\" href=\"https:\/\/globaltraining.com\/es\/producto\/comunicacion-efectiva\/\" \/>\n<meta property=\"og:locale\" content=\"es_MX\" \/>\n<meta property=\"og:type\" content=\"article\" \/>\n<meta property=\"og:title\" content=\"Effective Communication - Global Safety &amp; Environmental\" \/>\n<meta property=\"og:description\" content=\"Master Effective Communication with our comprehensive course. Enhance your communication and effective communication skills. Enroll now!\" \/>\n<meta property=\"og:url\" content=\"https:\/\/globaltraining.com\/es\/producto\/comunicacion-efectiva\/\" \/>\n<meta property=\"og:site_name\" content=\"Global Safety &amp; Environmental\" \/>\n<meta property=\"article:modified_time\" content=\"2024-12-06T17:51:07+00:00\" \/>\n<meta property=\"og:image\" content=\"https:\/\/globaltraining.com\/wp-content\/uploads\/2021\/11\/office-workers-talking-LVNTME8.jpg\" \/>\n\t<meta property=\"og:image:width\" content=\"1200\" \/>\n\t<meta property=\"og:image:height\" content=\"800\" \/>\n\t<meta property=\"og:image:type\" content=\"image\/jpeg\" \/>\n<meta name=\"twitter:card\" content=\"summary_large_image\" \/>\n<meta name=\"twitter:label1\" content=\"Est. reading time\" \/>\n\t<meta name=\"twitter:data1\" content=\"2 minutes\" \/>\n<script type=\"application\/ld+json\" class=\"yoast-schema-graph\">{\"@context\":\"https:\\\/\\\/schema.org\",\"@graph\":[{\"@type\":\"WebPage\",\"@id\":\"https:\\\/\\\/globaltraining.com\\\/product\\\/effective-communication\\\/\",\"url\":\"https:\\\/\\\/globaltraining.com\\\/product\\\/effective-communication\\\/\",\"name\":\"Effective Communication - Global Safety &amp; Environmental\",\"isPartOf\":{\"@id\":\"https:\\\/\\\/globaltraining.com\\\/#website\"},\"primaryImageOfPage\":{\"@id\":\"https:\\\/\\\/globaltraining.com\\\/product\\\/effective-communication\\\/#primaryimage\"},\"image\":{\"@id\":\"https:\\\/\\\/globaltraining.com\\\/product\\\/effective-communication\\\/#primaryimage\"},\"thumbnailUrl\":\"https:\\\/\\\/globaltraining.com\\\/wp-content\\\/uploads\\\/2021\\\/11\\\/office-workers-talking-LVNTME8.jpg\",\"datePublished\":\"2023-09-08T17:43:56+00:00\",\"dateModified\":\"2024-12-06T17:51:07+00:00\",\"description\":\"Master Effective Communication with our comprehensive course. Enhance your communication and effective communication skills. Enroll now!\",\"breadcrumb\":{\"@id\":\"https:\\\/\\\/globaltraining.com\\\/product\\\/effective-communication\\\/#breadcrumb\"},\"inLanguage\":\"es-MX\",\"potentialAction\":[{\"@type\":\"ReadAction\",\"target\":[\"https:\\\/\\\/globaltraining.com\\\/product\\\/effective-communication\\\/\"]}]},{\"@type\":\"ImageObject\",\"inLanguage\":\"es-MX\",\"@id\":\"https:\\\/\\\/globaltraining.com\\\/product\\\/effective-communication\\\/#primaryimage\",\"url\":\"https:\\\/\\\/globaltraining.com\\\/wp-content\\\/uploads\\\/2021\\\/11\\\/office-workers-talking-LVNTME8.jpg\",\"contentUrl\":\"https:\\\/\\\/globaltraining.com\\\/wp-content\\\/uploads\\\/2021\\\/11\\\/office-workers-talking-LVNTME8.jpg\",\"width\":1200,\"height\":800,\"caption\":\"effective communication\"},{\"@type\":\"BreadcrumbList\",\"@id\":\"https:\\\/\\\/globaltraining.com\\\/product\\\/effective-communication\\\/#breadcrumb\",\"itemListElement\":[{\"@type\":\"ListItem\",\"position\":1,\"name\":\"Home\",\"item\":\"https:\\\/\\\/globaltraining.com\\\/\"},{\"@type\":\"ListItem\",\"position\":2,\"name\":\"Productos\",\"item\":\"https:\\\/\\\/globaltraining.com\\\/es\\\/shop\\\/\"},{\"@type\":\"ListItem\",\"position\":3,\"name\":\"Effective Communication\"}]},{\"@type\":\"WebSite\",\"@id\":\"https:\\\/\\\/globaltraining.com\\\/#website\",\"url\":\"https:\\\/\\\/globaltraining.com\\\/\",\"name\":\"Global Safety & Environmental\",\"description\":\"Full Service Health, Safety, and Environmental Courses\",\"publisher\":{\"@id\":\"https:\\\/\\\/globaltraining.com\\\/#organization\"},\"potentialAction\":[{\"@type\":\"SearchAction\",\"target\":{\"@type\":\"EntryPoint\",\"urlTemplate\":\"https:\\\/\\\/globaltraining.com\\\/?s={search_term_string}\"},\"query-input\":{\"@type\":\"PropertyValueSpecification\",\"valueRequired\":true,\"valueName\":\"search_term_string\"}}],\"inLanguage\":\"es-MX\"},{\"@type\":\"Organization\",\"@id\":\"https:\\\/\\\/globaltraining.com\\\/#organization\",\"name\":\"Global Safety & Environmental\",\"url\":\"https:\\\/\\\/globaltraining.com\\\/\",\"logo\":{\"@type\":\"ImageObject\",\"inLanguage\":\"es-MX\",\"@id\":\"https:\\\/\\\/globaltraining.com\\\/#\\\/schema\\\/logo\\\/image\\\/\",\"url\":\"https:\\\/\\\/globaltraining.com\\\/wp-content\\\/uploads\\\/2021\\\/01\\\/GSE-Logo-for-email.png\",\"contentUrl\":\"https:\\\/\\\/globaltraining.com\\\/wp-content\\\/uploads\\\/2021\\\/01\\\/GSE-Logo-for-email.png\",\"width\":400,\"height\":101,\"caption\":\"Global Safety & Environmental\"},\"image\":{\"@id\":\"https:\\\/\\\/globaltraining.com\\\/#\\\/schema\\\/logo\\\/image\\\/\"}}]}<\/script>\n<!-- \/ Yoast SEO plugin. -->","yoast_head_json":{"title":"Comunicaci\u00f3n eficaz - Seguridad y medio ambiente global","description":"Domina la comunicaci\u00f3n efectiva con nuestro curso completo. Mejora tus habilidades de comunicaci\u00f3n y comunicaci\u00f3n efectiva. \u00a1Inscr\u00edbete ya!","robots":{"index":"index","follow":"follow","max-snippet":"max-snippet:-1","max-image-preview":"max-image-preview:large","max-video-preview":"max-video-preview:-1"},"canonical":"https:\/\/globaltraining.com\/es\/producto\/comunicacion-efectiva\/","og_locale":"es_MX","og_type":"article","og_title":"Effective Communication - Global Safety &amp; Environmental","og_description":"Master Effective Communication with our comprehensive course. Enhance your communication and effective communication skills. Enroll now!","og_url":"https:\/\/globaltraining.com\/es\/producto\/comunicacion-efectiva\/","og_site_name":"Global Safety &amp; Environmental","article_modified_time":"2024-12-06T17:51:07+00:00","og_image":[{"width":1200,"height":800,"url":"https:\/\/globaltraining.com\/wp-content\/uploads\/2021\/11\/office-workers-talking-LVNTME8.jpg","type":"image\/jpeg"}],"twitter_card":"summary_large_image","twitter_misc":{"Est. reading time":"2 minutes"},"schema":{"@context":"https:\/\/schema.org","@graph":[{"@type":"WebPage","@id":"https:\/\/globaltraining.com\/product\/effective-communication\/","url":"https:\/\/globaltraining.com\/product\/effective-communication\/","name":"Comunicaci\u00f3n eficaz - Seguridad y medio ambiente global","isPartOf":{"@id":"https:\/\/globaltraining.com\/#website"},"primaryImageOfPage":{"@id":"https:\/\/globaltraining.com\/product\/effective-communication\/#primaryimage"},"image":{"@id":"https:\/\/globaltraining.com\/product\/effective-communication\/#primaryimage"},"thumbnailUrl":"https:\/\/globaltraining.com\/wp-content\/uploads\/2021\/11\/office-workers-talking-LVNTME8.jpg","datePublished":"2023-09-08T17:43:56+00:00","dateModified":"2024-12-06T17:51:07+00:00","description":"Domina la comunicaci\u00f3n efectiva con nuestro curso completo. Mejora tus habilidades de comunicaci\u00f3n y comunicaci\u00f3n efectiva. \u00a1Inscr\u00edbete ya!","breadcrumb":{"@id":"https:\/\/globaltraining.com\/product\/effective-communication\/#breadcrumb"},"inLanguage":"es-MX","potentialAction":[{"@type":"ReadAction","target":["https:\/\/globaltraining.com\/product\/effective-communication\/"]}]},{"@type":"ImageObject","inLanguage":"es-MX","@id":"https:\/\/globaltraining.com\/product\/effective-communication\/#primaryimage","url":"https:\/\/globaltraining.com\/wp-content\/uploads\/2021\/11\/office-workers-talking-LVNTME8.jpg","contentUrl":"https:\/\/globaltraining.com\/wp-content\/uploads\/2021\/11\/office-workers-talking-LVNTME8.jpg","width":1200,"height":800,"caption":"effective communication"},{"@type":"BreadcrumbList","@id":"https:\/\/globaltraining.com\/product\/effective-communication\/#breadcrumb","itemListElement":[{"@type":"ListItem","position":1,"name":"Home","item":"https:\/\/globaltraining.com\/"},{"@type":"ListItem","position":2,"name":"Productos","item":"https:\/\/globaltraining.com\/es\/shop\/"},{"@type":"ListItem","position":3,"name":"Effective Communication"}]},{"@type":"WebSite","@id":"https:\/\/globaltraining.com\/#website","url":"https:\/\/globaltraining.com\/","name":"Seguridad y medio ambiente a nivel mundial","description":"Cursos completos de salud, seguridad y medio ambiente","publisher":{"@id":"https:\/\/globaltraining.com\/#organization"},"potentialAction":[{"@type":"SearchAction","target":{"@type":"EntryPoint","urlTemplate":"https:\/\/globaltraining.com\/?s={search_term_string}"},"query-input":{"@type":"PropertyValueSpecification","valueRequired":true,"valueName":"search_term_string"}}],"inLanguage":"es-MX"},{"@type":"Organization","@id":"https:\/\/globaltraining.com\/#organization","name":"Seguridad y medio ambiente a nivel mundial","url":"https:\/\/globaltraining.com\/","logo":{"@type":"ImageObject","inLanguage":"es-MX","@id":"https:\/\/globaltraining.com\/#\/schema\/logo\/image\/","url":"https:\/\/globaltraining.com\/wp-content\/uploads\/2021\/01\/GSE-Logo-for-email.png","contentUrl":"https:\/\/globaltraining.com\/wp-content\/uploads\/2021\/01\/GSE-Logo-for-email.png","width":400,"height":101,"caption":"Global Safety & Environmental"},"image":{"@id":"https:\/\/globaltraining.com\/#\/schema\/logo\/image\/"}}]}},"_links":{"self":[{"href":"https:\/\/globaltraining.com\/es\/wp-json\/wp\/v2\/product\/28498","targetHints":{"allow":["GET"]}}],"collection":[{"href":"https:\/\/globaltraining.com\/es\/wp-json\/wp\/v2\/product"}],"about":[{"href":"https:\/\/globaltraining.com\/es\/wp-json\/wp\/v2\/types\/product"}],"wp:featuredmedia":[{"embeddable":true,"href":"https:\/\/globaltraining.com\/es\/wp-json\/wp\/v2\/media\/27120"}],"wp:attachment":[{"href":"https:\/\/globaltraining.com\/es\/wp-json\/wp\/v2\/media?parent=28498"}],"wp:term":[{"taxonomy":"product_brand","embeddable":true,"href":"https:\/\/globaltraining.com\/es\/wp-json\/wp\/v2\/product_brand?post=28498"},{"taxonomy":"product_cat","embeddable":true,"href":"https:\/\/globaltraining.com\/es\/wp-json\/wp\/v2\/product_cat?post=28498"},{"taxonomy":"product_tag","embeddable":true,"href":"https:\/\/globaltraining.com\/es\/wp-json\/wp\/v2\/product_tag?post=28498"}],"curies":[{"name":"Gracias","href":"https:\/\/api.w.org\/{rel}","templated":true}]}}