{"id":28493,"date":"2023-09-08T12:24:16","date_gmt":"2023-09-08T17:24:16","guid":{"rendered":"https:\/\/globaltraining.com\/?post_type=product&#038;p=28493"},"modified":"2024-12-06T12:01:40","modified_gmt":"2024-12-06T18:01:40","slug":"horas-de-servicio-de-puntos","status":"publish","type":"product","link":"https:\/\/globaltraining.com\/es\/product\/dot-hours-of-service\/","title":{"rendered":"Horas de servicio del DOT"},"content":{"rendered":"<p>Bienvenido al mundo de las regulaciones de Horas de Servicio del DOT, un aspecto cr\u00edtico de la industria del transporte por carretera. En esta gu\u00eda completa, profundizaremos en las reglas esenciales que rigen las horas en que los conductores de veh\u00edculos comerciales de motor (CMV) pueden operar. Exploraremos en detalle las regulaciones del DOT sobre horas de servicio, as\u00ed como las regulaciones m\u00e1s amplias, asegur\u00e1ndonos de que obtenga una comprensi\u00f3n profunda de este tema crucial.<\/p>\n<h2>La importancia de las reglas de horas de servicio<\/h2>\n<p>Las reglas de Horas de servicio del DOT est\u00e1n dise\u00f1adas para mejorar la seguridad vial al prevenir la conducci\u00f3n fatigada entre los conductores de CMV. Estas normas dictan:<\/p>\n<ul>\n<li>El tiempo m\u00e1ximo de conducci\u00f3n y de servicio permitido.<\/li>\n<li>Per\u00edodos de descanso obligatorios Requisitos de mantenimiento de registros para conductores<\/li>\n<li>Consecuencias por violaciones<\/li>\n<li>El cumplimiento de estas normas es esencial no s\u00f3lo para la seguridad de los conductores sino tambi\u00e9n para el bienestar de todos los usuarios de la v\u00eda.<\/li>\n<\/ul>\n<h2>Cumplimiento de las regulaciones del DOT para horas de servicio<\/h2>\n<p>Para operar dentro de la industria del transporte por carretera, es fundamental comprender y cumplir plenamente las normas del DOT en cuanto a horas de servicio. Estas regulaciones abarcan varios aspectos, entre ellos:<\/p>\n<ul>\n<li>L\u00edmites de conducci\u00f3n basados en varios factores<\/li>\n<li>Excepciones y exenciones para industrias espec\u00edficas<\/li>\n<li>Requisitos del dispositivo de registro electr\u00f3nico (ELD)<\/li>\n<li>Ejecuci\u00f3n y sanciones por incumplimiento<\/li>\n<li>Cumplir con las normas no solo garantiza la seguridad, sino que tambi\u00e9n evita multas y sanciones que pueden afectar su negocio y su reputaci\u00f3n.<\/li>\n<\/ul>\n<h2>Inscr\u00edbete hoy<\/h2>\n<p>En conclusi\u00f3n, una comprensi\u00f3n s\u00f3lida de las reglas de Horas de servicio y las regulaciones del DOT sobre horas de servicio es vital para cualquier persona en la industria del transporte por carretera. Para asegurarse de operar de manera segura, evitar infracciones y proteger su sustento, considere inscribirse en nuestro curso. Equ\u00edpese con el conocimiento y las habilidades para navegar estas regulaciones de manera efectiva. \u00danase a nosotros hoy para un ma\u00f1ana m\u00e1s seguro y m\u00e1s conforme.<\/p>","protected":false},"excerpt":{"rendered":"<p>Maestro <strong>Horas de servicio del DOT<\/strong> con nuestro curso integral. Conozca las reglas y regulaciones para garantizar la seguridad y el cumplimiento en la industria del transporte por carretera. \u00a1Enl\u00edstate ahora!<\/p>","protected":false},"featured_media":27137,"template":"","meta":{"_et_pb_use_builder":"","_et_pb_old_content":"","_et_gb_content_width":""},"product_brand":[],"product_cat":[128,156,169],"product_tag":[],"class_list":{"0":"post-28493","1":"product","2":"type-product","3":"status-publish","4":"has-post-thumbnail","6":"product_cat-dot","7":"product_cat-occupational-health-and-safety","8":"product_cat-transportation","10":"first","11":"instock","12":"virtual","13":"sold-individually","14":"purchasable","15":"product-type-simple"},"yoast_head":"<!-- This site is optimized with the Yoast SEO plugin v27.3 - https:\/\/yoast.com\/product\/yoast-seo-wordpress\/ -->\n<title>DOT Hours of Service - Global Safety &amp; Environmental<\/title>\n<meta name=\"description\" content=\"Gain expertise in DOT Hours of Service regulations and DOT regulations for hours of service. Enroll in our course for a safer and more compliant tomorrow.\" \/>\n<meta name=\"robots\" content=\"index, follow, max-snippet:-1, max-image-preview:large, max-video-preview:-1\" \/>\n<link rel=\"canonical\" href=\"https:\/\/globaltraining.com\/es\/producto\/horas-de-servicio-de-puntos\/\" \/>\n<meta property=\"og:locale\" content=\"es_MX\" \/>\n<meta property=\"og:type\" content=\"article\" \/>\n<meta property=\"og:title\" content=\"DOT Hours of Service - Global Safety &amp; Environmental\" \/>\n<meta property=\"og:description\" content=\"Gain expertise in DOT Hours of Service regulations and DOT regulations for hours of service. Enroll in our course for a safer and more compliant tomorrow.\" \/>\n<meta property=\"og:url\" content=\"https:\/\/globaltraining.com\/es\/producto\/horas-de-servicio-de-puntos\/\" \/>\n<meta property=\"og:site_name\" content=\"Global Safety &amp; Environmental\" \/>\n<meta property=\"article:modified_time\" content=\"2024-12-06T18:01:40+00:00\" \/>\n<meta property=\"og:image\" content=\"https:\/\/globaltraining.com\/wp-content\/uploads\/2021\/11\/DOT-Hours-of-Service.jpg\" \/>\n\t<meta property=\"og:image:width\" content=\"1200\" \/>\n\t<meta property=\"og:image:height\" content=\"800\" \/>\n\t<meta property=\"og:image:type\" content=\"image\/jpeg\" \/>\n<meta name=\"twitter:card\" content=\"summary_large_image\" \/>\n<meta name=\"twitter:label1\" content=\"Est. reading time\" \/>\n\t<meta name=\"twitter:data1\" content=\"2 minutes\" \/>\n<script type=\"application\/ld+json\" class=\"yoast-schema-graph\">{\"@context\":\"https:\\\/\\\/schema.org\",\"@graph\":[{\"@type\":\"WebPage\",\"@id\":\"https:\\\/\\\/globaltraining.com\\\/product\\\/dot-hours-of-service\\\/\",\"url\":\"https:\\\/\\\/globaltraining.com\\\/product\\\/dot-hours-of-service\\\/\",\"name\":\"DOT Hours of Service - Global Safety &amp; Environmental\",\"isPartOf\":{\"@id\":\"https:\\\/\\\/globaltraining.com\\\/#website\"},\"primaryImageOfPage\":{\"@id\":\"https:\\\/\\\/globaltraining.com\\\/product\\\/dot-hours-of-service\\\/#primaryimage\"},\"image\":{\"@id\":\"https:\\\/\\\/globaltraining.com\\\/product\\\/dot-hours-of-service\\\/#primaryimage\"},\"thumbnailUrl\":\"https:\\\/\\\/globaltraining.com\\\/wp-content\\\/uploads\\\/2021\\\/11\\\/DOT-Hours-of-Service.jpg\",\"datePublished\":\"2023-09-08T17:24:16+00:00\",\"dateModified\":\"2024-12-06T18:01:40+00:00\",\"description\":\"Gain expertise in DOT Hours of Service regulations and DOT regulations for hours of service. Enroll in our course for a safer and more compliant tomorrow.\",\"breadcrumb\":{\"@id\":\"https:\\\/\\\/globaltraining.com\\\/product\\\/dot-hours-of-service\\\/#breadcrumb\"},\"inLanguage\":\"es-MX\",\"potentialAction\":[{\"@type\":\"ReadAction\",\"target\":[\"https:\\\/\\\/globaltraining.com\\\/product\\\/dot-hours-of-service\\\/\"]}]},{\"@type\":\"ImageObject\",\"inLanguage\":\"es-MX\",\"@id\":\"https:\\\/\\\/globaltraining.com\\\/product\\\/dot-hours-of-service\\\/#primaryimage\",\"url\":\"https:\\\/\\\/globaltraining.com\\\/wp-content\\\/uploads\\\/2021\\\/11\\\/DOT-Hours-of-Service.jpg\",\"contentUrl\":\"https:\\\/\\\/globaltraining.com\\\/wp-content\\\/uploads\\\/2021\\\/11\\\/DOT-Hours-of-Service.jpg\",\"width\":1200,\"height\":800,\"caption\":\"dot hours of service\"},{\"@type\":\"BreadcrumbList\",\"@id\":\"https:\\\/\\\/globaltraining.com\\\/product\\\/dot-hours-of-service\\\/#breadcrumb\",\"itemListElement\":[{\"@type\":\"ListItem\",\"position\":1,\"name\":\"Home\",\"item\":\"https:\\\/\\\/globaltraining.com\\\/\"},{\"@type\":\"ListItem\",\"position\":2,\"name\":\"Productos\",\"item\":\"https:\\\/\\\/globaltraining.com\\\/es\\\/shop\\\/\"},{\"@type\":\"ListItem\",\"position\":3,\"name\":\"DOT Hours of Service\"}]},{\"@type\":\"WebSite\",\"@id\":\"https:\\\/\\\/globaltraining.com\\\/#website\",\"url\":\"https:\\\/\\\/globaltraining.com\\\/\",\"name\":\"Global Safety & Environmental\",\"description\":\"Full Service Health, Safety, and Environmental Courses\",\"publisher\":{\"@id\":\"https:\\\/\\\/globaltraining.com\\\/#organization\"},\"potentialAction\":[{\"@type\":\"SearchAction\",\"target\":{\"@type\":\"EntryPoint\",\"urlTemplate\":\"https:\\\/\\\/globaltraining.com\\\/?s={search_term_string}\"},\"query-input\":{\"@type\":\"PropertyValueSpecification\",\"valueRequired\":true,\"valueName\":\"search_term_string\"}}],\"inLanguage\":\"es-MX\"},{\"@type\":\"Organization\",\"@id\":\"https:\\\/\\\/globaltraining.com\\\/#organization\",\"name\":\"Global Safety & Environmental\",\"url\":\"https:\\\/\\\/globaltraining.com\\\/\",\"logo\":{\"@type\":\"ImageObject\",\"inLanguage\":\"es-MX\",\"@id\":\"https:\\\/\\\/globaltraining.com\\\/#\\\/schema\\\/logo\\\/image\\\/\",\"url\":\"https:\\\/\\\/globaltraining.com\\\/wp-content\\\/uploads\\\/2021\\\/01\\\/GSE-Logo-for-email.png\",\"contentUrl\":\"https:\\\/\\\/globaltraining.com\\\/wp-content\\\/uploads\\\/2021\\\/01\\\/GSE-Logo-for-email.png\",\"width\":400,\"height\":101,\"caption\":\"Global Safety & Environmental\"},\"image\":{\"@id\":\"https:\\\/\\\/globaltraining.com\\\/#\\\/schema\\\/logo\\\/image\\\/\"}}]}<\/script>\n<!-- \/ Yoast SEO plugin. -->","yoast_head_json":{"title":"Horario de servicio del DOT: seguridad y medio ambiente a nivel mundial","description":"Adquiera conocimientos sobre las normas del Departamento de Transporte sobre horas de servicio y las regulaciones del Departamento de Transporte sobre horas de servicio. Inscr\u00edbase en nuestro curso para tener un futuro m\u00e1s seguro y con mayor cumplimiento.","robots":{"index":"index","follow":"follow","max-snippet":"max-snippet:-1","max-image-preview":"max-image-preview:large","max-video-preview":"max-video-preview:-1"},"canonical":"https:\/\/globaltraining.com\/es\/producto\/horas-de-servicio-de-puntos\/","og_locale":"es_MX","og_type":"article","og_title":"DOT Hours of Service - Global Safety &amp; Environmental","og_description":"Gain expertise in DOT Hours of Service regulations and DOT regulations for hours of service. Enroll in our course for a safer and more compliant tomorrow.","og_url":"https:\/\/globaltraining.com\/es\/producto\/horas-de-servicio-de-puntos\/","og_site_name":"Global Safety &amp; Environmental","article_modified_time":"2024-12-06T18:01:40+00:00","og_image":[{"width":1200,"height":800,"url":"https:\/\/globaltraining.com\/wp-content\/uploads\/2021\/11\/DOT-Hours-of-Service.jpg","type":"image\/jpeg"}],"twitter_card":"summary_large_image","twitter_misc":{"Est. reading time":"2 minutes"},"schema":{"@context":"https:\/\/schema.org","@graph":[{"@type":"WebPage","@id":"https:\/\/globaltraining.com\/product\/dot-hours-of-service\/","url":"https:\/\/globaltraining.com\/product\/dot-hours-of-service\/","name":"Horario de servicio del DOT: seguridad y medio ambiente a nivel mundial","isPartOf":{"@id":"https:\/\/globaltraining.com\/#website"},"primaryImageOfPage":{"@id":"https:\/\/globaltraining.com\/product\/dot-hours-of-service\/#primaryimage"},"image":{"@id":"https:\/\/globaltraining.com\/product\/dot-hours-of-service\/#primaryimage"},"thumbnailUrl":"https:\/\/globaltraining.com\/wp-content\/uploads\/2021\/11\/DOT-Hours-of-Service.jpg","datePublished":"2023-09-08T17:24:16+00:00","dateModified":"2024-12-06T18:01:40+00:00","description":"Adquiera conocimientos sobre las normas del Departamento de Transporte sobre horas de servicio y las regulaciones del Departamento de Transporte sobre horas de servicio. Inscr\u00edbase en nuestro curso para tener un futuro m\u00e1s seguro y con mayor cumplimiento.","breadcrumb":{"@id":"https:\/\/globaltraining.com\/product\/dot-hours-of-service\/#breadcrumb"},"inLanguage":"es-MX","potentialAction":[{"@type":"ReadAction","target":["https:\/\/globaltraining.com\/product\/dot-hours-of-service\/"]}]},{"@type":"ImageObject","inLanguage":"es-MX","@id":"https:\/\/globaltraining.com\/product\/dot-hours-of-service\/#primaryimage","url":"https:\/\/globaltraining.com\/wp-content\/uploads\/2021\/11\/DOT-Hours-of-Service.jpg","contentUrl":"https:\/\/globaltraining.com\/wp-content\/uploads\/2021\/11\/DOT-Hours-of-Service.jpg","width":1200,"height":800,"caption":"dot hours of service"},{"@type":"BreadcrumbList","@id":"https:\/\/globaltraining.com\/product\/dot-hours-of-service\/#breadcrumb","itemListElement":[{"@type":"ListItem","position":1,"name":"Home","item":"https:\/\/globaltraining.com\/"},{"@type":"ListItem","position":2,"name":"Productos","item":"https:\/\/globaltraining.com\/es\/shop\/"},{"@type":"ListItem","position":3,"name":"DOT Hours of Service"}]},{"@type":"WebSite","@id":"https:\/\/globaltraining.com\/#website","url":"https:\/\/globaltraining.com\/","name":"Seguridad y medio ambiente a nivel mundial","description":"Cursos completos de salud, seguridad y medio ambiente","publisher":{"@id":"https:\/\/globaltraining.com\/#organization"},"potentialAction":[{"@type":"SearchAction","target":{"@type":"EntryPoint","urlTemplate":"https:\/\/globaltraining.com\/?s={search_term_string}"},"query-input":{"@type":"PropertyValueSpecification","valueRequired":true,"valueName":"search_term_string"}}],"inLanguage":"es-MX"},{"@type":"Organization","@id":"https:\/\/globaltraining.com\/#organization","name":"Seguridad y medio ambiente a nivel mundial","url":"https:\/\/globaltraining.com\/","logo":{"@type":"ImageObject","inLanguage":"es-MX","@id":"https:\/\/globaltraining.com\/#\/schema\/logo\/image\/","url":"https:\/\/globaltraining.com\/wp-content\/uploads\/2021\/01\/GSE-Logo-for-email.png","contentUrl":"https:\/\/globaltraining.com\/wp-content\/uploads\/2021\/01\/GSE-Logo-for-email.png","width":400,"height":101,"caption":"Global Safety & Environmental"},"image":{"@id":"https:\/\/globaltraining.com\/#\/schema\/logo\/image\/"}}]}},"_links":{"self":[{"href":"https:\/\/globaltraining.com\/es\/wp-json\/wp\/v2\/product\/28493","targetHints":{"allow":["GET"]}}],"collection":[{"href":"https:\/\/globaltraining.com\/es\/wp-json\/wp\/v2\/product"}],"about":[{"href":"https:\/\/globaltraining.com\/es\/wp-json\/wp\/v2\/types\/product"}],"wp:featuredmedia":[{"embeddable":true,"href":"https:\/\/globaltraining.com\/es\/wp-json\/wp\/v2\/media\/27137"}],"wp:attachment":[{"href":"https:\/\/globaltraining.com\/es\/wp-json\/wp\/v2\/media?parent=28493"}],"wp:term":[{"taxonomy":"product_brand","embeddable":true,"href":"https:\/\/globaltraining.com\/es\/wp-json\/wp\/v2\/product_brand?post=28493"},{"taxonomy":"product_cat","embeddable":true,"href":"https:\/\/globaltraining.com\/es\/wp-json\/wp\/v2\/product_cat?post=28493"},{"taxonomy":"product_tag","embeddable":true,"href":"https:\/\/globaltraining.com\/es\/wp-json\/wp\/v2\/product_tag?post=28493"}],"curies":[{"name":"Gracias","href":"https:\/\/api.w.org\/{rel}","templated":true}]}}