{"id":28488,"date":"2023-09-08T12:05:46","date_gmt":"2023-09-08T17:05:46","guid":{"rendered":"https:\/\/globaltraining.com\/?post_type=product&#038;p=28488"},"modified":"2024-12-06T12:32:01","modified_gmt":"2024-12-06T18:32:01","slug":"curso-de-manejo-defensivo","status":"publish","type":"product","link":"https:\/\/globaltraining.com\/es\/product\/defensive-driving-course\/","title":{"rendered":"Curso de conducci\u00f3n defensiva"},"content":{"rendered":"<h2>La importancia de un curso de conducci\u00f3n defensiva<\/h2>\n<p>Cuando se trata de una conducci\u00f3n segura, no hay mejor inversi\u00f3n que una <strong>curso de manejo defensivo<\/strong>. Si usted es un conductor nuevo que busca desarrollar s\u00f3lidas habilidades de conducci\u00f3n o un conductor experimentado que busca mejorar su seguridad en la carretera, estos cursos son invaluables. En esta gu\u00eda, exploraremos la importancia de <strong>manejar a la defensiva<\/strong> y por qu\u00e9 inscribirse en un <strong>clase de manejo defensivo<\/strong>\u00a0puede convertirlo en un conductor m\u00e1s seguro y responsable.<\/p>\n<h2>Conducci\u00f3n segura: la base de la conducci\u00f3n defensiva<\/h2>\n<p>En el Centro de <strong>manejar a la defensiva<\/strong> es el concepto de conducci\u00f3n segura. Los conductores defensivos priorizan la seguridad por encima de todo, no s\u00f3lo para ellos mismos sino tambi\u00e9n para los dem\u00e1s usuarios de la v\u00eda. Estos cursos se centran en equiparle con el conocimiento y las habilidades para anticipar y responder a peligros potenciales de forma eficaz. Al comprender las pr\u00e1cticas de conducci\u00f3n segura, no s\u00f3lo reducir\u00e1 el riesgo de accidentes, sino que tambi\u00e9n contribuir\u00e1 a la seguridad vial en general.<\/p>\n<h2>Qu\u00e9 esperar de un curso de conducci\u00f3n defensiva<\/h2>\n<p>A <strong>curso de manejo defensivo<\/strong> Por lo general, cubre una variedad de temas dise\u00f1ados para mejorar sus habilidades de conducci\u00f3n segura. Estos pueden incluir:<\/p>\n<ul>\n<li>Distancias de seguimiento seguras y t\u00e9cnicas de frenado.<\/li>\n<li>Manejo de condiciones clim\u00e1ticas adversas<\/li>\n<li>Evitar distracciones y conducci\u00f3n bajo los efectos del alcohol.<\/li>\n<li>Comprender las se\u00f1ales y se\u00f1ales de tr\u00e1fico<\/li>\n<li>Estrategias defensivas para la conducci\u00f3n en carretera<\/li>\n<\/ul>\n<p>Al sumergirse en estos temas, saldr\u00e1 del curso con una comprensi\u00f3n m\u00e1s profunda de los principios de conducci\u00f3n segura y la capacidad de aplicarlos en situaciones del mundo real.<\/p>\n<h2>Inscr\u00edbase hoy para un ma\u00f1ana m\u00e1s seguro<\/h2>\n<p>En conclusi\u00f3n, un <strong>curso de manejo defensivo<\/strong> No se trata s\u00f3lo de convertirse en un mejor conductor; se trata de convertirse en un usuario de la v\u00eda m\u00e1s seguro y responsable. Ya sea que est\u00e9 buscando ahorrar en primas de seguros, evitar infracciones de tr\u00e1nsito o simplemente ganar tranquilidad al volante, inscribirse en <strong>manejar a la defensiva<\/strong>\u00a0es una sabia elecci\u00f3n. D\u00e9 el primer paso hacia una conducci\u00f3n m\u00e1s segura: inscr\u00edbase hoy y equ\u00edpese con las habilidades y conocimientos necesarios para transitar la carretera con confianza y responsabilidad.<\/p>","protected":false},"excerpt":{"rendered":"<p>Mejore sus habilidades de conducci\u00f3n y su seguridad con nuestro completo <strong>Curso de conducci\u00f3n defensiva<\/strong>. Adquiera conocimientos valiosos y convi\u00e9rtase en un conductor responsable. \u00a1Inscr\u00edbase ahora para un ma\u00f1ana m\u00e1s seguro!<\/p>","protected":false},"featured_media":27555,"template":"","meta":{"_et_pb_use_builder":"","_et_pb_old_content":"","_et_gb_content_width":""},"product_brand":[],"product_cat":[129,169],"product_tag":[],"class_list":{"0":"post-28488","1":"product","2":"type-product","3":"status-publish","4":"has-post-thumbnail","6":"product_cat-driver-safety","7":"product_cat-transportation","9":"first","10":"instock","11":"virtual","12":"sold-individually","13":"purchasable","14":"product-type-simple"},"yoast_head":"<!-- This site is optimized with the Yoast SEO plugin v27.3 - https:\/\/yoast.com\/product\/yoast-seo-wordpress\/ -->\n<title>Defensive Driving Course - Global Safety &amp; Environmental<\/title>\n<meta name=\"description\" content=\"Discover the significance of defensive driving course for safe driving. Enroll today to become a safer and more responsible driver on the road.\" \/>\n<meta name=\"robots\" content=\"index, follow, max-snippet:-1, max-image-preview:large, max-video-preview:-1\" \/>\n<link rel=\"canonical\" href=\"https:\/\/globaltraining.com\/es\/producto\/curso-de-manejo-defensivo\/\" \/>\n<meta property=\"og:locale\" content=\"es_MX\" \/>\n<meta property=\"og:type\" content=\"article\" \/>\n<meta property=\"og:title\" content=\"Defensive Driving Course - Global Safety &amp; Environmental\" \/>\n<meta property=\"og:description\" content=\"Discover the significance of defensive driving course for safe driving. Enroll today to become a safer and more responsible driver on the road.\" \/>\n<meta property=\"og:url\" content=\"https:\/\/globaltraining.com\/es\/producto\/curso-de-manejo-defensivo\/\" \/>\n<meta property=\"og:site_name\" content=\"Global Safety &amp; Environmental\" \/>\n<meta property=\"article:modified_time\" content=\"2024-12-06T18:32:01+00:00\" \/>\n<meta property=\"og:image\" content=\"https:\/\/globaltraining.com\/wp-content\/uploads\/2021\/12\/Defensive-Driving.jpg\" \/>\n\t<meta property=\"og:image:width\" content=\"1200\" \/>\n\t<meta property=\"og:image:height\" content=\"800\" \/>\n\t<meta property=\"og:image:type\" content=\"image\/jpeg\" \/>\n<meta name=\"twitter:card\" content=\"summary_large_image\" \/>\n<meta name=\"twitter:label1\" content=\"Est. reading time\" \/>\n\t<meta name=\"twitter:data1\" content=\"2 minutes\" \/>\n<script type=\"application\/ld+json\" class=\"yoast-schema-graph\">{\"@context\":\"https:\\\/\\\/schema.org\",\"@graph\":[{\"@type\":\"WebPage\",\"@id\":\"https:\\\/\\\/globaltraining.com\\\/product\\\/defensive-driving-course\\\/\",\"url\":\"https:\\\/\\\/globaltraining.com\\\/product\\\/defensive-driving-course\\\/\",\"name\":\"Defensive Driving Course - Global Safety &amp; Environmental\",\"isPartOf\":{\"@id\":\"https:\\\/\\\/globaltraining.com\\\/#website\"},\"primaryImageOfPage\":{\"@id\":\"https:\\\/\\\/globaltraining.com\\\/product\\\/defensive-driving-course\\\/#primaryimage\"},\"image\":{\"@id\":\"https:\\\/\\\/globaltraining.com\\\/product\\\/defensive-driving-course\\\/#primaryimage\"},\"thumbnailUrl\":\"https:\\\/\\\/globaltraining.com\\\/wp-content\\\/uploads\\\/2021\\\/12\\\/Defensive-Driving.jpg\",\"datePublished\":\"2023-09-08T17:05:46+00:00\",\"dateModified\":\"2024-12-06T18:32:01+00:00\",\"description\":\"Discover the significance of defensive driving course for safe driving. Enroll today to become a safer and more responsible driver on the road.\",\"breadcrumb\":{\"@id\":\"https:\\\/\\\/globaltraining.com\\\/product\\\/defensive-driving-course\\\/#breadcrumb\"},\"inLanguage\":\"es-MX\",\"potentialAction\":[{\"@type\":\"ReadAction\",\"target\":[\"https:\\\/\\\/globaltraining.com\\\/product\\\/defensive-driving-course\\\/\"]}]},{\"@type\":\"ImageObject\",\"inLanguage\":\"es-MX\",\"@id\":\"https:\\\/\\\/globaltraining.com\\\/product\\\/defensive-driving-course\\\/#primaryimage\",\"url\":\"https:\\\/\\\/globaltraining.com\\\/wp-content\\\/uploads\\\/2021\\\/12\\\/Defensive-Driving.jpg\",\"contentUrl\":\"https:\\\/\\\/globaltraining.com\\\/wp-content\\\/uploads\\\/2021\\\/12\\\/Defensive-Driving.jpg\",\"width\":1200,\"height\":800,\"caption\":\"Defensive Driving\"},{\"@type\":\"BreadcrumbList\",\"@id\":\"https:\\\/\\\/globaltraining.com\\\/product\\\/defensive-driving-course\\\/#breadcrumb\",\"itemListElement\":[{\"@type\":\"ListItem\",\"position\":1,\"name\":\"Home\",\"item\":\"https:\\\/\\\/globaltraining.com\\\/\"},{\"@type\":\"ListItem\",\"position\":2,\"name\":\"Productos\",\"item\":\"https:\\\/\\\/globaltraining.com\\\/es\\\/shop\\\/\"},{\"@type\":\"ListItem\",\"position\":3,\"name\":\"Defensive Driving Course\"}]},{\"@type\":\"WebSite\",\"@id\":\"https:\\\/\\\/globaltraining.com\\\/#website\",\"url\":\"https:\\\/\\\/globaltraining.com\\\/\",\"name\":\"Global Safety & Environmental\",\"description\":\"Full Service Health, Safety, and Environmental Courses\",\"publisher\":{\"@id\":\"https:\\\/\\\/globaltraining.com\\\/#organization\"},\"potentialAction\":[{\"@type\":\"SearchAction\",\"target\":{\"@type\":\"EntryPoint\",\"urlTemplate\":\"https:\\\/\\\/globaltraining.com\\\/?s={search_term_string}\"},\"query-input\":{\"@type\":\"PropertyValueSpecification\",\"valueRequired\":true,\"valueName\":\"search_term_string\"}}],\"inLanguage\":\"es-MX\"},{\"@type\":\"Organization\",\"@id\":\"https:\\\/\\\/globaltraining.com\\\/#organization\",\"name\":\"Global Safety & Environmental\",\"url\":\"https:\\\/\\\/globaltraining.com\\\/\",\"logo\":{\"@type\":\"ImageObject\",\"inLanguage\":\"es-MX\",\"@id\":\"https:\\\/\\\/globaltraining.com\\\/#\\\/schema\\\/logo\\\/image\\\/\",\"url\":\"https:\\\/\\\/globaltraining.com\\\/wp-content\\\/uploads\\\/2021\\\/01\\\/GSE-Logo-for-email.png\",\"contentUrl\":\"https:\\\/\\\/globaltraining.com\\\/wp-content\\\/uploads\\\/2021\\\/01\\\/GSE-Logo-for-email.png\",\"width\":400,\"height\":101,\"caption\":\"Global Safety & Environmental\"},\"image\":{\"@id\":\"https:\\\/\\\/globaltraining.com\\\/#\\\/schema\\\/logo\\\/image\\\/\"}}]}<\/script>\n<!-- \/ Yoast SEO plugin. -->","yoast_head_json":{"title":"Curso de conducci\u00f3n defensiva - Seguridad global y medio ambiente","description":"Descubra la importancia de un curso de conducci\u00f3n defensiva para una conducci\u00f3n segura. Inscr\u00edbase hoy mismo para convertirse en un conductor m\u00e1s seguro y responsable en la carretera.","robots":{"index":"index","follow":"follow","max-snippet":"max-snippet:-1","max-image-preview":"max-image-preview:large","max-video-preview":"max-video-preview:-1"},"canonical":"https:\/\/globaltraining.com\/es\/producto\/curso-de-manejo-defensivo\/","og_locale":"es_MX","og_type":"article","og_title":"Defensive Driving Course - Global Safety &amp; Environmental","og_description":"Discover the significance of defensive driving course for safe driving. Enroll today to become a safer and more responsible driver on the road.","og_url":"https:\/\/globaltraining.com\/es\/producto\/curso-de-manejo-defensivo\/","og_site_name":"Global Safety &amp; Environmental","article_modified_time":"2024-12-06T18:32:01+00:00","og_image":[{"width":1200,"height":800,"url":"https:\/\/globaltraining.com\/wp-content\/uploads\/2021\/12\/Defensive-Driving.jpg","type":"image\/jpeg"}],"twitter_card":"summary_large_image","twitter_misc":{"Est. reading time":"2 minutes"},"schema":{"@context":"https:\/\/schema.org","@graph":[{"@type":"WebPage","@id":"https:\/\/globaltraining.com\/product\/defensive-driving-course\/","url":"https:\/\/globaltraining.com\/product\/defensive-driving-course\/","name":"Curso de conducci\u00f3n defensiva - Seguridad global y medio ambiente","isPartOf":{"@id":"https:\/\/globaltraining.com\/#website"},"primaryImageOfPage":{"@id":"https:\/\/globaltraining.com\/product\/defensive-driving-course\/#primaryimage"},"image":{"@id":"https:\/\/globaltraining.com\/product\/defensive-driving-course\/#primaryimage"},"thumbnailUrl":"https:\/\/globaltraining.com\/wp-content\/uploads\/2021\/12\/Defensive-Driving.jpg","datePublished":"2023-09-08T17:05:46+00:00","dateModified":"2024-12-06T18:32:01+00:00","description":"Descubra la importancia de un curso de conducci\u00f3n defensiva para una conducci\u00f3n segura. Inscr\u00edbase hoy mismo para convertirse en un conductor m\u00e1s seguro y responsable en la carretera.","breadcrumb":{"@id":"https:\/\/globaltraining.com\/product\/defensive-driving-course\/#breadcrumb"},"inLanguage":"es-MX","potentialAction":[{"@type":"ReadAction","target":["https:\/\/globaltraining.com\/product\/defensive-driving-course\/"]}]},{"@type":"ImageObject","inLanguage":"es-MX","@id":"https:\/\/globaltraining.com\/product\/defensive-driving-course\/#primaryimage","url":"https:\/\/globaltraining.com\/wp-content\/uploads\/2021\/12\/Defensive-Driving.jpg","contentUrl":"https:\/\/globaltraining.com\/wp-content\/uploads\/2021\/12\/Defensive-Driving.jpg","width":1200,"height":800,"caption":"Defensive Driving"},{"@type":"BreadcrumbList","@id":"https:\/\/globaltraining.com\/product\/defensive-driving-course\/#breadcrumb","itemListElement":[{"@type":"ListItem","position":1,"name":"Home","item":"https:\/\/globaltraining.com\/"},{"@type":"ListItem","position":2,"name":"Productos","item":"https:\/\/globaltraining.com\/es\/shop\/"},{"@type":"ListItem","position":3,"name":"Defensive Driving Course"}]},{"@type":"WebSite","@id":"https:\/\/globaltraining.com\/#website","url":"https:\/\/globaltraining.com\/","name":"Seguridad y medio ambiente a nivel mundial","description":"Cursos completos de salud, seguridad y medio ambiente","publisher":{"@id":"https:\/\/globaltraining.com\/#organization"},"potentialAction":[{"@type":"SearchAction","target":{"@type":"EntryPoint","urlTemplate":"https:\/\/globaltraining.com\/?s={search_term_string}"},"query-input":{"@type":"PropertyValueSpecification","valueRequired":true,"valueName":"search_term_string"}}],"inLanguage":"es-MX"},{"@type":"Organization","@id":"https:\/\/globaltraining.com\/#organization","name":"Seguridad y medio ambiente a nivel mundial","url":"https:\/\/globaltraining.com\/","logo":{"@type":"ImageObject","inLanguage":"es-MX","@id":"https:\/\/globaltraining.com\/#\/schema\/logo\/image\/","url":"https:\/\/globaltraining.com\/wp-content\/uploads\/2021\/01\/GSE-Logo-for-email.png","contentUrl":"https:\/\/globaltraining.com\/wp-content\/uploads\/2021\/01\/GSE-Logo-for-email.png","width":400,"height":101,"caption":"Global Safety & Environmental"},"image":{"@id":"https:\/\/globaltraining.com\/#\/schema\/logo\/image\/"}}]}},"_links":{"self":[{"href":"https:\/\/globaltraining.com\/es\/wp-json\/wp\/v2\/product\/28488","targetHints":{"allow":["GET"]}}],"collection":[{"href":"https:\/\/globaltraining.com\/es\/wp-json\/wp\/v2\/product"}],"about":[{"href":"https:\/\/globaltraining.com\/es\/wp-json\/wp\/v2\/types\/product"}],"wp:featuredmedia":[{"embeddable":true,"href":"https:\/\/globaltraining.com\/es\/wp-json\/wp\/v2\/media\/27555"}],"wp:attachment":[{"href":"https:\/\/globaltraining.com\/es\/wp-json\/wp\/v2\/media?parent=28488"}],"wp:term":[{"taxonomy":"product_brand","embeddable":true,"href":"https:\/\/globaltraining.com\/es\/wp-json\/wp\/v2\/product_brand?post=28488"},{"taxonomy":"product_cat","embeddable":true,"href":"https:\/\/globaltraining.com\/es\/wp-json\/wp\/v2\/product_cat?post=28488"},{"taxonomy":"product_tag","embeddable":true,"href":"https:\/\/globaltraining.com\/es\/wp-json\/wp\/v2\/product_tag?post=28488"}],"curies":[{"name":"Gracias","href":"https:\/\/api.w.org\/{rel}","templated":true}]}}