{"id":28485,"date":"2023-09-08T11:34:11","date_gmt":"2023-09-08T16:34:11","guid":{"rendered":"https:\/\/globaltraining.com\/?post_type=product&#038;p=28485"},"modified":"2024-12-06T12:49:22","modified_gmt":"2024-12-06T18:49:22","slug":"certificacion-de-rcp","status":"publish","type":"product","link":"https:\/\/globaltraining.com\/es\/product\/cpr-certification\/","title":{"rendered":"Certificaci\u00f3n de RCP"},"content":{"rendered":"<h2>Certificaci\u00f3n de RCP: salvar vidas mediante la formaci\u00f3n adecuada<\/h2>\n<p>Bienvenido a nuestro programa de certificaci\u00f3n en RCP, donde adquirir\u00e1 las habilidades y conocimientos necesarios para salvar vidas en situaciones cr\u00edticas. La RCP (Reanimaci\u00f3n Cardiopulmonar) es una t\u00e9cnica fundamental para salvar vidas que se utiliza en emergencias cuando la respiraci\u00f3n o los latidos del coraz\u00f3n de alguien se han detenido. Nuestro curso est\u00e1 dise\u00f1ado para ense\u00f1arle las habilidades esenciales necesarias para realizar RCP de forma eficaz y segura.<\/p>\n<p>La certificaci\u00f3n en RCP no es s\u00f3lo una habilidad valiosa; puede marcar la diferencia entre la vida y la muerte. Ya sea usted un profesional de la salud, un maestro, un padre o cualquier persona que quiera estar preparado para emergencias, nuestro programa est\u00e1 dise\u00f1ado para brindarle las habilidades necesarias para actuar con rapidez y salvar vidas.<\/p>\n<h2>Primeros auxilios: una habilidad crucial para todos<\/h2>\n<p>El conocimiento de primeros auxilios va de la mano con la certificaci\u00f3n de RCP. Cuando ocurren accidentes o emergencias m\u00e9dicas, saber c\u00f3mo brindar atenci\u00f3n inmediata puede minimizar las lesiones y potencialmente salvar vidas. Nuestro curso cubre una amplia gama de t\u00e9cnicas de primeros auxilios, desde el tratamiento de cortes y quemaduras hasta la respuesta a incidentes de asfixia y m\u00e1s.<\/p>\n<p>Al combinar la certificaci\u00f3n en RCP con capacitaci\u00f3n en primeros auxilios, estar\u00e1 bien preparado para manejar un amplio espectro de emergencias. Este conjunto integral de habilidades es invaluable tanto en la vida profesional como personal, y le brinda la confianza para responder de manera efectiva cuando m\u00e1s importa.<\/p>\n<h2>Certificaci\u00f3n de soporte vital b\u00e1sico: m\u00e1s all\u00e1 de la RCP<\/h2>\n<p>Si est\u00e1 buscando ampliar a\u00fan m\u00e1s sus habilidades para salvar vidas, nuestro programa tambi\u00e9n ofrece certificaci\u00f3n de soporte vital b\u00e1sico (BLS). BLS abarca no solo la RCP sino tambi\u00e9n t\u00e9cnicas adicionales, como el uso de desfibriladores externos autom\u00e1ticos (DEA) y la atenci\u00f3n a beb\u00e9s y ni\u00f1os. A menudo se requiere la certificaci\u00f3n BLS para los proveedores de atenci\u00f3n m\u00e9dica y los socorristas.<\/p>\n<p>Nuestro curso de certificaci\u00f3n BLS garantiza que est\u00e9 equipado para responder a una amplia gama de emergencias, lo que lo convierte en un activo invaluable en cualquier situaci\u00f3n en la que la intervenci\u00f3n m\u00e9dica inmediata sea crucial.<\/p>\n<h2>Obtenga la certificaci\u00f3n y est\u00e9 preparado<\/h2>\n<p>No espere hasta que ocurra una emergencia para desear tener las habilidades para ayudar. Inscr\u00edbase hoy en nuestro curso de certificaci\u00f3n de RCP, primeros auxilios o soporte vital b\u00e1sico y convi\u00e9rtase en un salvavidas certificado. Al finalizar con \u00e9xito, recibir\u00e1 una certificaci\u00f3n reconocida que puede abrirle nuevas oportunidades profesionales y, lo m\u00e1s importante, capacitarlo para marcar una diferencia en las vidas de los dem\u00e1s.<\/p>\n<p>Estar preparado. Estar certificado. \u00danase a nosotros en la misi\u00f3n de salvar vidas mediante una formaci\u00f3n adecuada.<\/p>","protected":false},"excerpt":{"rendered":"<p>Nuestros cursos de certificaci\u00f3n en RCP, primeros auxilios y soporte vital b\u00e1sico le dotan de habilidades esenciales para salvar vidas. Certif\u00edcate y marca la diferencia en emergencias. \u00a1Enl\u00edstate ahora!<\/p>","protected":false},"featured_media":27189,"template":"","meta":{"_et_pb_use_builder":"","_et_pb_old_content":"","_et_gb_content_width":""},"product_brand":[],"product_cat":[131,156,157],"product_tag":[],"class_list":{"0":"post-28485","1":"product","2":"type-product","3":"status-publish","4":"has-post-thumbnail","6":"product_cat-emergency-preparedness","7":"product_cat-occupational-health-and-safety","8":"product_cat-occupational-safety-admin","10":"first","11":"instock","12":"virtual","13":"sold-individually","14":"purchasable","15":"product-type-simple"},"yoast_head":"<!-- This site is optimized with the Yoast SEO plugin v27.3 - https:\/\/yoast.com\/product\/yoast-seo-wordpress\/ -->\n<title>CPR Certification - Global Safety &amp; Environmental<\/title>\n<meta name=\"description\" content=\"Get your CPR certification and learn life-saving skills with our comprehensive courses. Be prepared for emergencies. Enroll today!\" \/>\n<meta name=\"robots\" content=\"index, follow, max-snippet:-1, max-image-preview:large, max-video-preview:-1\" \/>\n<link rel=\"canonical\" href=\"https:\/\/globaltraining.com\/es\/producto\/certificacion-de-rcp\/\" \/>\n<meta property=\"og:locale\" content=\"es_MX\" \/>\n<meta property=\"og:type\" content=\"article\" \/>\n<meta property=\"og:title\" content=\"CPR Certification - Global Safety &amp; Environmental\" \/>\n<meta property=\"og:description\" content=\"Get your CPR certification and learn life-saving skills with our comprehensive courses. Be prepared for emergencies. Enroll today!\" \/>\n<meta property=\"og:url\" content=\"https:\/\/globaltraining.com\/es\/producto\/certificacion-de-rcp\/\" \/>\n<meta property=\"og:site_name\" content=\"Global Safety &amp; Environmental\" \/>\n<meta property=\"article:modified_time\" content=\"2024-12-06T18:49:22+00:00\" \/>\n<meta property=\"og:image\" content=\"https:\/\/globaltraining.com\/wp-content\/uploads\/2020\/09\/First-Aid-Course-Picture.png\" \/>\n\t<meta property=\"og:image:width\" content=\"1200\" \/>\n\t<meta property=\"og:image:height\" content=\"800\" \/>\n\t<meta property=\"og:image:type\" content=\"image\/png\" \/>\n<meta name=\"twitter:card\" content=\"summary_large_image\" \/>\n<meta name=\"twitter:label1\" content=\"Est. reading time\" \/>\n\t<meta name=\"twitter:data1\" content=\"2 minutes\" \/>\n<script type=\"application\/ld+json\" class=\"yoast-schema-graph\">{\"@context\":\"https:\\\/\\\/schema.org\",\"@graph\":[{\"@type\":\"WebPage\",\"@id\":\"https:\\\/\\\/globaltraining.com\\\/product\\\/cpr-certification\\\/\",\"url\":\"https:\\\/\\\/globaltraining.com\\\/product\\\/cpr-certification\\\/\",\"name\":\"CPR Certification - Global Safety &amp; Environmental\",\"isPartOf\":{\"@id\":\"https:\\\/\\\/globaltraining.com\\\/#website\"},\"primaryImageOfPage\":{\"@id\":\"https:\\\/\\\/globaltraining.com\\\/product\\\/cpr-certification\\\/#primaryimage\"},\"image\":{\"@id\":\"https:\\\/\\\/globaltraining.com\\\/product\\\/cpr-certification\\\/#primaryimage\"},\"thumbnailUrl\":\"https:\\\/\\\/globaltraining.com\\\/wp-content\\\/uploads\\\/2020\\\/09\\\/First-Aid-Course-Picture.png\",\"datePublished\":\"2023-09-08T16:34:11+00:00\",\"dateModified\":\"2024-12-06T18:49:22+00:00\",\"description\":\"Get your CPR certification and learn life-saving skills with our comprehensive courses. Be prepared for emergencies. Enroll today!\",\"breadcrumb\":{\"@id\":\"https:\\\/\\\/globaltraining.com\\\/product\\\/cpr-certification\\\/#breadcrumb\"},\"inLanguage\":\"es-MX\",\"potentialAction\":[{\"@type\":\"ReadAction\",\"target\":[\"https:\\\/\\\/globaltraining.com\\\/product\\\/cpr-certification\\\/\"]}]},{\"@type\":\"ImageObject\",\"inLanguage\":\"es-MX\",\"@id\":\"https:\\\/\\\/globaltraining.com\\\/product\\\/cpr-certification\\\/#primaryimage\",\"url\":\"https:\\\/\\\/globaltraining.com\\\/wp-content\\\/uploads\\\/2020\\\/09\\\/First-Aid-Course-Picture.png\",\"contentUrl\":\"https:\\\/\\\/globaltraining.com\\\/wp-content\\\/uploads\\\/2020\\\/09\\\/First-Aid-Course-Picture.png\",\"width\":1200,\"height\":800,\"caption\":\"CPR Certification\"},{\"@type\":\"BreadcrumbList\",\"@id\":\"https:\\\/\\\/globaltraining.com\\\/product\\\/cpr-certification\\\/#breadcrumb\",\"itemListElement\":[{\"@type\":\"ListItem\",\"position\":1,\"name\":\"Home\",\"item\":\"https:\\\/\\\/globaltraining.com\\\/\"},{\"@type\":\"ListItem\",\"position\":2,\"name\":\"Productos\",\"item\":\"https:\\\/\\\/globaltraining.com\\\/es\\\/shop\\\/\"},{\"@type\":\"ListItem\",\"position\":3,\"name\":\"CPR Certification\"}]},{\"@type\":\"WebSite\",\"@id\":\"https:\\\/\\\/globaltraining.com\\\/#website\",\"url\":\"https:\\\/\\\/globaltraining.com\\\/\",\"name\":\"Global Safety & Environmental\",\"description\":\"Full Service Health, Safety, and Environmental Courses\",\"publisher\":{\"@id\":\"https:\\\/\\\/globaltraining.com\\\/#organization\"},\"potentialAction\":[{\"@type\":\"SearchAction\",\"target\":{\"@type\":\"EntryPoint\",\"urlTemplate\":\"https:\\\/\\\/globaltraining.com\\\/?s={search_term_string}\"},\"query-input\":{\"@type\":\"PropertyValueSpecification\",\"valueRequired\":true,\"valueName\":\"search_term_string\"}}],\"inLanguage\":\"es-MX\"},{\"@type\":\"Organization\",\"@id\":\"https:\\\/\\\/globaltraining.com\\\/#organization\",\"name\":\"Global Safety & Environmental\",\"url\":\"https:\\\/\\\/globaltraining.com\\\/\",\"logo\":{\"@type\":\"ImageObject\",\"inLanguage\":\"es-MX\",\"@id\":\"https:\\\/\\\/globaltraining.com\\\/#\\\/schema\\\/logo\\\/image\\\/\",\"url\":\"https:\\\/\\\/globaltraining.com\\\/wp-content\\\/uploads\\\/2021\\\/01\\\/GSE-Logo-for-email.png\",\"contentUrl\":\"https:\\\/\\\/globaltraining.com\\\/wp-content\\\/uploads\\\/2021\\\/01\\\/GSE-Logo-for-email.png\",\"width\":400,\"height\":101,\"caption\":\"Global Safety & Environmental\"},\"image\":{\"@id\":\"https:\\\/\\\/globaltraining.com\\\/#\\\/schema\\\/logo\\\/image\\\/\"}}]}<\/script>\n<!-- \/ Yoast SEO plugin. -->","yoast_head_json":{"title":"Certificaci\u00f3n de RCP - Seguridad y medio ambiente global","description":"Obtenga su certificaci\u00f3n en RCP y aprenda t\u00e9cnicas para salvar vidas con nuestros cursos integrales. Est\u00e9 preparado para emergencias. \u00a1Inscr\u00edbase hoy!","robots":{"index":"index","follow":"follow","max-snippet":"max-snippet:-1","max-image-preview":"max-image-preview:large","max-video-preview":"max-video-preview:-1"},"canonical":"https:\/\/globaltraining.com\/es\/producto\/certificacion-de-rcp\/","og_locale":"es_MX","og_type":"article","og_title":"CPR Certification - Global Safety &amp; Environmental","og_description":"Get your CPR certification and learn life-saving skills with our comprehensive courses. Be prepared for emergencies. Enroll today!","og_url":"https:\/\/globaltraining.com\/es\/producto\/certificacion-de-rcp\/","og_site_name":"Global Safety &amp; Environmental","article_modified_time":"2024-12-06T18:49:22+00:00","og_image":[{"width":1200,"height":800,"url":"https:\/\/globaltraining.com\/wp-content\/uploads\/2020\/09\/First-Aid-Course-Picture.png","type":"image\/png"}],"twitter_card":"summary_large_image","twitter_misc":{"Est. reading time":"2 minutes"},"schema":{"@context":"https:\/\/schema.org","@graph":[{"@type":"WebPage","@id":"https:\/\/globaltraining.com\/product\/cpr-certification\/","url":"https:\/\/globaltraining.com\/product\/cpr-certification\/","name":"Certificaci\u00f3n de RCP - Seguridad y medio ambiente global","isPartOf":{"@id":"https:\/\/globaltraining.com\/#website"},"primaryImageOfPage":{"@id":"https:\/\/globaltraining.com\/product\/cpr-certification\/#primaryimage"},"image":{"@id":"https:\/\/globaltraining.com\/product\/cpr-certification\/#primaryimage"},"thumbnailUrl":"https:\/\/globaltraining.com\/wp-content\/uploads\/2020\/09\/First-Aid-Course-Picture.png","datePublished":"2023-09-08T16:34:11+00:00","dateModified":"2024-12-06T18:49:22+00:00","description":"Obtenga su certificaci\u00f3n en RCP y aprenda t\u00e9cnicas para salvar vidas con nuestros cursos integrales. Est\u00e9 preparado para emergencias. \u00a1Inscr\u00edbase hoy!","breadcrumb":{"@id":"https:\/\/globaltraining.com\/product\/cpr-certification\/#breadcrumb"},"inLanguage":"es-MX","potentialAction":[{"@type":"ReadAction","target":["https:\/\/globaltraining.com\/product\/cpr-certification\/"]}]},{"@type":"ImageObject","inLanguage":"es-MX","@id":"https:\/\/globaltraining.com\/product\/cpr-certification\/#primaryimage","url":"https:\/\/globaltraining.com\/wp-content\/uploads\/2020\/09\/First-Aid-Course-Picture.png","contentUrl":"https:\/\/globaltraining.com\/wp-content\/uploads\/2020\/09\/First-Aid-Course-Picture.png","width":1200,"height":800,"caption":"CPR Certification"},{"@type":"BreadcrumbList","@id":"https:\/\/globaltraining.com\/product\/cpr-certification\/#breadcrumb","itemListElement":[{"@type":"ListItem","position":1,"name":"Home","item":"https:\/\/globaltraining.com\/"},{"@type":"ListItem","position":2,"name":"Productos","item":"https:\/\/globaltraining.com\/es\/shop\/"},{"@type":"ListItem","position":3,"name":"CPR Certification"}]},{"@type":"WebSite","@id":"https:\/\/globaltraining.com\/#website","url":"https:\/\/globaltraining.com\/","name":"Seguridad y medio ambiente a nivel mundial","description":"Cursos completos de salud, seguridad y medio ambiente","publisher":{"@id":"https:\/\/globaltraining.com\/#organization"},"potentialAction":[{"@type":"SearchAction","target":{"@type":"EntryPoint","urlTemplate":"https:\/\/globaltraining.com\/?s={search_term_string}"},"query-input":{"@type":"PropertyValueSpecification","valueRequired":true,"valueName":"search_term_string"}}],"inLanguage":"es-MX"},{"@type":"Organization","@id":"https:\/\/globaltraining.com\/#organization","name":"Seguridad y medio ambiente a nivel mundial","url":"https:\/\/globaltraining.com\/","logo":{"@type":"ImageObject","inLanguage":"es-MX","@id":"https:\/\/globaltraining.com\/#\/schema\/logo\/image\/","url":"https:\/\/globaltraining.com\/wp-content\/uploads\/2021\/01\/GSE-Logo-for-email.png","contentUrl":"https:\/\/globaltraining.com\/wp-content\/uploads\/2021\/01\/GSE-Logo-for-email.png","width":400,"height":101,"caption":"Global Safety & Environmental"},"image":{"@id":"https:\/\/globaltraining.com\/#\/schema\/logo\/image\/"}}]}},"_links":{"self":[{"href":"https:\/\/globaltraining.com\/es\/wp-json\/wp\/v2\/product\/28485","targetHints":{"allow":["GET"]}}],"collection":[{"href":"https:\/\/globaltraining.com\/es\/wp-json\/wp\/v2\/product"}],"about":[{"href":"https:\/\/globaltraining.com\/es\/wp-json\/wp\/v2\/types\/product"}],"wp:featuredmedia":[{"embeddable":true,"href":"https:\/\/globaltraining.com\/es\/wp-json\/wp\/v2\/media\/27189"}],"wp:attachment":[{"href":"https:\/\/globaltraining.com\/es\/wp-json\/wp\/v2\/media?parent=28485"}],"wp:term":[{"taxonomy":"product_brand","embeddable":true,"href":"https:\/\/globaltraining.com\/es\/wp-json\/wp\/v2\/product_brand?post=28485"},{"taxonomy":"product_cat","embeddable":true,"href":"https:\/\/globaltraining.com\/es\/wp-json\/wp\/v2\/product_cat?post=28485"},{"taxonomy":"product_tag","embeddable":true,"href":"https:\/\/globaltraining.com\/es\/wp-json\/wp\/v2\/product_tag?post=28485"}],"curies":[{"name":"Gracias","href":"https:\/\/api.w.org\/{rel}","templated":true}]}}