{"id":28310,"date":"2023-08-29T16:07:25","date_gmt":"2023-08-29T21:07:25","guid":{"rendered":"https:\/\/globaltraining.com\/?post_type=product&#038;p=28310"},"modified":"2024-12-06T14:06:05","modified_gmt":"2024-12-06T20:06:05","slug":"formacion-de-sensibilizacion-sobre-el-amianto","status":"publish","type":"product","link":"https:\/\/globaltraining.com\/es\/product\/asbestos-awareness-training\/","title":{"rendered":"Capacitaci\u00f3n sobre concientizaci\u00f3n sobre el amianto"},"content":{"rendered":"<h2>Concientizaci\u00f3n sobre el asbesto: protegiendo su salud<\/h2>\n<p>Bienvenido a nuestro completo <strong>formaci\u00f3n de sensibilizaci\u00f3n sobre el amianto<\/strong>. En esta gu\u00eda, exploraremos la importancia de ser conscientes del asbesto, sus posibles riesgos para la salud y c\u00f3mo <strong>Capacitaci\u00f3n de concientizaci\u00f3n sobre el asbesto de OSHA<\/strong> puede empoderarlo para protegerse a s\u00ed mismo y a otros de la exposici\u00f3n a este material peligroso.<\/p>\n<h2>La importancia de la concienciaci\u00f3n sobre el asbesto<\/h2>\n<p><strong>Conciencia sobre el amianto<\/strong> no se trata s\u00f3lo de cumplimiento; se trata de salvaguardar tu salud y la de quienes te rodean. El asbesto, que alguna vez se us\u00f3 ampliamente en la construcci\u00f3n, plantea graves riesgos para la salud cuando sus fibras se liberan al aire y se inhalan. Ser consciente de los materiales que contienen amianto y saber c\u00f3mo manipularlos de forma segura es esencial para prevenir la exposici\u00f3n.<\/p>\n<h2>Comprender los riesgos del asbesto<\/h2>\n<p>Nuestro programa de formaci\u00f3n profundiza en los diversos riesgos asociados a la exposici\u00f3n al amianto, incluidas las enfermedades pulmonares. Obtendr\u00e1 una comprensi\u00f3n clara de c\u00f3mo las fibras de asbesto pueden quedar suspendidas en el aire durante proyectos de renovaci\u00f3n o demolici\u00f3n, poniendo en riesgo a trabajadores y residentes.<\/p>\n<h2>Capacitaci\u00f3n de concientizaci\u00f3n sobre el asbesto de OSHA<\/h2>\n<p>Conforme con <strong>Capacitaci\u00f3n de concientizaci\u00f3n sobre el asbesto de OSHA<\/strong> es crucial para los empleadores y empleados en industrias donde el amianto est\u00e1 presente. Nuestro curso est\u00e1 dise\u00f1ado para cumplir con los estrictos requisitos de OSHA, garantizando que reciba la informaci\u00f3n m\u00e1s actualizada sobre los protocolos de seguridad del asbesto.<\/p>\n<p>Al inscribirte en nuestro programa de capacitaci\u00f3n, aprender\u00e1s c\u00f3mo:<\/p>\n<ul>\n<li>Identificar materiales que contienen asbesto.<\/li>\n<li>Implementar procedimientos adecuados de manipulaci\u00f3n y eliminaci\u00f3n.<\/li>\n<li>Utilizar eficazmente el equipo de protecci\u00f3n personal (EPP)<\/li>\n<li>Reconocer e informar los peligros relacionados con el asbesto.<\/li>\n<\/ul>\n<p>Al finalizar con \u00e9xito, recibir\u00e1 una certificaci\u00f3n que demuestra su compromiso con la seguridad del asbesto y el cumplimiento de las regulaciones de OSHA.<\/p>\n<h2>Prot\u00e9gete a ti mismo y a los dem\u00e1s<\/h2>\n<p>No espere a que llegue una crisis de salud para darse cuenta de la importancia de la concientizaci\u00f3n sobre el amianto. Inscr\u00edbete en nuestro <strong>formaci\u00f3n de sensibilizaci\u00f3n sobre el amianto<\/strong> hoy y convi\u00e9rtase en un defensor proactivo de la seguridad. Prot\u00e9jase a usted mismo, a sus colegas y a sus seres queridos de los peligros ocultos de la exposici\u00f3n al asbesto. Juntos podemos construir un futuro m\u00e1s seguro y saludable.<\/p>","protected":false},"excerpt":{"rendered":"<p>Empod\u00e9rate con nuestra capacitaci\u00f3n NFPA 70E. Comprenda los peligros de los arcos el\u00e9ctricos, promueva la seguridad y obtenga una certificaci\u00f3n que demuestre su compromiso con un lugar de trabajo seguro. \u00danase a nosotros para crear entornos de trabajo m\u00e1s seguros.<\/p>","protected":false},"featured_media":27193,"template":"","meta":{"_et_pb_use_builder":"","_et_pb_old_content":"","_et_gb_content_width":""},"product_brand":[],"product_cat":[174,141,143,156],"product_tag":[],"class_list":{"0":"post-28310","1":"product","2":"type-product","3":"status-publish","4":"has-post-thumbnail","6":"product_cat-environmental","7":"product_cat-hazardous-materials","8":"product_cat-health-and-safety","9":"product_cat-occupational-health-and-safety","11":"first","12":"instock","13":"virtual","14":"purchasable","15":"product-type-simple"},"yoast_head":"<!-- This site is optimized with the Yoast SEO plugin v27.3 - https:\/\/yoast.com\/product\/yoast-seo-wordpress\/ -->\n<title>Asbestos Awareness Training - Global Safety &amp; Environmental<\/title>\n<meta name=\"description\" content=\"Learn asbestos awareness and OSHA compliance with our training. Protect your health and earn certification for safety with our asbestos awareness training.\" \/>\n<meta name=\"robots\" content=\"index, follow, max-snippet:-1, max-image-preview:large, max-video-preview:-1\" \/>\n<link rel=\"canonical\" href=\"https:\/\/globaltraining.com\/es\/producto\/formacion-de-sensibilizacion-sobre-el-amianto\/\" \/>\n<meta property=\"og:locale\" content=\"es_MX\" \/>\n<meta property=\"og:type\" content=\"article\" \/>\n<meta property=\"og:title\" content=\"Asbestos Awareness Training - Global Safety &amp; Environmental\" \/>\n<meta property=\"og:description\" content=\"Learn asbestos awareness and OSHA compliance with our training. Protect your health and earn certification for safety with our asbestos awareness training.\" \/>\n<meta property=\"og:url\" content=\"https:\/\/globaltraining.com\/es\/producto\/formacion-de-sensibilizacion-sobre-el-amianto\/\" \/>\n<meta property=\"og:site_name\" content=\"Global Safety &amp; Environmental\" \/>\n<meta property=\"article:modified_time\" content=\"2024-12-06T20:06:05+00:00\" \/>\n<meta property=\"og:image\" content=\"https:\/\/globaltraining.com\/wp-content\/uploads\/2021\/08\/asbestos.jpg\" \/>\n\t<meta property=\"og:image:width\" content=\"1200\" \/>\n\t<meta property=\"og:image:height\" content=\"800\" \/>\n\t<meta property=\"og:image:type\" content=\"image\/jpeg\" \/>\n<meta name=\"twitter:card\" content=\"summary_large_image\" \/>\n<meta name=\"twitter:label1\" content=\"Est. reading time\" \/>\n\t<meta name=\"twitter:data1\" content=\"2 minutes\" \/>\n<script type=\"application\/ld+json\" class=\"yoast-schema-graph\">{\"@context\":\"https:\\\/\\\/schema.org\",\"@graph\":[{\"@type\":\"WebPage\",\"@id\":\"https:\\\/\\\/globaltraining.com\\\/product\\\/asbestos-awareness-training\\\/\",\"url\":\"https:\\\/\\\/globaltraining.com\\\/product\\\/asbestos-awareness-training\\\/\",\"name\":\"Asbestos Awareness Training - Global Safety &amp; Environmental\",\"isPartOf\":{\"@id\":\"https:\\\/\\\/globaltraining.com\\\/#website\"},\"primaryImageOfPage\":{\"@id\":\"https:\\\/\\\/globaltraining.com\\\/product\\\/asbestos-awareness-training\\\/#primaryimage\"},\"image\":{\"@id\":\"https:\\\/\\\/globaltraining.com\\\/product\\\/asbestos-awareness-training\\\/#primaryimage\"},\"thumbnailUrl\":\"https:\\\/\\\/globaltraining.com\\\/wp-content\\\/uploads\\\/2021\\\/08\\\/asbestos.jpg\",\"datePublished\":\"2023-08-29T21:07:25+00:00\",\"dateModified\":\"2024-12-06T20:06:05+00:00\",\"description\":\"Learn asbestos awareness and OSHA compliance with our training. Protect your health and earn certification for safety with our asbestos awareness training.\",\"breadcrumb\":{\"@id\":\"https:\\\/\\\/globaltraining.com\\\/product\\\/asbestos-awareness-training\\\/#breadcrumb\"},\"inLanguage\":\"es-MX\",\"potentialAction\":[{\"@type\":\"ReadAction\",\"target\":[\"https:\\\/\\\/globaltraining.com\\\/product\\\/asbestos-awareness-training\\\/\"]}]},{\"@type\":\"ImageObject\",\"inLanguage\":\"es-MX\",\"@id\":\"https:\\\/\\\/globaltraining.com\\\/product\\\/asbestos-awareness-training\\\/#primaryimage\",\"url\":\"https:\\\/\\\/globaltraining.com\\\/wp-content\\\/uploads\\\/2021\\\/08\\\/asbestos.jpg\",\"contentUrl\":\"https:\\\/\\\/globaltraining.com\\\/wp-content\\\/uploads\\\/2021\\\/08\\\/asbestos.jpg\",\"width\":1200,\"height\":800,\"caption\":\"Asbestos Awareness training\"},{\"@type\":\"BreadcrumbList\",\"@id\":\"https:\\\/\\\/globaltraining.com\\\/product\\\/asbestos-awareness-training\\\/#breadcrumb\",\"itemListElement\":[{\"@type\":\"ListItem\",\"position\":1,\"name\":\"Home\",\"item\":\"https:\\\/\\\/globaltraining.com\\\/\"},{\"@type\":\"ListItem\",\"position\":2,\"name\":\"Productos\",\"item\":\"https:\\\/\\\/globaltraining.com\\\/es\\\/shop\\\/\"},{\"@type\":\"ListItem\",\"position\":3,\"name\":\"Asbestos Awareness Training\"}]},{\"@type\":\"WebSite\",\"@id\":\"https:\\\/\\\/globaltraining.com\\\/#website\",\"url\":\"https:\\\/\\\/globaltraining.com\\\/\",\"name\":\"Global Safety & Environmental\",\"description\":\"Full Service Health, Safety, and Environmental Courses\",\"publisher\":{\"@id\":\"https:\\\/\\\/globaltraining.com\\\/#organization\"},\"potentialAction\":[{\"@type\":\"SearchAction\",\"target\":{\"@type\":\"EntryPoint\",\"urlTemplate\":\"https:\\\/\\\/globaltraining.com\\\/?s={search_term_string}\"},\"query-input\":{\"@type\":\"PropertyValueSpecification\",\"valueRequired\":true,\"valueName\":\"search_term_string\"}}],\"inLanguage\":\"es-MX\"},{\"@type\":\"Organization\",\"@id\":\"https:\\\/\\\/globaltraining.com\\\/#organization\",\"name\":\"Global Safety & Environmental\",\"url\":\"https:\\\/\\\/globaltraining.com\\\/\",\"logo\":{\"@type\":\"ImageObject\",\"inLanguage\":\"es-MX\",\"@id\":\"https:\\\/\\\/globaltraining.com\\\/#\\\/schema\\\/logo\\\/image\\\/\",\"url\":\"https:\\\/\\\/globaltraining.com\\\/wp-content\\\/uploads\\\/2021\\\/01\\\/GSE-Logo-for-email.png\",\"contentUrl\":\"https:\\\/\\\/globaltraining.com\\\/wp-content\\\/uploads\\\/2021\\\/01\\\/GSE-Logo-for-email.png\",\"width\":400,\"height\":101,\"caption\":\"Global Safety & Environmental\"},\"image\":{\"@id\":\"https:\\\/\\\/globaltraining.com\\\/#\\\/schema\\\/logo\\\/image\\\/\"}}]}<\/script>\n<!-- \/ Yoast SEO plugin. -->","yoast_head_json":{"title":"Capacitaci\u00f3n sobre concienciaci\u00f3n sobre el amianto - Seguridad y medio ambiente a nivel mundial","description":"Aprenda a conocer el amianto y a cumplir con las normas de la OSHA con nuestra capacitaci\u00f3n. Proteja su salud y obtenga la certificaci\u00f3n de seguridad con nuestra capacitaci\u00f3n sobre concientizaci\u00f3n sobre el amianto.","robots":{"index":"index","follow":"follow","max-snippet":"max-snippet:-1","max-image-preview":"max-image-preview:large","max-video-preview":"max-video-preview:-1"},"canonical":"https:\/\/globaltraining.com\/es\/producto\/formacion-de-sensibilizacion-sobre-el-amianto\/","og_locale":"es_MX","og_type":"article","og_title":"Asbestos Awareness Training - Global Safety &amp; Environmental","og_description":"Learn asbestos awareness and OSHA compliance with our training. Protect your health and earn certification for safety with our asbestos awareness training.","og_url":"https:\/\/globaltraining.com\/es\/producto\/formacion-de-sensibilizacion-sobre-el-amianto\/","og_site_name":"Global Safety &amp; Environmental","article_modified_time":"2024-12-06T20:06:05+00:00","og_image":[{"width":1200,"height":800,"url":"https:\/\/globaltraining.com\/wp-content\/uploads\/2021\/08\/asbestos.jpg","type":"image\/jpeg"}],"twitter_card":"summary_large_image","twitter_misc":{"Est. reading time":"2 minutes"},"schema":{"@context":"https:\/\/schema.org","@graph":[{"@type":"WebPage","@id":"https:\/\/globaltraining.com\/product\/asbestos-awareness-training\/","url":"https:\/\/globaltraining.com\/product\/asbestos-awareness-training\/","name":"Capacitaci\u00f3n sobre concienciaci\u00f3n sobre el amianto - Seguridad y medio ambiente a nivel mundial","isPartOf":{"@id":"https:\/\/globaltraining.com\/#website"},"primaryImageOfPage":{"@id":"https:\/\/globaltraining.com\/product\/asbestos-awareness-training\/#primaryimage"},"image":{"@id":"https:\/\/globaltraining.com\/product\/asbestos-awareness-training\/#primaryimage"},"thumbnailUrl":"https:\/\/globaltraining.com\/wp-content\/uploads\/2021\/08\/asbestos.jpg","datePublished":"2023-08-29T21:07:25+00:00","dateModified":"2024-12-06T20:06:05+00:00","description":"Aprenda a conocer el amianto y a cumplir con las normas de la OSHA con nuestra capacitaci\u00f3n. Proteja su salud y obtenga la certificaci\u00f3n de seguridad con nuestra capacitaci\u00f3n sobre concientizaci\u00f3n sobre el amianto.","breadcrumb":{"@id":"https:\/\/globaltraining.com\/product\/asbestos-awareness-training\/#breadcrumb"},"inLanguage":"es-MX","potentialAction":[{"@type":"ReadAction","target":["https:\/\/globaltraining.com\/product\/asbestos-awareness-training\/"]}]},{"@type":"ImageObject","inLanguage":"es-MX","@id":"https:\/\/globaltraining.com\/product\/asbestos-awareness-training\/#primaryimage","url":"https:\/\/globaltraining.com\/wp-content\/uploads\/2021\/08\/asbestos.jpg","contentUrl":"https:\/\/globaltraining.com\/wp-content\/uploads\/2021\/08\/asbestos.jpg","width":1200,"height":800,"caption":"Asbestos Awareness training"},{"@type":"BreadcrumbList","@id":"https:\/\/globaltraining.com\/product\/asbestos-awareness-training\/#breadcrumb","itemListElement":[{"@type":"ListItem","position":1,"name":"Home","item":"https:\/\/globaltraining.com\/"},{"@type":"ListItem","position":2,"name":"Productos","item":"https:\/\/globaltraining.com\/es\/shop\/"},{"@type":"ListItem","position":3,"name":"Asbestos Awareness Training"}]},{"@type":"WebSite","@id":"https:\/\/globaltraining.com\/#website","url":"https:\/\/globaltraining.com\/","name":"Seguridad y medio ambiente a nivel mundial","description":"Cursos completos de salud, seguridad y medio ambiente","publisher":{"@id":"https:\/\/globaltraining.com\/#organization"},"potentialAction":[{"@type":"SearchAction","target":{"@type":"EntryPoint","urlTemplate":"https:\/\/globaltraining.com\/?s={search_term_string}"},"query-input":{"@type":"PropertyValueSpecification","valueRequired":true,"valueName":"search_term_string"}}],"inLanguage":"es-MX"},{"@type":"Organization","@id":"https:\/\/globaltraining.com\/#organization","name":"Seguridad y medio ambiente a nivel mundial","url":"https:\/\/globaltraining.com\/","logo":{"@type":"ImageObject","inLanguage":"es-MX","@id":"https:\/\/globaltraining.com\/#\/schema\/logo\/image\/","url":"https:\/\/globaltraining.com\/wp-content\/uploads\/2021\/01\/GSE-Logo-for-email.png","contentUrl":"https:\/\/globaltraining.com\/wp-content\/uploads\/2021\/01\/GSE-Logo-for-email.png","width":400,"height":101,"caption":"Global Safety & Environmental"},"image":{"@id":"https:\/\/globaltraining.com\/#\/schema\/logo\/image\/"}}]}},"_links":{"self":[{"href":"https:\/\/globaltraining.com\/es\/wp-json\/wp\/v2\/product\/28310","targetHints":{"allow":["GET"]}}],"collection":[{"href":"https:\/\/globaltraining.com\/es\/wp-json\/wp\/v2\/product"}],"about":[{"href":"https:\/\/globaltraining.com\/es\/wp-json\/wp\/v2\/types\/product"}],"wp:featuredmedia":[{"embeddable":true,"href":"https:\/\/globaltraining.com\/es\/wp-json\/wp\/v2\/media\/27193"}],"wp:attachment":[{"href":"https:\/\/globaltraining.com\/es\/wp-json\/wp\/v2\/media?parent=28310"}],"wp:term":[{"taxonomy":"product_brand","embeddable":true,"href":"https:\/\/globaltraining.com\/es\/wp-json\/wp\/v2\/product_brand?post=28310"},{"taxonomy":"product_cat","embeddable":true,"href":"https:\/\/globaltraining.com\/es\/wp-json\/wp\/v2\/product_cat?post=28310"},{"taxonomy":"product_tag","embeddable":true,"href":"https:\/\/globaltraining.com\/es\/wp-json\/wp\/v2\/product_tag?post=28310"}],"curies":[{"name":"Gracias","href":"https:\/\/api.w.org\/{rel}","templated":true}]}}