{"id":28296,"date":"2023-08-29T15:13:05","date_gmt":"2023-08-29T20:13:05","guid":{"rendered":"https:\/\/globaltraining.com\/?post_type=product&#038;p=28296"},"modified":"2024-12-06T14:16:31","modified_gmt":"2024-12-06T20:16:31","slug":"entrenamiento-de-tiradores-activos","status":"publish","type":"product","link":"https:\/\/globaltraining.com\/es\/product\/active-shooter-training\/","title":{"rendered":"Entrenamiento de tirador activo"},"content":{"rendered":"<h2>Entrenamiento de tirador activo: preparar a su equipo para situaciones impensables<\/h2>\n<p>En el incierto mundo actual, la seguridad en el lugar de trabajo es una de las principales preocupaciones para las empresas de todos los tama\u00f1os. Uno de los aspectos m\u00e1s cr\u00edticos para garantizar un entorno de trabajo seguro es preparar a sus empleados para emergencias, incluidas situaciones de tiradores activos. En Global Safety and Environmental, ofrecemos cursos integrales de capacitaci\u00f3n para tiradores activos que equipan a su equipo con el conocimiento y las habilidades necesarias para responder de manera efectiva en situaciones tan impensables.<\/p>\n<h2>La importancia del entrenamiento de tirador activo<\/h2>\n<p>Un incidente con un tirador activo puede ocurrir inesperadamente, dejando poco tiempo para que las personas reaccionen. La capacitaci\u00f3n adecuada es vital para ayudar a los empleados a tomar decisiones cr\u00edticas bajo presi\u00f3n y potencialmente salvar vidas. Nuestro programa de capacitaci\u00f3n para tiradores activos se enfoca en temas esenciales como reconocer se\u00f1ales de advertencia, crear un plan de acci\u00f3n de emergencia, estrategias de comunicaci\u00f3n y ejecutar la respuesta &quot;correr, esconderse, luchar&quot;. Al invertir en esta capacitaci\u00f3n, capacita a su equipo para que est\u00e9 preparado y sea resiliente durante cualquier crisis.<\/p>\n<h2>Ventajas de nuestro curso de formaci\u00f3n de tirador activo<\/h2>\n<p>1. Respuesta r\u00e1pida e informada: Nuestra capacitaci\u00f3n equipa a los participantes con las habilidades para responder de manera r\u00e1pida y efectiva durante una situaci\u00f3n de tirador activo. A trav\u00e9s de ejercicios basados en escenarios, los empleados aprenden a evaluar amenazas, comunicarse con las autoridades y tomar las medidas adecuadas para protegerse a s\u00ed mismos y a los dem\u00e1s.<\/p>\n<p>2. Mentalidad de seguridad: el entrenamiento de tiradores activos no s\u00f3lo prepara a las personas para emergencias sino que tambi\u00e9n inculca una mentalidad de seguridad en sus actividades diarias. Esta mayor conciencia ayuda a prevenir incidentes y garantiza un lugar de trabajo m\u00e1s seguro en general.<\/p>\n<p>3. Cumplimiento normativo: en algunas industrias, la capacitaci\u00f3n de tiradores activos puede ser un requisito legal. Nuestro curso se alinea con las mejores pr\u00e1cticas de la industria y las regulaciones relevantes, lo que garantiza que su organizaci\u00f3n cumpla con todos los est\u00e1ndares de cumplimiento necesarios.<\/p>\n<h2>Gesti\u00f3n de crisis: m\u00e1s all\u00e1 del entrenamiento de tiradores activos<\/h2>\n<p>Si bien la capacitaci\u00f3n de tiradores activos es esencial, la gesti\u00f3n integral de crisis va m\u00e1s all\u00e1 de un solo escenario espec\u00edfico. Nuestra capacitaci\u00f3n en Gesti\u00f3n de Crisis incluye una gama m\u00e1s amplia de situaciones de emergencia, como desastres naturales, emergencias m\u00e9dicas y violaciones de seguridad.<\/p>\n<h2>Beneficios de la formaci\u00f3n en gesti\u00f3n de crisis<\/h2>\n<p>1. Versatilidad en la respuesta a emergencias: la capacitaci\u00f3n en gesti\u00f3n de crisis prepara a los empleados para manejar una amplia gama de emergencias, capacit\u00e1ndolos para adaptar sus habilidades a diferentes situaciones de manera efectiva.<\/p>\n<p>2. Colaboraci\u00f3n en equipo: la capacitaci\u00f3n en gesti\u00f3n de crisis fomenta el trabajo en equipo y la coordinaci\u00f3n, lo que permite a los empleados trabajar juntos sin problemas durante situaciones ca\u00f3ticas.<\/p>\n<p>3. Confianza y resiliencia: con la capacitaci\u00f3n en Gesti\u00f3n de Crisis, su equipo gana la confianza y la resiliencia necesarias para enfrentar desaf\u00edos inesperados con compostura y eficiencia.<\/p>\n<h2>Plan de acci\u00f3n de emergencia: su hoja de ruta hacia la seguridad<\/h2>\n<p>Un Plan de Acci\u00f3n de Emergencia (PAE) eficaz es la base de la preparaci\u00f3n para las crisis. Nuestro servicio de desarrollo de EAP ayuda a su organizaci\u00f3n a crear un plan integral y personalizado que describa protocolos, estrategias de comunicaci\u00f3n y procedimientos de evacuaci\u00f3n.<\/p>\n<h2>El valor de un plan de acci\u00f3n de emergencia<\/h2>\n<p>1. Soluciones personalizadas: nuestros expertos trabajan en estrecha colaboraci\u00f3n con su equipo para crear un EAP que se ajuste a sus necesidades espec\u00edficas y aborde las vulnerabilidades potenciales en su lugar de trabajo.<\/p>\n<p>2. Comunicaci\u00f3n clara: un EAP garantiza que todos en su organizaci\u00f3n comprendan sus funciones y responsabilidades durante una emergencia, minimizando la confusi\u00f3n y promoviendo una respuesta r\u00e1pida.<\/p>\n<p>3. Cumplimiento normativo: muchas agencias reguladoras exigen que las empresas tengan un EAP por escrito. Nuestro servicio garantiza que su organizaci\u00f3n cumpla con todos los est\u00e1ndares de cumplimiento necesarios.<\/p>\n<p>Prepare a su equipo para cualquier crisis con nuestra capacitaci\u00f3n integral sobre tiradores activos, cursos de gesti\u00f3n de crisis y planes de acci\u00f3n de emergencia elaborados por expertos. Invierta hoy en la seguridad y resiliencia de su organizaci\u00f3n. Inscr\u00edbase ahora y equipe a sus empleados con las habilidades esenciales para afrontar emergencias con confianza y proteger su lugar de trabajo de posibles amenazas. Asegure un futuro m\u00e1s seguro para su negocio con las soluciones de capacitaci\u00f3n de Global Safety and Environmental. Act\u00fae ahora y sea proactivo a la hora de salvaguardar sus activos m\u00e1s valiosos: su gente.<\/p>\n<p>Este curso proporciona orientaci\u00f3n a personas, incluidos gerentes y empleados, para que puedan prepararse para responder a una situaci\u00f3n de tirador activo. Este curso no est\u00e1 escrito para agentes del orden, sino para ciudadanos. El material puede proporcionar a los agentes del orden informaci\u00f3n sobre las acciones recomendadas que los empleados deben tomar en caso de que se enfrenten a una situaci\u00f3n de tirador activo.<\/p>","protected":false},"excerpt":{"rendered":"<p>Este curso proporciona orientaci\u00f3n a personas, incluidos gerentes y empleados, para que puedan prepararse para responder a una situaci\u00f3n de tirador activo. Este curso no est\u00e1 escrito para agentes del orden, sino para ciudadanos. El material puede proporcionar a los agentes del orden informaci\u00f3n sobre las acciones recomendadas que los empleados deben tomar en caso de que se enfrenten a una situaci\u00f3n de tirador activo.<\/p>","protected":false},"featured_media":27164,"template":"","meta":{"_et_pb_use_builder":"off","_et_pb_old_content":"","_et_gb_content_width":""},"product_brand":[],"product_cat":[131,163,173],"product_tag":[],"class_list":{"0":"post-28296","1":"product","2":"type-product","3":"status-publish","4":"has-post-thumbnail","6":"product_cat-emergency-preparedness","7":"product_cat-safety-admin","8":"product_cat-workplace-violence","9":"pa_duration-40-minutes","11":"first","12":"instock","13":"virtual","14":"sold-individually","15":"purchasable","16":"product-type-simple"},"yoast_head":"<!-- This site is optimized with the Yoast SEO plugin v27.4 - https:\/\/yoast.com\/product\/yoast-seo-wordpress\/ -->\n<title>Active Shooter Training - Global Safety &amp; Environmental<\/title>\n<meta name=\"description\" content=\"Prepare your team for active shooter situations and other emergencies with our comprehensive training. Enroll now to protect your workplace\" \/>\n<meta name=\"robots\" content=\"index, follow, max-snippet:-1, max-image-preview:large, max-video-preview:-1\" \/>\n<link rel=\"canonical\" href=\"https:\/\/globaltraining.com\/es\/producto\/entrenamiento-de-tiradores-activos\/\" \/>\n<meta property=\"og:locale\" content=\"es_MX\" \/>\n<meta property=\"og:type\" content=\"article\" \/>\n<meta property=\"og:title\" content=\"Active Shooter Training - Global Safety &amp; Environmental\" \/>\n<meta property=\"og:description\" content=\"Prepare your team for active shooter situations and other emergencies with our comprehensive training. Enroll now to protect your workplace\" \/>\n<meta property=\"og:url\" content=\"https:\/\/globaltraining.com\/es\/producto\/entrenamiento-de-tiradores-activos\/\" \/>\n<meta property=\"og:site_name\" content=\"Global Safety &amp; Environmental\" \/>\n<meta property=\"article:modified_time\" content=\"2024-12-06T20:16:31+00:00\" \/>\n<meta property=\"og:image\" content=\"https:\/\/globaltraining.com\/wp-content\/uploads\/2021\/08\/iStock-590150140.jpg\" \/>\n\t<meta property=\"og:image:width\" content=\"1200\" \/>\n\t<meta property=\"og:image:height\" content=\"800\" \/>\n\t<meta property=\"og:image:type\" content=\"image\/jpeg\" \/>\n<meta name=\"twitter:card\" content=\"summary_large_image\" \/>\n<meta name=\"twitter:label1\" content=\"Est. reading time\" \/>\n\t<meta name=\"twitter:data1\" content=\"4 minutes\" \/>\n<script type=\"application\/ld+json\" class=\"yoast-schema-graph\">{\"@context\":\"https:\\\/\\\/schema.org\",\"@graph\":[{\"@type\":\"WebPage\",\"@id\":\"https:\\\/\\\/globaltraining.com\\\/product\\\/active-shooter-training\\\/\",\"url\":\"https:\\\/\\\/globaltraining.com\\\/product\\\/active-shooter-training\\\/\",\"name\":\"Active Shooter Training - Global Safety &amp; Environmental\",\"isPartOf\":{\"@id\":\"https:\\\/\\\/globaltraining.com\\\/#website\"},\"primaryImageOfPage\":{\"@id\":\"https:\\\/\\\/globaltraining.com\\\/product\\\/active-shooter-training\\\/#primaryimage\"},\"image\":{\"@id\":\"https:\\\/\\\/globaltraining.com\\\/product\\\/active-shooter-training\\\/#primaryimage\"},\"thumbnailUrl\":\"https:\\\/\\\/globaltraining.com\\\/wp-content\\\/uploads\\\/2021\\\/08\\\/iStock-590150140.jpg\",\"datePublished\":\"2023-08-29T20:13:05+00:00\",\"dateModified\":\"2024-12-06T20:16:31+00:00\",\"description\":\"Prepare your team for active shooter situations and other emergencies with our comprehensive training. Enroll now to protect your workplace\",\"breadcrumb\":{\"@id\":\"https:\\\/\\\/globaltraining.com\\\/product\\\/active-shooter-training\\\/#breadcrumb\"},\"inLanguage\":\"es-MX\",\"potentialAction\":[{\"@type\":\"ReadAction\",\"target\":[\"https:\\\/\\\/globaltraining.com\\\/product\\\/active-shooter-training\\\/\"]}]},{\"@type\":\"ImageObject\",\"inLanguage\":\"es-MX\",\"@id\":\"https:\\\/\\\/globaltraining.com\\\/product\\\/active-shooter-training\\\/#primaryimage\",\"url\":\"https:\\\/\\\/globaltraining.com\\\/wp-content\\\/uploads\\\/2021\\\/08\\\/iStock-590150140.jpg\",\"contentUrl\":\"https:\\\/\\\/globaltraining.com\\\/wp-content\\\/uploads\\\/2021\\\/08\\\/iStock-590150140.jpg\",\"width\":1200,\"height\":800,\"caption\":\"Active Shooter\"},{\"@type\":\"BreadcrumbList\",\"@id\":\"https:\\\/\\\/globaltraining.com\\\/product\\\/active-shooter-training\\\/#breadcrumb\",\"itemListElement\":[{\"@type\":\"ListItem\",\"position\":1,\"name\":\"Home\",\"item\":\"https:\\\/\\\/globaltraining.com\\\/\"},{\"@type\":\"ListItem\",\"position\":2,\"name\":\"Productos\",\"item\":\"https:\\\/\\\/globaltraining.com\\\/es\\\/shop\\\/\"},{\"@type\":\"ListItem\",\"position\":3,\"name\":\"Active Shooter Training\"}]},{\"@type\":\"WebSite\",\"@id\":\"https:\\\/\\\/globaltraining.com\\\/#website\",\"url\":\"https:\\\/\\\/globaltraining.com\\\/\",\"name\":\"Global Safety & Environmental\",\"description\":\"Full Service Health, Safety, and Environmental Courses\",\"publisher\":{\"@id\":\"https:\\\/\\\/globaltraining.com\\\/#organization\"},\"potentialAction\":[{\"@type\":\"SearchAction\",\"target\":{\"@type\":\"EntryPoint\",\"urlTemplate\":\"https:\\\/\\\/globaltraining.com\\\/?s={search_term_string}\"},\"query-input\":{\"@type\":\"PropertyValueSpecification\",\"valueRequired\":true,\"valueName\":\"search_term_string\"}}],\"inLanguage\":\"es-MX\"},{\"@type\":\"Organization\",\"@id\":\"https:\\\/\\\/globaltraining.com\\\/#organization\",\"name\":\"Global Safety & Environmental\",\"url\":\"https:\\\/\\\/globaltraining.com\\\/\",\"logo\":{\"@type\":\"ImageObject\",\"inLanguage\":\"es-MX\",\"@id\":\"https:\\\/\\\/globaltraining.com\\\/#\\\/schema\\\/logo\\\/image\\\/\",\"url\":\"https:\\\/\\\/globaltraining.com\\\/wp-content\\\/uploads\\\/2021\\\/01\\\/GSE-Logo-for-email.png\",\"contentUrl\":\"https:\\\/\\\/globaltraining.com\\\/wp-content\\\/uploads\\\/2021\\\/01\\\/GSE-Logo-for-email.png\",\"width\":400,\"height\":101,\"caption\":\"Global Safety & Environmental\"},\"image\":{\"@id\":\"https:\\\/\\\/globaltraining.com\\\/#\\\/schema\\\/logo\\\/image\\\/\"}}]}<\/script>\n<!-- \/ Yoast SEO plugin. -->","yoast_head_json":{"title":"Capacitaci\u00f3n sobre tiradores activos - Seguridad y medio ambiente global","description":"Prepare a su equipo para situaciones de tiradores activos y otras emergencias con nuestra capacitaci\u00f3n integral. Inscr\u00edbase ahora para proteger su lugar de trabajo","robots":{"index":"index","follow":"follow","max-snippet":"max-snippet:-1","max-image-preview":"max-image-preview:large","max-video-preview":"max-video-preview:-1"},"canonical":"https:\/\/globaltraining.com\/es\/producto\/entrenamiento-de-tiradores-activos\/","og_locale":"es_MX","og_type":"article","og_title":"Active Shooter Training - Global Safety &amp; Environmental","og_description":"Prepare your team for active shooter situations and other emergencies with our comprehensive training. Enroll now to protect your workplace","og_url":"https:\/\/globaltraining.com\/es\/producto\/entrenamiento-de-tiradores-activos\/","og_site_name":"Global Safety &amp; Environmental","article_modified_time":"2024-12-06T20:16:31+00:00","og_image":[{"width":1200,"height":800,"url":"https:\/\/globaltraining.com\/wp-content\/uploads\/2021\/08\/iStock-590150140.jpg","type":"image\/jpeg"}],"twitter_card":"summary_large_image","twitter_misc":{"Est. reading time":"4 minutes"},"schema":{"@context":"https:\/\/schema.org","@graph":[{"@type":"WebPage","@id":"https:\/\/globaltraining.com\/product\/active-shooter-training\/","url":"https:\/\/globaltraining.com\/product\/active-shooter-training\/","name":"Capacitaci\u00f3n sobre tiradores activos - Seguridad y medio ambiente global","isPartOf":{"@id":"https:\/\/globaltraining.com\/#website"},"primaryImageOfPage":{"@id":"https:\/\/globaltraining.com\/product\/active-shooter-training\/#primaryimage"},"image":{"@id":"https:\/\/globaltraining.com\/product\/active-shooter-training\/#primaryimage"},"thumbnailUrl":"https:\/\/globaltraining.com\/wp-content\/uploads\/2021\/08\/iStock-590150140.jpg","datePublished":"2023-08-29T20:13:05+00:00","dateModified":"2024-12-06T20:16:31+00:00","description":"Prepare a su equipo para situaciones de tiradores activos y otras emergencias con nuestra capacitaci\u00f3n integral. Inscr\u00edbase ahora para proteger su lugar de trabajo","breadcrumb":{"@id":"https:\/\/globaltraining.com\/product\/active-shooter-training\/#breadcrumb"},"inLanguage":"es-MX","potentialAction":[{"@type":"ReadAction","target":["https:\/\/globaltraining.com\/product\/active-shooter-training\/"]}]},{"@type":"ImageObject","inLanguage":"es-MX","@id":"https:\/\/globaltraining.com\/product\/active-shooter-training\/#primaryimage","url":"https:\/\/globaltraining.com\/wp-content\/uploads\/2021\/08\/iStock-590150140.jpg","contentUrl":"https:\/\/globaltraining.com\/wp-content\/uploads\/2021\/08\/iStock-590150140.jpg","width":1200,"height":800,"caption":"Active Shooter"},{"@type":"BreadcrumbList","@id":"https:\/\/globaltraining.com\/product\/active-shooter-training\/#breadcrumb","itemListElement":[{"@type":"ListItem","position":1,"name":"Home","item":"https:\/\/globaltraining.com\/"},{"@type":"ListItem","position":2,"name":"Productos","item":"https:\/\/globaltraining.com\/es\/shop\/"},{"@type":"ListItem","position":3,"name":"Active Shooter Training"}]},{"@type":"WebSite","@id":"https:\/\/globaltraining.com\/#website","url":"https:\/\/globaltraining.com\/","name":"Seguridad y medio ambiente a nivel mundial","description":"Cursos completos de salud, seguridad y medio ambiente","publisher":{"@id":"https:\/\/globaltraining.com\/#organization"},"potentialAction":[{"@type":"SearchAction","target":{"@type":"EntryPoint","urlTemplate":"https:\/\/globaltraining.com\/?s={search_term_string}"},"query-input":{"@type":"PropertyValueSpecification","valueRequired":true,"valueName":"search_term_string"}}],"inLanguage":"es-MX"},{"@type":"Organization","@id":"https:\/\/globaltraining.com\/#organization","name":"Seguridad y medio ambiente a nivel mundial","url":"https:\/\/globaltraining.com\/","logo":{"@type":"ImageObject","inLanguage":"es-MX","@id":"https:\/\/globaltraining.com\/#\/schema\/logo\/image\/","url":"https:\/\/globaltraining.com\/wp-content\/uploads\/2021\/01\/GSE-Logo-for-email.png","contentUrl":"https:\/\/globaltraining.com\/wp-content\/uploads\/2021\/01\/GSE-Logo-for-email.png","width":400,"height":101,"caption":"Global Safety & Environmental"},"image":{"@id":"https:\/\/globaltraining.com\/#\/schema\/logo\/image\/"}}]}},"_links":{"self":[{"href":"https:\/\/globaltraining.com\/es\/wp-json\/wp\/v2\/product\/28296","targetHints":{"allow":["GET"]}}],"collection":[{"href":"https:\/\/globaltraining.com\/es\/wp-json\/wp\/v2\/product"}],"about":[{"href":"https:\/\/globaltraining.com\/es\/wp-json\/wp\/v2\/types\/product"}],"wp:featuredmedia":[{"embeddable":true,"href":"https:\/\/globaltraining.com\/es\/wp-json\/wp\/v2\/media\/27164"}],"wp:attachment":[{"href":"https:\/\/globaltraining.com\/es\/wp-json\/wp\/v2\/media?parent=28296"}],"wp:term":[{"taxonomy":"product_brand","embeddable":true,"href":"https:\/\/globaltraining.com\/es\/wp-json\/wp\/v2\/product_brand?post=28296"},{"taxonomy":"product_cat","embeddable":true,"href":"https:\/\/globaltraining.com\/es\/wp-json\/wp\/v2\/product_cat?post=28296"},{"taxonomy":"product_tag","embeddable":true,"href":"https:\/\/globaltraining.com\/es\/wp-json\/wp\/v2\/product_tag?post=28296"}],"curies":[{"name":"Gracias","href":"https:\/\/api.w.org\/{rel}","templated":true}]}}